{"id":4458,"date":"2022-04-16T10:39:45","date_gmt":"2022-04-16T10:39:45","guid":{"rendered":"https:\/\/deepdrop.es\/gotero-riego\/deepdrop-autocompensador-8-l-h-desmontado\/"},"modified":"2025-01-21T10:16:45","modified_gmt":"2025-01-21T10:16:45","slug":"auto-compensador-8-l-h","status":"publish","type":"product","link":"https:\/\/deepdrop.es\/pt-pt\/gotero-riego\/auto-compensador-8-l-h\/","title":{"rendered":"DeepDrop\u00ae Autocompensador 8 L\/H &#8211; DESMONTADO"},"content":{"rendered":"<p><strong><em>DeepDrop\u00ae \u00e9 um sistema ecol\u00f3gico de rega gota-a-gota subterr\u00e2nea que leva a \u00e1gua diretamente \u00e0 raiz da planta de uma forma totalmente automatizada, aproveitando ao m\u00e1ximo cada gota de \u00e1gua utilizada na rega.<\/em><\/strong><\/p>\n<p><strong>Especifica\u00e7\u00f5es:<\/strong><\/p>\n<ul>\n<li>Press\u00e3o de trabalho de 0,5 a 4,0 bar.<\/li>\n<li>Caudal 8L\/H.<\/li>\n<li>Profundidade de rega de 10cm a 40cm.<\/li>\n<li>Em conformidade com a norma ISO 9261.<\/li>\n<\/ul>\n<p><strong>Inclui:<\/strong><\/p>\n<ul>\n<li>Tubo de baixa densidade PE 37 \u00d816mm. Comprimento: 25 cm.<\/li>\n<li>Tubo de baixa densidade PE 32 \u00d812mm. Comprimento: 5 a 7 cm.<\/li>\n<li>Microtubos 4,5*6,5. Comprimento: 30 cm.<\/li>\n<li>C\u00e1psula transparente DeepDrop\u00ae.<\/li>\n<li>Base da c\u00e1psula DeepDrop\u00ae.<\/li>\n<li>Base circular flex\u00edvel DeepDrop\u00ae.<\/li>\n<li>Gotejador auto-compensador.<\/li>\n<li>DeepDrop\u00ae pronto a ser montado, uma amostra montada e um guia de montagem com um c\u00f3digo QR e um v\u00eddeo explicativo.<\/li>\n<\/ul>\n<p><span  class=\" OP\" onclick=\"ljo_open('https:\/\/deepdrop.es\/wp-content\/uploads\/2022\/04\/Informacion-DeepDrop.pdf', 'new');\"><strong>Especifica\u00e7\u00f5es t\u00e9cnicas<\/strong><\/span><\/p>\n<p><span  class=\" OP\" onclick=\"ljo_open('https:\/\/deepdrop.es\/sistema-riego\/', '');\">Como funciona a DeepDrop<\/span><\/p>\n<p><span  class=\" OP\" onclick=\"ljo_open('https:\/\/youtu.be\/D6C_9zalxqM', 'new');\">V\u00eddeo de funcionamento do DeepDrop<\/span><\/p>\n","protected":false},"excerpt":{"rendered":"<p><span style=\"font-size: 110%;\"><em>Sistema de rega subterr\u00e2nea <span style=\"color: #00ccff;\"><strong>COMPLETO<\/strong> <strong>desmontado<\/strong><\/span>incluindo <span style=\"color: #00ccff;\"><strong>Gotejador Netafim<\/strong> <\/span>gotejador auto-compensador de <span style=\"color: #00ccff;\"><strong>8L\/H.<\/strong><\/span><\/em><\/span><\/p>\n","protected":false},"featured_media":4679,"comment_status":"closed","ping_status":"closed","template":"","meta":{"content-type":"","inline_featured_image":false,"_joinchat":[]},"product_brand":[],"product_cat":[110],"product_tag":[],"class_list":{"0":"post-4458","1":"product","2":"type-product","3":"status-publish","4":"has-post-thumbnail","6":"product_cat-deepdrop-pt-pt","8":"first","9":"instock","10":"taxable","11":"shipping-taxable","12":"purchasable","13":"product-type-simple"},"tiered_pricing_type":"fixed","tiered_pricing_fixed_rules":{"50":"1.60","100":"1.35","250":"1.20"},"tiered_pricing_product_settings":{"layout":"default","base_unit_name":{"singular":null,"plural":null},"default_variation":null},"tiered_pricing_minimum_quantity":25,"tiered_pricing_roles_data":[],"tiered_pricing_percentage_rules":[],"tiered_pricing_maximum_quantity":null,"tiered_pricing_quantity_step":"25","_links":{"self":[{"href":"https:\/\/deepdrop.es\/pt-pt\/wp-json\/wp\/v2\/product\/4458","targetHints":{"allow":["GET"]}}],"collection":[{"href":"https:\/\/deepdrop.es\/pt-pt\/wp-json\/wp\/v2\/product"}],"about":[{"href":"https:\/\/deepdrop.es\/pt-pt\/wp-json\/wp\/v2\/types\/product"}],"replies":[{"embeddable":true,"href":"https:\/\/deepdrop.es\/pt-pt\/wp-json\/wp\/v2\/comments?post=4458"}],"wp:featuredmedia":[{"embeddable":true,"href":"https:\/\/deepdrop.es\/pt-pt\/wp-json\/wp\/v2\/media\/4679"}],"wp:attachment":[{"href":"https:\/\/deepdrop.es\/pt-pt\/wp-json\/wp\/v2\/media?parent=4458"}],"wp:term":[{"taxonomy":"product_brand","embeddable":true,"href":"https:\/\/deepdrop.es\/pt-pt\/wp-json\/wp\/v2\/product_brand?post=4458"},{"taxonomy":"product_cat","embeddable":true,"href":"https:\/\/deepdrop.es\/pt-pt\/wp-json\/wp\/v2\/product_cat?post=4458"},{"taxonomy":"product_tag","embeddable":true,"href":"https:\/\/deepdrop.es\/pt-pt\/wp-json\/wp\/v2\/product_tag?post=4458"}],"curies":[{"name":"wp","href":"https:\/\/api.w.org\/{rel}","templated":true}]}}