{"id":4445,"date":"2023-04-20T09:11:02","date_gmt":"2023-04-20T09:11:02","guid":{"rendered":"https:\/\/deepdrop.es\/gotero-riego\/deepdrop-autocompensador-4-l-h-montado\/"},"modified":"2024-07-31T14:14:55","modified_gmt":"2024-07-31T14:14:55","slug":"deepdrop-self-compensating-4-l-h-assembled","status":"publish","type":"product","link":"https:\/\/deepdrop.es\/pt-pt\/gotero-riego\/deepdrop-self-compensating-4-l-h-assembled\/","title":{"rendered":"DeepDrop\u00ae Autocompensador 4 L\/H &#8211; MONTADO"},"content":{"rendered":"<p><strong><em>DeepDrop\u00ae \u00e9 um sistema ecol\u00f3gico de rega gota-a-gota subterr\u00e2nea que leva a \u00e1gua diretamente \u00e0 raiz da planta de uma forma totalmente automatizada, aproveitando ao m\u00e1ximo cada gota de \u00e1gua utilizada na rega.<\/em><\/strong><\/p>\n<p><strong>Especifica\u00e7\u00f5es:<\/strong><\/p>\n<ul>\n<li>Press\u00e3o de trabalho de 0,5 a 4,0 bar.<\/li>\n<li>Caudal de 4 L\/H.<\/li>\n<li>Profundidade de rega de 10cm a 40cm.<\/li>\n<li>Em conformidade com a norma ISO 9261.<\/li>\n<\/ul>\n<p><strong>Inclui:<\/strong><\/p>\n<ul>\n<li>Tubo de baixa densidade PE 37 \u00d816mm. Comprimento: 25 cm.<\/li>\n<li>Tubo de baixa densidade PE 32 \u00d812mm. Comprimento: 5 a 7 cm.<\/li>\n<li>Microtubos 4,5*6,5. Comprimento: 30 cm.<\/li>\n<li>C\u00e1psula transparente DeepDrop\u00ae.<\/li>\n<li>Base da c\u00e1psula DeepDrop\u00ae.<\/li>\n<li>Base circular flex\u00edvel DeepDrop\u00ae.<\/li>\n<li>Gotejador auto-compensador.<\/li>\n<li>DeepDrop\u00ae montado pronto para instala\u00e7\u00e3o.<\/li>\n<\/ul>\n<p><span style=\"color: #00aae7;\"><span style=\"color: #00aae7;\" class=\" OP\" onclick=\"ljo_open('https:\/\/deepdrop.es\/wp-content\/uploads\/2022\/04\/Informacion-DeepDrop.pdf', 'new');\"><strong>Especifica\u00e7\u00f5es t\u00e9cnicas<\/strong><\/span><\/span><\/p>\n<p><span style=\"background-color: #ffffff; color: #00aae7;\"><span style=\"background-color: #ffffff; color: #00aae7;\" class=\" OP\" onclick=\"ljo_open('https:\/\/deepdrop.es\/sistema-riego\/', '');\">Como funciona a DeepDrop<\/span><\/span><\/p>\n<p><span style=\"background-color: #ffffff; color: #00aae7;\"><span style=\"background-color: #ffffff; color: #00aae7;\" class=\" OP\" onclick=\"ljo_open('https:\/\/youtu.be\/D6C_9zalxqM', 'new');\">V\u00eddeo de funcionamento do DeepDrop<\/span><\/span><\/p>\n","protected":false},"excerpt":{"rendered":"<p><em><span style=\"font-size: 110%;\">Sistema de rega subterr\u00e2neo <span style=\"color: #00aae7;\"><strong>COMPLETO pronto a instalar,<\/strong><\/span> incluindo gotejador autocompensante <span style=\"color: #00aae7;\"><strong>Netafim 4L\/H.<\/strong><\/span><\/span><\/em><\/p>\n","protected":false},"featured_media":4659,"comment_status":"closed","ping_status":"closed","template":"","meta":{"content-type":"","inline_featured_image":false,"_joinchat":[]},"product_brand":[],"product_cat":[110],"product_tag":[],"class_list":{"0":"post-4445","1":"product","2":"type-product","3":"status-publish","4":"has-post-thumbnail","6":"product_cat-deepdrop-pt-pt","8":"first","9":"instock","10":"taxable","11":"shipping-taxable","12":"purchasable","13":"product-type-simple"},"tiered_pricing_type":"fixed","tiered_pricing_fixed_rules":{"50":"1.80","150":"1.40"},"tiered_pricing_product_settings":{"layout":"default","base_unit_name":{"singular":null,"plural":null},"default_variation":null},"tiered_pricing_minimum_quantity":25,"tiered_pricing_roles_data":[],"tiered_pricing_percentage_rules":[],"tiered_pricing_maximum_quantity":null,"tiered_pricing_quantity_step":"25","_links":{"self":[{"href":"https:\/\/deepdrop.es\/pt-pt\/wp-json\/wp\/v2\/product\/4445","targetHints":{"allow":["GET"]}}],"collection":[{"href":"https:\/\/deepdrop.es\/pt-pt\/wp-json\/wp\/v2\/product"}],"about":[{"href":"https:\/\/deepdrop.es\/pt-pt\/wp-json\/wp\/v2\/types\/product"}],"replies":[{"embeddable":true,"href":"https:\/\/deepdrop.es\/pt-pt\/wp-json\/wp\/v2\/comments?post=4445"}],"wp:featuredmedia":[{"embeddable":true,"href":"https:\/\/deepdrop.es\/pt-pt\/wp-json\/wp\/v2\/media\/4659"}],"wp:attachment":[{"href":"https:\/\/deepdrop.es\/pt-pt\/wp-json\/wp\/v2\/media?parent=4445"}],"wp:term":[{"taxonomy":"product_brand","embeddable":true,"href":"https:\/\/deepdrop.es\/pt-pt\/wp-json\/wp\/v2\/product_brand?post=4445"},{"taxonomy":"product_cat","embeddable":true,"href":"https:\/\/deepdrop.es\/pt-pt\/wp-json\/wp\/v2\/product_cat?post=4445"},{"taxonomy":"product_tag","embeddable":true,"href":"https:\/\/deepdrop.es\/pt-pt\/wp-json\/wp\/v2\/product_tag?post=4445"}],"curies":[{"name":"wp","href":"https:\/\/api.w.org\/{rel}","templated":true}]}}