{"id":11045,"date":"2023-05-08T10:58:12","date_gmt":"2023-05-08T10:58:12","guid":{"rendered":"https:\/\/deepdrop.es\/gotero-riego\/furador-de-3-mm\/"},"modified":"2023-05-08T10:58:12","modified_gmt":"2023-05-08T10:58:12","slug":"furador-de-3-mm","status":"publish","type":"product","link":"https:\/\/deepdrop.es\/pt-pt\/gotero-riego\/furador-de-3-mm\/","title":{"rendered":"Furador de 3 mm"},"content":{"rendered":"<p>Pun\u00e7\u00e3o com ejetor e pega de pl\u00e1stico antiderrapante.<\/p>\n<p>Permite que sejam feitos furos no tubo onde as DeepDrops ser\u00e3o instaladas.<\/p>\n<i class=\"fas fa-info-circle\"><\/i> Recomendamos a utiliza\u00e7\u00e3o de uma broca de 3 mm para garantir que o acoplamento no tubo encaixa perfeitamente e que n\u00e3o ocorrem fugas de \u00e1gua.<\/p>\n\t<div id=\"gap-460581864\" class=\"gap-element clearfix\" style=\"display:block; height:auto;\">\n\t\t\n<style>\n#gap-460581864 {\n  padding-top: 60px;\n}\n<\/style>\n\t<\/div>\n\t\n","protected":false},"excerpt":{"rendered":"<p>Broca com ejetor e pega de pl\u00e1stico antideslizante que permite fazer furos no tubo onde ser\u00e3o colocadas as DeepDrops.<\/p>\n","protected":false},"featured_media":4936,"comment_status":"closed","ping_status":"closed","template":"","meta":{"content-type":"","inline_featured_image":false,"_joinchat":[]},"product_brand":[],"product_cat":[221],"product_tag":[],"class_list":{"0":"post-11045","1":"product","2":"type-product","3":"status-publish","4":"has-post-thumbnail","6":"product_cat-acessorios","8":"first","9":"instock","10":"taxable","11":"shipping-taxable","12":"purchasable","13":"product-type-simple"},"tiered_pricing_type":"fixed","tiered_pricing_fixed_rules":[],"tiered_pricing_product_settings":{"layout":"default","base_unit_name":{"singular":null,"plural":null},"default_variation":null},"tiered_pricing_minimum_quantity":null,"tiered_pricing_roles_data":[],"tiered_pricing_percentage_rules":[],"tiered_pricing_maximum_quantity":null,"tiered_pricing_quantity_step":null,"_links":{"self":[{"href":"https:\/\/deepdrop.es\/pt-pt\/wp-json\/wp\/v2\/product\/11045","targetHints":{"allow":["GET"]}}],"collection":[{"href":"https:\/\/deepdrop.es\/pt-pt\/wp-json\/wp\/v2\/product"}],"about":[{"href":"https:\/\/deepdrop.es\/pt-pt\/wp-json\/wp\/v2\/types\/product"}],"replies":[{"embeddable":true,"href":"https:\/\/deepdrop.es\/pt-pt\/wp-json\/wp\/v2\/comments?post=11045"}],"wp:featuredmedia":[{"embeddable":true,"href":"https:\/\/deepdrop.es\/pt-pt\/wp-json\/wp\/v2\/media\/4936"}],"wp:attachment":[{"href":"https:\/\/deepdrop.es\/pt-pt\/wp-json\/wp\/v2\/media?parent=11045"}],"wp:term":[{"taxonomy":"product_brand","embeddable":true,"href":"https:\/\/deepdrop.es\/pt-pt\/wp-json\/wp\/v2\/product_brand?post=11045"},{"taxonomy":"product_cat","embeddable":true,"href":"https:\/\/deepdrop.es\/pt-pt\/wp-json\/wp\/v2\/product_cat?post=11045"},{"taxonomy":"product_tag","embeddable":true,"href":"https:\/\/deepdrop.es\/pt-pt\/wp-json\/wp\/v2\/product_tag?post=11045"}],"curies":[{"name":"wp","href":"https:\/\/api.w.org\/{rel}","templated":true}]}}