{"id":11038,"date":"2024-12-10T07:35:36","date_gmt":"2024-12-10T07:35:36","guid":{"rendered":"https:\/\/deepdrop.es\/gotero-riego\/deepdrop-integrado-o16mm\/"},"modified":"2025-02-04T07:53:44","modified_gmt":"2025-02-04T07:53:44","slug":"deepdrop-integrado-o16mm","status":"publish","type":"product","link":"https:\/\/deepdrop.es\/pt-pt\/gotero-riego\/deepdrop-integrado-o16mm\/","title":{"rendered":"DeepDrop\u00ae Integrado \u00d816mm"},"content":{"rendered":"<p><strong><em>O DeepDrop\u00ae Integrated \u00e9 um sistema de rega subterr\u00e2nea por gotejamento amigo do ambiente que fornece \u00e1gua diretamente \u00e0 raiz da planta de uma forma totalmente automatizada, aproveitando ao m\u00e1ximo cada gota de \u00e1gua utilizada na rega.<\/em><\/strong><\/p>\n<p class=\"cvGsUA direction-ltr align-justify para-style-body\"><strong><span class=\"OYPEnA font-feature-liga-off font-feature-clig-off font-feature-calt-off text-decoration-none text-strikethrough-none\">Sistema DeepDrop <\/span><span class=\"OYPEnA font-feature-liga-off font-feature-clig-off font-feature-calt-off text-decoration-none text-strikethrough-none\">Integrado<\/span><\/strong> <span class=\"OYPEnA font-feature-liga-off font-feature-clig-off font-feature-calt-off text-decoration-none text-strikethrough-none\">adapta-se a tubos com <\/span><strong><span class=\"OYPEnA font-feature-liga-off font-feature-clig-off font-feature-calt-off text-decoration-none text-strikethrough-none\">com gotejadores integrados de 16 mm<\/span><\/strong><span class=\"OYPEnA font-feature-liga-off font-feature-clig-off font-feature-calt-off text-decoration-none text-strikethrough-none\"> adaptando-se ao teu sistema de rega atual.<\/span><\/p>\n<p><span class=\"OYPEnA font-feature-liga-off font-feature-clig-off font-feature-calt-off text-decoration-none text-strikethrough-none\">O Sistema DeepDrop\u00ae \u00e9 o sistema de rega subsuperficial mais eficiente do mercado, atrav\u00e9s do controlo visual atrav\u00e9s da c\u00e1psula <\/span><span class=\"OYPEnA font-feature-liga-off font-feature-clig-off font-feature-calt-off text-decoration-none text-strikethrough-none\">controlo visual atrav\u00e9s da c\u00e1psula<\/span><span class=\"OYPEnA font-feature-liga-off font-feature-clig-off font-feature-calt-off text-decoration-none text-strikethrough-none\">Atrav\u00e9s do controlo visual atrav\u00e9s da c\u00e1psula, podemos controlar o seu correto funcionamento a partir da superf\u00edcie, evitando qualquer tipo de fuga ou entupimento, com todas as vantagens de um sistema de rega subterr\u00e2neo.<\/span><\/p>\n<p><strong>Especifica\u00e7\u00f5es:<\/strong><\/p>\n<ul>\n<li>Press\u00e3o de trabalho de 0,5 a 4,0 bar.<\/li>\n<li>Profundidade de rega de 10cm a 40cm.<\/li>\n<li>Em conformidade com a norma ISO 9261.<\/li>\n<\/ul>\n<p><strong>Inclui:<\/strong><\/p>\n<ul>\n<li>Tubo de baixa densidade PE 37 \u00d816mm. Comprimento: 25 cm.<\/li>\n<li>C\u00e1psula transparente DeepDrop\u00ae.<\/li>\n<li>Base da c\u00e1psula DeepDrop\u00ae.<\/li>\n<\/ul>\n<p><span style=\"color: #00aae7;\"><span style=\"color: #00aae7;\" class=\" OP\" onclick=\"ljo_open('https:\/\/deepdrop.es\/wp-content\/uploads\/2024\/12\/DeepDrop-Integrado-Ficha-tecnica.pdf', 'new');\"><strong>Especifica\u00e7\u00f5es t\u00e9cnicas<\/strong><\/span><\/span><\/p>\n<p><span style=\"background-color: #ffffff; color: #00aae7;\"><span style=\"background-color: #ffffff; color: #00aae7;\" class=\" OP\" onclick=\"ljo_open('https:\/\/deepdrop.es\/sistema-riego\/', '');\">Como funciona a DeepDrop<\/span><\/span><\/p>\n<p><span style=\"background-color: #ffffff; color: #00aae7;\"><span style=\"background-color: #ffffff; color: #00aae7;\" class=\" OP\" onclick=\"ljo_open('https:\/\/youtu.be\/YC67rA6PdCk?si=AZx-T2PsHb_PpZFi', 'new');\">V\u00eddeo de coloca\u00e7\u00e3o do DeepDrop\u00ae integrado<\/span><\/span><\/p>\n","protected":false},"excerpt":{"rendered":"<p><span style=\"font-size: 110%;\"><em>Sistema de rega subterr\u00e2nea <span style=\"color: #33cccc;\"><b><span style=\"color: #92cbd7;\">INTEGRATED<\/span> &#8211; <span style=\"color: #92cbd7;\">para tubagem com gotejador integrado \u00d8 16 mm<br \/>\n<\/span><\/b><\/span><\/em><\/span><\/p>\n<p>Inclui:<\/p>\n<ul>\n<li>Tubo de baixa densidade PE 37 \u00d816mm. Comprimento: 25 cm.<\/li>\n<li>C\u00e1psula transparente DeepDrop\u00ae.<\/li>\n<li>Base da c\u00e1psula DeepDrop\u00ae.<\/li>\n<\/ul>\n<p>&nbsp;<\/p>\n","protected":false},"featured_media":8306,"comment_status":"closed","ping_status":"closed","template":"","meta":{"content-type":"","inline_featured_image":false,"_joinchat":[]},"product_brand":[],"product_cat":[110],"product_tag":[],"class_list":{"0":"post-11038","1":"product","2":"type-product","3":"status-publish","4":"has-post-thumbnail","6":"product_cat-deepdrop-pt-pt","8":"first","9":"instock","10":"taxable","11":"shipping-taxable","12":"purchasable","13":"product-type-simple"},"tiered_pricing_type":"fixed","tiered_pricing_fixed_rules":{"350":"0.65"},"tiered_pricing_product_settings":{"layout":"default","base_unit_name":{"singular":null,"plural":null},"default_variation":null},"tiered_pricing_minimum_quantity":150,"tiered_pricing_roles_data":[],"tiered_pricing_percentage_rules":[],"tiered_pricing_maximum_quantity":null,"tiered_pricing_quantity_step":null,"_links":{"self":[{"href":"https:\/\/deepdrop.es\/pt-pt\/wp-json\/wp\/v2\/product\/11038","targetHints":{"allow":["GET"]}}],"collection":[{"href":"https:\/\/deepdrop.es\/pt-pt\/wp-json\/wp\/v2\/product"}],"about":[{"href":"https:\/\/deepdrop.es\/pt-pt\/wp-json\/wp\/v2\/types\/product"}],"replies":[{"embeddable":true,"href":"https:\/\/deepdrop.es\/pt-pt\/wp-json\/wp\/v2\/comments?post=11038"}],"wp:featuredmedia":[{"embeddable":true,"href":"https:\/\/deepdrop.es\/pt-pt\/wp-json\/wp\/v2\/media\/8306"}],"wp:attachment":[{"href":"https:\/\/deepdrop.es\/pt-pt\/wp-json\/wp\/v2\/media?parent=11038"}],"wp:term":[{"taxonomy":"product_brand","embeddable":true,"href":"https:\/\/deepdrop.es\/pt-pt\/wp-json\/wp\/v2\/product_brand?post=11038"},{"taxonomy":"product_cat","embeddable":true,"href":"https:\/\/deepdrop.es\/pt-pt\/wp-json\/wp\/v2\/product_cat?post=11038"},{"taxonomy":"product_tag","embeddable":true,"href":"https:\/\/deepdrop.es\/pt-pt\/wp-json\/wp\/v2\/product_tag?post=11038"}],"curies":[{"name":"wp","href":"https:\/\/api.w.org\/{rel}","templated":true}]}}