{"id":10968,"date":"2024-07-09T08:05:26","date_gmt":"2024-07-09T08:05:26","guid":{"rendered":"https:\/\/deepdrop.es\/sistema-de-rega-gota-a-gota\/"},"modified":"2025-01-20T09:27:06","modified_gmt":"2025-01-20T09:27:06","slug":"sistema-de-rega-gota-a-gota","status":"publish","type":"page","link":"https:\/\/deepdrop.es\/pt-pt\/sistema-de-rega-gota-a-gota\/","title":{"rendered":"Sistema de rega gota a gota"},"content":{"rendered":"\n\t<section class=\"section dark\" id=\"section_1055486030\">\n\t\t<div class=\"section-bg fill\" >\n\t\t\t<img decoding=\"async\" width=\"1600\" height=\"653\" src=\"https:\/\/deepdrop.es\/wp-content\/uploads\/2022\/12\/NARANJO.png\" class=\"bg attachment-original size-original\" alt=\"\" \/>\t\t\t\t\t\t<div class=\"section-bg-overlay absolute fill\"><\/div>\n\t\t\t\n\t<div class=\"is-border\"\n\t\tstyle=\"border-color:rgb(36, 182, 226);border-width:0px 0px 20px 0px;\">\n\t<\/div>\n\n\t\t<\/div>\n\n\t\t\n\n\t\t<div class=\"section-content relative\">\n\t\t\t\n<div class=\"row\"  id=\"row-979205532\">\n\n\t<div id=\"col-533914424\" class=\"col medium-7 small-10 large-5\"  >\n\t\t\t\t<div class=\"col-inner\"  >\n\t\t\t\n\t\t\t\n\t<div id=\"text-798512962\" class=\"text\">\n\t\t\n<h1 class=\"uppercase thin-font\"><span style=\"font-size: 160%;\">Sistema de rega gota a gota<br \/><\/span><\/h1>\n<p><span style=\"font-size: 150%;\"><strong>Os sistemas de rega gota-a-gota<\/strong> representam uma evolu\u00e7\u00e3o significativa na gest\u00e3o da rega agr\u00edcola. Com um planeamento adequado e uma manuten\u00e7\u00e3o regular, estes sistemas podem oferecer benef\u00edcios excepcionais em termos de efici\u00eancia h\u00eddrica, sa\u00fade das culturas e sustentabilidade ambiental&#8230;. <\/span><\/p>\n\t\t\n<style>\n#text-798512962 {\n  color: rgb(255,255,255);\n}\n#text-798512962 > * {\n  color: rgb(255,255,255);\n}\n<\/style>\n\t<\/div>\n\t\n\t\t<\/div>\n\t\t\t\t\t<\/div>\n\n\t\n\n<style>\n#row-979205532 > .col > .col-inner {\n  padding: 0px 0px 0px 20px;\n}\n<\/style>\n<\/div>\n\t\t<\/div>\n\n\t\t\n<style>\n#section_1055486030 {\n  padding-top: 30px;\n  padding-bottom: 30px;\n  min-height: 640px;\n  background-color: rgb(36, 182, 226);\n}\n#section_1055486030 .section-bg-overlay {\n  background-color: rgba(0, 0, 0, 0.099);\n}\n#section_1055486030 .section-bg img {\n  object-position: 42% 71%;\n}\n@media (min-width:550px) {\n  #section_1055486030 {\n    min-height: 680px;\n  }\n}\n<\/style>\n\t<\/section>\n\t\n\n\t<section class=\"section\" id=\"section_170312712\">\n\t\t<div class=\"section-bg fill\" >\n\t\t\t\t\t\t\t\t\t\n\t\t\t\n\n\t\t<\/div>\n\n\t\t\n\n\t\t<div class=\"section-content relative\">\n\t\t\t\n<div class=\"row row-large align-middle\"  id=\"row-1508516238\">\n\n\t<div id=\"col-747028372\" class=\"col medium-5 small-12 large-5\"  >\n\t\t\t\t<div class=\"col-inner text-center\"  >\n\t\t\t\n\t<div class=\"is-border\"\n\t\tstyle=\"border-color:rgb(122, 156, 89);border-width:2px 2px 2px 2px;\">\n\t<\/div>\n\t\t\t\n\t<div id=\"text-2614539422\" class=\"text\">\n\t\t\n<p><strong>A rega gota-a-gota<\/strong> \u00e9 uma t\u00e9cnica de rega que transformou a agricultura ao fornecer \u00e1gua diretamente \u00e0 zona das ra\u00edzes das plantas. Este m\u00e9todo distingue-se de outros <span  class=\" OP\" onclick=\"ljo_open('https:\/\/deepdrop.es\/sistema-riego\/', '');\">sistemas de rega<\/span> por minimizar o desperd\u00edcio de \u00e1gua e maximizar a efici\u00eancia da rega, adaptando-se \u00e0s necessidades espec\u00edficas de cada cultura. <\/p>\n\t\t\n<style>\n#text-2614539422 {\n  font-size: 1.4rem;\n  text-align: left;\n}\n<\/style>\n\t<\/div>\n\t\n\t\t<\/div>\n\t\t\t\t\n<style>\n#col-747028372 > .col-inner {\n  padding: 10% 10% 10% 10%;\n}\n<\/style>\n\t<\/div>\n\n\t\n\n\t<div id=\"col-62635791\" class=\"col medium-7 small-12 large-7\"  >\n\t\t\t\t<div class=\"col-inner\"  >\n\t\t\t\n\t\t\t\n<h5 class=\"uppercase\">Sistema Deepdrop<\/h5>\n\t<div id=\"text-2863910712\" class=\"text\">\n\t\t\n<h2 class=\"thin-font\"><span style=\"font-size: 120%;\">O que \u00e9 a rega gota a gota?<\/h2>\n\t\t\n<style>\n#text-2863910712 {\n  color: #24b6e2;\n}\n#text-2863910712 > * {\n  color: #24b6e2;\n}\n<\/style>\n\t<\/div>\n\t\n\t<div id=\"text-3786036474\" class=\"text\">\n\t\t\n<h5 class=\"uppercase\">SISTEMA DE REGA GOTA A GOTA<\/h5>\n\t\t\n<style>\n#text-3786036474 {\n  color: #7a9c59;\n}\n#text-3786036474 > * {\n  color: #7a9c59;\n}\n<\/style>\n\t<\/div>\n\t\n<p><strong>A rega<\/strong> gota a gota \u00e9 um m\u00e9todo de rega que aplica \u00e1gua de forma lenta e controlada diretamente na base das plantas. Este sistema utiliza o sistema Deepdrop para fornecer \u00e1gua \u00e0 cultura a partir da superf\u00edcie. <\/p>\n<p>O <strong>sistema de<\/strong> rega gota-a-gota incorpora um sistema de controlo que permite ajustar os n\u00edveis de rega de acordo com as condi\u00e7\u00f5es do solo e do tempo, como no caso de um <span  class=\" OP\" onclick=\"ljo_open('https:\/\/deepdrop.es\/pt-pt\/sistema-de-rega-auto-compensado\/', '');\">sistema de rega gota-a-gota autocompensante<\/span>.<\/p>\n\t\t<\/div>\n\t\t\t\t\n<style>\n#col-62635791 > .col-inner {\n  padding: 0px 10px 0px 10px;\n}\n@media (min-width:550px) {\n  #col-62635791 > .col-inner {\n    padding: 0px 20px 0px 20px;\n  }\n}\n<\/style>\n\t<\/div>\n\n\t\n<\/div>\n\t\t<\/div>\n\n\t\t\n<style>\n#section_170312712 {\n  padding-top: 30px;\n  padding-bottom: 30px;\n}\n<\/style>\n\t<\/section>\n\t\n\n\t<section class=\"section has-parallax\" id=\"section_113252648\">\n\t\t<div class=\"section-bg fill\" data-parallax-container=\".section\" data-parallax-background data-parallax=\"-10\">\n\t\t\t<img decoding=\"async\" width=\"1600\" height=\"653\" src=\"https:\/\/deepdrop.es\/wp-content\/uploads\/2023\/01\/Tomates-cherry.png\" class=\"bg attachment-original size-original\" alt=\"\" \/>\t\t\t\t\t\t<div class=\"loading-spin centered\"><\/div>\n\t\t\t\n\t<div class=\"is-border\"\n\t\tstyle=\"border-color:rgb(122, 156, 89);border-width:0px 0px 20px 0px;\">\n\t<\/div>\n\n\t\t<\/div>\n\n\t\t\n\n\t\t<div class=\"section-content relative\">\n\t\t\t\n\t\t<\/div>\n\n\t\t\n<style>\n#section_113252648 {\n  padding-top: 0px;\n  padding-bottom: 0px;\n  min-height: 200px;\n  background-color: rgb(122, 156, 89);\n}\n#section_113252648 .section-bg img {\n  object-position: 43% 43%;\n}\n@media (min-width:550px) {\n  #section_113252648 {\n    min-height: 300px;\n  }\n}\n@media (min-width:850px) {\n  #section_113252648 {\n    min-height: 400px;\n  }\n}\n<\/style>\n\t<\/section>\n\t\n\n\t<section class=\"section\" id=\"section_1314140021\">\n\t\t<div class=\"section-bg fill\" >\n\t\t\t\t\t\t\t\t\t\n\t\t\t\n\n\t\t<\/div>\n\n\t\t\n\n\t\t<div class=\"section-content relative\">\n\t\t\t\n\t<div id=\"gap-1372536039\" class=\"gap-element clearfix\" style=\"display:block; height:auto;\">\n\t\t\n<style>\n#gap-1372536039 {\n  padding-top: 40px;\n}\n@media (min-width:550px) {\n  #gap-1372536039 {\n    padding-top: 30px;\n  }\n}\n<\/style>\n\t<\/div>\n\t\n<div class=\"row align-middle\"  id=\"row-2013402439\">\n\n\t<div id=\"col-1960152530\" class=\"col medium-12 small-12 large-6\"  >\n\t\t\t\t<div class=\"col-inner\"  >\n\t\t\t\n\t\t\t\n<h5 class=\"uppercase\">sistema deepdrop\u00ae<\/h5>\n\t<div id=\"text-432525921\" class=\"text\">\n\t\t\n<h2 class=\"thin-font\"><span style=\"font-size: 120%;\">Benef\u00edcios da rega gota-a-gota Deepdrop<\/span><\/h2>\n\t\t\n<style>\n#text-432525921 {\n  text-align: left;\n  color: #24b6e2;\n}\n#text-432525921 > * {\n  color: #24b6e2;\n}\n<\/style>\n\t<\/div>\n\t\n\t<div id=\"text-4146561688\" class=\"text\">\n\t\t\n<h5 class=\"uppercase\">empenhados no desenvolvimento sustent\u00e1vel<\/h5>\n\t\t\n<style>\n#text-4146561688 {\n  text-align: left;\n  color: #7a9c59;\n}\n#text-4146561688 > * {\n  color: #7a9c59;\n}\n<\/style>\n\t<\/div>\n\t\n<p>A utiliza\u00e7\u00e3o da <strong>rega gota-a-gota<\/strong> oferece in\u00fameros benef\u00edcios tanto para os agricultores como para o ambiente:<\/p>\n<h3>Efici\u00eancia na utiliza\u00e7\u00e3o da \u00e1gua<\/h3>\n<p><strong>A rega gota-a-gota<\/strong> maximiza a utiliza\u00e7\u00e3o da \u00e1gua, reduzindo as perdas por evapora\u00e7\u00e3o e escoamento. Ao fornecer \u00e1gua diretamente \u00e0s ra\u00edzes, assegura que as plantas recebem a quantidade certa sem desperdi\u00e7ar recursos. <\/p>\n<h3>Melhoria da qualidade das culturas<\/h3>\n<p>Ao fornecer uma quantidade constante e adequada de \u00e1gua \u00e0s ra\u00edzes, o <strong>sistema de gotejamento<\/strong> melhora a sa\u00fade das plantas e aumenta o rendimento e a qualidade da colheita.<\/p>\n<h3>Redu\u00e7\u00e3o de doen\u00e7as e ervas daninhas<\/h3>\n<p><strong>A irriga\u00e7\u00e3o por gotejamento<\/strong> minimiza a humidade na superf\u00edcie do solo, o que reduz a prolifera\u00e7\u00e3o de ervas daninhas e doen\u00e7as que se desenvolvem em condi\u00e7\u00f5es de humidade.<\/p>\n<h3>Poupan\u00e7a de energia<\/h3>\n<p><strong>A rega gota-a-gota<\/strong> requer geralmente menos press\u00e3o e energia para funcionar, o que se traduz num menor consumo de energia em compara\u00e7\u00e3o com outros m\u00e9todos de rega.<\/p>\n\t\t<\/div>\n\t\t\t\t\n<style>\n#col-1960152530 > .col-inner {\n  padding: 0px 20px 0px 20px;\n}\n@media (min-width:550px) {\n  #col-1960152530 > .col-inner {\n    padding: 0px 20px 0px 20px;\n  }\n}\n<\/style>\n\t<\/div>\n\n\t\n\n\t<div id=\"col-692846714\" class=\"col medium-12 small-12 large-6\"  >\n\t\t\t\t<div class=\"col-inner\" style=\"background-color:rgb(255, 255, 255);\" >\n\t\t\t\n\t\t\t\n<div class=\"slider-wrapper relative\" id=\"slider-874658067\" >\n    <div class=\"slider slider-nav-dots-dashes slider-nav-simple slider-nav-normal slider-nav-dark slider-style-focus slider-show-nav\"\n        data-flickity-options='{\n            \"cellAlign\": \"center\",\n            \"imagesLoaded\": true,\n            \"lazyLoad\": 1,\n            \"freeScroll\": true,\n            \"wrapAround\": true,\n            \"autoPlay\": 3500,\n            \"pauseAutoPlayOnHover\" : false,\n            \"prevNextButtons\": true,\n            \"contain\" : true,\n            \"adaptiveHeight\" : true,\n            \"dragThreshold\" : 10,\n            \"percentPosition\": true,\n            \"pageDots\": true,\n            \"rightToLeft\": false,\n            \"draggable\": true,\n            \"selectedAttraction\": 0.1,\n            \"parallax\" : 0,\n            \"friction\": 0.6        }'\n        >\n        \n\n  <div class=\"banner has-hover\" id=\"banner-1390731765\">\n          <div class=\"banner-inner fill\">\n        <div class=\"banner-bg fill\" >\n                                                \n\t<div class=\"is-border\"\n\t\tstyle=\"border-color:rgb(122, 156, 89);border-width:2px 2px 2px 2px;\">\n\t<\/div>\n                    <\/div>\n\t\t\n        <div class=\"banner-layers container\">\n            <div class=\"fill banner-link\"><\/div>            \n   <div id=\"text-box-26265473\" class=\"text-box banner-layer x50 md-x50 lg-x50 y50 md-y50 lg-y50 res-text\">\n                                <div class=\"text-box-content text dark\">\n              \n              <div class=\"text-inner text-center\">\n                  \n\t<div id=\"text-1283653769\" class=\"text\">\n\t\t\n<p>A implementa\u00e7\u00e3o de um <strong>sistema de irriga\u00e7\u00e3o por gotejamento para um hectare<\/strong> requer um planeamento cuidadoso para garantir a sua efici\u00eancia e efic\u00e1cia. Os passos b\u00e1sicos para a instala\u00e7\u00e3o s\u00e3o descritos abaixo: <\/p>\n<p>Antes de instalar um <strong>sistema de rega gota-a-gota<\/strong>, \u00e9 essencial avaliar as carater\u00edsticas do solo e as necessidades espec\u00edficas da cultura. Isto inclui a an\u00e1lise da textura e estrutura do solo, a topografia e as necessidades de \u00e1gua das plantas. <\/p>\n<\/p>\n\t\t\n<style>\n#text-1283653769 {\n  font-size: 0.95rem;\n  line-height: 1.35;\n  text-align: left;\n  color: rgb(103, 103, 103);\n}\n#text-1283653769 > * {\n  color: rgb(103, 103, 103);\n}\n@media (min-width:550px) {\n  #text-1283653769 {\n    font-size: 1.15rem;\n    text-align: left;\n  }\n}\n<\/style>\n\t<\/div>\n\t\n              <\/div>\n           <\/div>\n                            \n<style>\n#text-box-26265473 {\n  width: 86%;\n}\n#text-box-26265473 .text-box-content {\n  font-size: 100%;\n}\n@media (min-width:550px) {\n  #text-box-26265473 {\n    width: 82%;\n  }\n}\n<\/style>\n    <\/div>\n \n        <\/div>\n      <\/div>\n\n            \n<style>\n#banner-1390731765 {\n  padding-top: 450px;\n  background-color: rgba(255, 255, 255, 0);\n}\n@media (min-width:550px) {\n  #banner-1390731765 {\n    padding-top: 300px;\n  }\n}\n@media (min-width:850px) {\n  #banner-1390731765 {\n    padding-top: 400px;\n  }\n}\n<\/style>\n  <\/div>\n\n\n\n  <div class=\"banner has-hover\" id=\"banner-294349731\">\n          <div class=\"banner-inner fill\">\n        <div class=\"banner-bg fill\" >\n                                                \n\t<div class=\"is-border\"\n\t\tstyle=\"border-color:rgb(122, 156, 89);border-width:2px 2px 2px 2px;\">\n\t<\/div>\n                    <\/div>\n\t\t\n        <div class=\"banner-layers container\">\n            <div class=\"fill banner-link\"><\/div>            \n   <div id=\"text-box-1654455299\" class=\"text-box banner-layer x50 md-x50 lg-x50 y50 md-y50 lg-y50 res-text\">\n                                <div class=\"text-box-content text dark\">\n              \n              <div class=\"text-inner text-center\">\n                  \n\t<div id=\"text-2145994147\" class=\"text\">\n\t\t\n<ul class=\"ul1\">\n<li class=\"li1\" style=\"text-align: justify;\"><span class=\"s2\" style=\"font-size: 120%;\">Agir contra a desertifica\u00e7\u00e3o nas zonas mais secas do pa\u00eds.<\/span><\/li>\n<li class=\"li1\" style=\"text-align: justify;\"><span class=\"s2\" style=\"font-size: 120%;\">Preservar a biodiversidade da flora e da fauna e a paisagem dos ecossistemas irrigados.<\/span><\/li>\n<li class=\"li1\" style=\"text-align: justify;\"><span style=\"font-size: 120%;\"><span class=\"s2\">Cumprir as normas de prote\u00e7\u00e3o ambiental da legisla\u00e7\u00e3o espanhola e europeia.<\/span> <span class=\"s2\">Legisla\u00e7\u00e3o espanhola e europeia.<\/span><\/span><\/li>\n<\/ul>\n\t\t\n<style>\n#text-2145994147 {\n  font-size: 0.95rem;\n  line-height: 1.35;\n  text-align: left;\n  color: rgb(103, 103, 103);\n}\n#text-2145994147 > * {\n  color: rgb(103, 103, 103);\n}\n@media (min-width:550px) {\n  #text-2145994147 {\n    font-size: 1rem;\n  }\n}\n<\/style>\n\t<\/div>\n\t\n              <\/div>\n           <\/div>\n                            \n<style>\n#text-box-1654455299 .text-inner {\n  padding: 20px 0px 20px 0px;\n}\n#text-box-1654455299 {\n  width: 85%;\n}\n#text-box-1654455299 .text-box-content {\n  font-size: 100%;\n}\n@media (min-width:550px) {\n  #text-box-1654455299 {\n    width: 73%;\n  }\n}\n<\/style>\n    <\/div>\n \n        <\/div>\n      <\/div>\n\n            \n<style>\n#banner-294349731 {\n  padding-top: 350px;\n  background-color: rgba(255, 255, 255, 0);\n}\n@media (min-width:550px) {\n  #banner-294349731 {\n    padding-top: 250px;\n  }\n}\n@media (min-width:850px) {\n  #banner-294349731 {\n    padding-top: 400px;\n  }\n}\n<\/style>\n  <\/div>\n\n\n     <\/div>\n\n     <div class=\"loading-spin dark large centered\"><\/div>\n\n\t<\/div>\n\n\n\t\t<\/div>\n\t\t\t\t\t<\/div>\n\n\t\n<\/div>\n\t<div id=\"gap-246832673\" class=\"gap-element clearfix\" style=\"display:block; height:auto;\">\n\t\t\n<style>\n#gap-246832673 {\n  padding-top: 30px;\n}\n<\/style>\n\t<\/div>\n\t\n\t\t<\/div>\n\n\t\t\n<style>\n#section_1314140021 {\n  padding-top: 0px;\n  padding-bottom: 0px;\n}\n<\/style>\n\t<\/section>\n\t\n\n\t<section class=\"section has-parallax\" id=\"section_773004129\">\n\t\t<div class=\"section-bg fill\" data-parallax-container=\".section\" data-parallax-background data-parallax=\"-10\">\n\t\t\t<img decoding=\"async\" width=\"1600\" height=\"653\" src=\"https:\/\/deepdrop.es\/wp-content\/uploads\/2023\/01\/Campo-oilvos.png\" class=\"bg attachment-original size-original\" alt=\"\" \/>\t\t\t\t\t\t<div class=\"loading-spin centered\"><\/div>\n\t\t\t\n\t<div class=\"is-border\"\n\t\tstyle=\"border-color:rgb(36, 182, 226);border-width:0px 0px 20px 0px;\">\n\t<\/div>\n\n\t\t<\/div>\n\n\t\t\n\n\t\t<div class=\"section-content relative\">\n\t\t\t\n\t\t<\/div>\n\n\t\t\n<style>\n#section_773004129 {\n  padding-top: 0px;\n  padding-bottom: 0px;\n  min-height: 200px;\n  background-color: #24b6e2;\n}\n#section_773004129 .section-bg img {\n  object-position: 55% 61%;\n}\n@media (min-width:550px) {\n  #section_773004129 {\n    min-height: 300px;\n  }\n}\n@media (min-width:850px) {\n  #section_773004129 {\n    min-height: 400px;\n  }\n}\n<\/style>\n\t<\/section>\n\t\n\n\t<section class=\"section\" id=\"section_1511683223\">\n\t\t<div class=\"section-bg fill\" >\n\t\t\t\t\t\t\t\t\t\n\t\t\t\n\n\t\t<\/div>\n\n\t\t\n\n\t\t<div class=\"section-content relative\">\n\t\t\t\n\t<div id=\"gap-1781254029\" class=\"gap-element clearfix\" style=\"display:block; height:auto;\">\n\t\t\n<style>\n#gap-1781254029 {\n  padding-top: 30px;\n}\n<\/style>\n\t<\/div>\n\t\n<div class=\"row align-middle\"  id=\"row-273459442\">\n\n\t<div id=\"col-15096747\" class=\"col medium-12 small-12 large-12\"  data-animate=\"fadeInRight\">\n\t\t\t\t<div class=\"col-inner text-left\"  >\n\t\t\t\n\t<div class=\"is-border\"\n\t\tstyle=\"border-color:rgb(122, 156, 89);border-width:2px 2px 2px 2px;\">\n\t<\/div>\n\t\t\t\n\t<div id=\"text-1763225032\" class=\"text\">\n\t\t\n<h5 class=\"uppercase\">SISTEMA DEEPDROP<\/h5>\n<\/p>\n\t\t\n<style>\n#text-1763225032 {\n  text-align: left;\n}\n<\/style>\n\t<\/div>\n\t\n\t<div id=\"text-401907774\" class=\"text\">\n\t\t\n<h3>Aplica\u00e7\u00f5es do sistema de rega gota-a-gota<\/h3>\n<\/p>\n\t\t\n<style>\n#text-401907774 {\n  font-size: 1.35rem;\n  color: #24b6e2;\n}\n#text-401907774 > * {\n  color: #24b6e2;\n}\n<\/style>\n\t<\/div>\n\t\n\t<div id=\"text-3635018428\" class=\"text\">\n\t\t\n<h5 class=\"uppercase\">empenhado no ambiente<\/h5>\n\t\t\n<style>\n#text-3635018428 {\n  text-align: left;\n  color: #7a9c59;\n}\n#text-3635018428 > * {\n  color: #7a9c59;\n}\n<\/style>\n\t<\/div>\n\t\n\t<div id=\"text-2554051150\" class=\"text\">\n\t\t\n<p><strong>A rega gota-a-gota<\/strong> pode ser aplicada numa grande variedade de contextos agr\u00edcolas e paisag\u00edsticos:<\/p>\n<h3>Horticultura e culturas de elevado valor<\/h3>\n<p>O <strong>sistema de gotejamento<\/strong> \u00e9 ideal para culturas como frutas, legumes e flores, onde a qualidade e o rendimento s\u00e3o uma prioridade.<\/p>\n<h3>\u00c1reas verdes urbanas<\/h3>\n<p>Em parques, jardins e \u00e1reas urbanas, <strong>a rega gota-a-gota<\/strong> permite-te manter uma paisagem saud\u00e1vel com uma utiliza\u00e7\u00e3o eficiente da \u00e1gua nos jardins.<\/p>\n<h3>Agricultura em regi\u00f5es \u00e1ridas<\/h3>\n<p>Em regi\u00f5es com escassez de \u00e1gua, <strong>os sistemas de irriga\u00e7\u00e3o gota a<\/strong> gota s\u00e3o essenciais para maximizar a utiliza\u00e7\u00e3o da \u00e1gua dispon\u00edvel e permitir uma produ\u00e7\u00e3o agr\u00edcola sustent\u00e1vel.<\/p>\n\t\t\n<style>\n#text-2554051150 {\n  font-size: 1.35rem;\n}\n<\/style>\n\t<\/div>\n\t\n\t\t<\/div>\n\t\t\t\t\n<style>\n#col-15096747 > .col-inner {\n  padding: 7% 8% 5% 8%;\n  margin: 0 0px 0px 0px;\n}\n@media (min-width:550px) {\n  #col-15096747 > .col-inner {\n    padding: 5% 5% 5% 5%;\n    margin: -50px 0 0px 0px;\n  }\n}\n@media (min-width:850px) {\n  #col-15096747 > .col-inner {\n    padding: 5% 5% 5% 5%;\n  }\n}\n<\/style>\n\t<\/div>\n\n\t\n<\/div>\n\t\t<\/div>\n\n\t\t\n<style>\n#section_1511683223 {\n  padding-top: 30px;\n  padding-bottom: 30px;\n}\n@media (min-width:550px) {\n  #section_1511683223 {\n    padding-top: 50px;\n    padding-bottom: 50px;\n  }\n}\n<\/style>\n\t<\/section>\n\t\n","protected":false},"excerpt":{"rendered":"","protected":false},"author":1943,"featured_media":0,"parent":0,"menu_order":0,"comment_status":"closed","ping_status":"closed","template":"","meta":{"content-type":"","inline_featured_image":false,"_joinchat":[],"footnotes":""},"class_list":["post-10968","page","type-page","status-publish","hentry"],"_links":{"self":[{"href":"https:\/\/deepdrop.es\/pt-pt\/wp-json\/wp\/v2\/pages\/10968","targetHints":{"allow":["GET"]}}],"collection":[{"href":"https:\/\/deepdrop.es\/pt-pt\/wp-json\/wp\/v2\/pages"}],"about":[{"href":"https:\/\/deepdrop.es\/pt-pt\/wp-json\/wp\/v2\/types\/page"}],"author":[{"embeddable":true,"href":"https:\/\/deepdrop.es\/pt-pt\/wp-json\/wp\/v2\/users\/1943"}],"replies":[{"embeddable":true,"href":"https:\/\/deepdrop.es\/pt-pt\/wp-json\/wp\/v2\/comments?post=10968"}],"version-history":[{"count":0,"href":"https:\/\/deepdrop.es\/pt-pt\/wp-json\/wp\/v2\/pages\/10968\/revisions"}],"wp:attachment":[{"href":"https:\/\/deepdrop.es\/pt-pt\/wp-json\/wp\/v2\/media?parent=10968"}],"curies":[{"name":"wp","href":"https:\/\/api.w.org\/{rel}","templated":true}]}}