{"id":10965,"date":"2024-07-09T07:25:29","date_gmt":"2024-07-09T07:25:29","guid":{"rendered":"https:\/\/deepdrop.es\/sistema-de-irrigacao-localizada\/"},"modified":"2025-01-20T09:25:45","modified_gmt":"2025-01-20T09:25:45","slug":"sistema-de-irrigacao-localizada","status":"publish","type":"page","link":"https:\/\/deepdrop.es\/pt-pt\/sistema-de-irrigacao-localizada\/","title":{"rendered":"Sistema de irriga\u00e7\u00e3o localizada"},"content":{"rendered":"\n\t<section class=\"section dark\" id=\"section_1137182856\">\n\t\t<div class=\"section-bg fill\" >\n\t\t\t<img decoding=\"async\" width=\"1600\" height=\"653\" src=\"https:\/\/deepdrop.es\/wp-content\/uploads\/2022\/12\/NARANJO.png\" class=\"bg attachment-original size-original\" alt=\"\" \/>\t\t\t\t\t\t<div class=\"section-bg-overlay absolute fill\"><\/div>\n\t\t\t\n\t<div class=\"is-border\"\n\t\tstyle=\"border-color:rgb(36, 182, 226);border-width:0px 0px 20px 0px;\">\n\t<\/div>\n\n\t\t<\/div>\n\n\t\t\n\n\t\t<div class=\"section-content relative\">\n\t\t\t\n<div class=\"row\"  id=\"row-1575240848\">\n\n\t<div id=\"col-503639924\" class=\"col medium-7 small-10 large-5\"  >\n\t\t\t\t<div class=\"col-inner\"  >\n\t\t\t\n\t\t\t\n\t<div id=\"text-2431278291\" class=\"text\">\n\t\t\n<h1 class=\"uppercase thin-font\"><span style=\"font-size: 160%;\">Sistema de irriga\u00e7\u00e3o localizada<br \/><\/span><\/h1>\n<p><strong>Os sistemas de rega localizada<\/strong> representam uma evolu\u00e7\u00e3o significativa na gest\u00e3o da rega agr\u00edcola. Com um planeamento adequado e uma manuten\u00e7\u00e3o regular, estes sistemas podem oferecer benef\u00edcios excepcionais em termos de efici\u00eancia h\u00eddrica, sa\u00fade das culturas e sustentabilidade ambiental. <\/p>\n\t\t\n<style>\n#text-2431278291 {\n  color: rgb(255,255,255);\n}\n#text-2431278291 > * {\n  color: rgb(255,255,255);\n}\n<\/style>\n\t<\/div>\n\t\n\t\t<\/div>\n\t\t\t\t\t<\/div>\n\n\t\n\n<style>\n#row-1575240848 > .col > .col-inner {\n  padding: 0px 0px 0px 20px;\n}\n<\/style>\n<\/div>\n\t\t<\/div>\n\n\t\t\n<style>\n#section_1137182856 {\n  padding-top: 30px;\n  padding-bottom: 30px;\n  min-height: 640px;\n  background-color: rgb(36, 182, 226);\n}\n#section_1137182856 .section-bg-overlay {\n  background-color: rgba(0, 0, 0, 0.099);\n}\n#section_1137182856 .section-bg img {\n  object-position: 42% 71%;\n}\n@media (min-width:550px) {\n  #section_1137182856 {\n    min-height: 680px;\n  }\n}\n<\/style>\n\t<\/section>\n\t\n\n\t<section class=\"section\" id=\"section_2013947306\">\n\t\t<div class=\"section-bg fill\" >\n\t\t\t\t\t\t\t\t\t\n\t\t\t\n\n\t\t<\/div>\n\n\t\t\n\n\t\t<div class=\"section-content relative\">\n\t\t\t\n<div class=\"row row-large align-middle\"  id=\"row-395817714\">\n\n\t<div id=\"col-464001982\" class=\"col medium-5 small-12 large-5\"  >\n\t\t\t\t<div class=\"col-inner text-center\"  >\n\t\t\t\n\t<div class=\"is-border\"\n\t\tstyle=\"border-color:rgb(122, 156, 89);border-width:2px 2px 2px 2px;\">\n\t<\/div>\n\t\t\t\n\t<div id=\"text-2391050991\" class=\"text\">\n\t\t\n<p><strong>A rega localizada<\/strong> \u00e9 uma t\u00e9cnica de rega que revolucionou a agricultura moderna, fornecendo \u00e1gua diretamente \u00e0 zona das ra\u00edzes das plantas. Esta t\u00e9cnica distingue-se de outros m\u00e9todos de rega por minimizar o desperd\u00edcio de \u00e1gua e maximizar a efici\u00eancia da rega, adaptando-se \u00e0s necessidades espec\u00edficas de cada cultura. <\/p>\n<p><strong>Os sistemas de irriga\u00e7\u00e3o localizada<\/strong> incluem v\u00e1rias modalidades, como a irriga\u00e7\u00e3o por gotejamento e a irriga\u00e7\u00e3o por microaspers\u00e3o, cada uma concebida para otimizar a utiliza\u00e7\u00e3o da \u00e1gua e melhorar a sa\u00fade das culturas.<\/p>\n\t\t\n<style>\n#text-2391050991 {\n  font-size: 1.2rem;\n  text-align: left;\n}\n<\/style>\n\t<\/div>\n\t\n\t\t<\/div>\n\t\t\t\t\n<style>\n#col-464001982 > .col-inner {\n  padding: 10% 10% 10% 10%;\n}\n<\/style>\n\t<\/div>\n\n\t\n\n\t<div id=\"col-1860404553\" class=\"col medium-7 small-12 large-7\"  >\n\t\t\t\t<div class=\"col-inner\"  >\n\t\t\t\n\t\t\t\n<h5 class=\"uppercase\">Sistema Deepdrop<\/h5>\n\t<div id=\"text-459363116\" class=\"text\">\n\t\t\n<h2 class=\"thin-font\"><span style=\"font-size: 120%;\">O que \u00e9 a rega localizada?<\/p>\n\t\t\n<style>\n#text-459363116 {\n  color: #24b6e2;\n}\n#text-459363116 > * {\n  color: #24b6e2;\n}\n<\/style>\n\t<\/div>\n\t\n\t<div id=\"text-2804717324\" class=\"text\">\n\t\t\n<h5 class=\"uppercase\">sistema de rega localizada<\/h5>\n\t\t\n<style>\n#text-2804717324 {\n  color: #7a9c59;\n}\n#text-2804717324 > * {\n  color: #7a9c59;\n}\n<\/style>\n\t<\/div>\n\t\n<p><strong>A rega localizada<\/strong> \u00e9 um m\u00e9todo que aplica \u00e1gua de forma precisa e controlada na \u00e1rea onde se encontra o sistema radicular das plantas. Ao contr\u00e1rio dos m\u00e9todos tradicionais de rega de superf\u00edcie, <strong>os sistemas de rega gota-a-gota<\/strong> garantem que a \u00e1gua chega diretamente \u00e0s ra\u00edzes, reduzindo assim as perdas por evapora\u00e7\u00e3o e escoamento. <\/p>\n<h3>Tipos de sistemas de rega localizada<\/h3>\n<p>Existem v\u00e1rios tipos de <strong>sistemas de rega localizada<\/strong>, cada um com carater\u00edsticas espec\u00edficas para se adequar a diferentes tipos de culturas e condi\u00e7\u00f5es de solo:<\/p>\n<ul>\n<li><strong><span  class=\" OP\" onclick=\"ljo_open('https:\/\/deepdrop.es\/sistema-riego\/', '');\">Rega<\/span><\/strong> gota a gota<strong>:<\/strong> Consiste na aplica\u00e7\u00e3o lenta e cont\u00ednua de \u00e1gua atrav\u00e9s de pequenos emissores, diretamente na base das plantas.<\/li>\n<li><strong><span  class=\" OP\" onclick=\"ljo_open('https:\/\/deepdrop.es\/sistema-riego-subterraneo\/', '');\">Irriga\u00e7\u00e3o subsuperficial<\/span>:<\/strong> Semelhante \u00e0 irriga\u00e7\u00e3o por gotejamento, mas com os emissores enterrados perto das ra\u00edzes, o que reduz ainda mais as perdas por evapora\u00e7\u00e3o.<\/li>\n<\/ul>\n\t\t<\/div>\n\t\t\t\t\n<style>\n#col-1860404553 > .col-inner {\n  padding: 0px 10px 0px 10px;\n}\n@media (min-width:550px) {\n  #col-1860404553 > .col-inner {\n    padding: 0px 20px 0px 20px;\n  }\n}\n<\/style>\n\t<\/div>\n\n\t\n<\/div>\n\t\t<\/div>\n\n\t\t\n<style>\n#section_2013947306 {\n  padding-top: 30px;\n  padding-bottom: 30px;\n}\n<\/style>\n\t<\/section>\n\t\n\n\t<section class=\"section has-parallax\" id=\"section_897065173\">\n\t\t<div class=\"section-bg fill\" data-parallax-container=\".section\" data-parallax-background data-parallax=\"-10\">\n\t\t\t<img decoding=\"async\" width=\"1600\" height=\"653\" src=\"https:\/\/deepdrop.es\/wp-content\/uploads\/2023\/01\/Tomates-cherry.png\" class=\"bg attachment-original size-original\" alt=\"\" \/>\t\t\t\t\t\t<div class=\"loading-spin centered\"><\/div>\n\t\t\t\n\t<div class=\"is-border\"\n\t\tstyle=\"border-color:rgb(122, 156, 89);border-width:0px 0px 20px 0px;\">\n\t<\/div>\n\n\t\t<\/div>\n\n\t\t\n\n\t\t<div class=\"section-content relative\">\n\t\t\t\n\t\t<\/div>\n\n\t\t\n<style>\n#section_897065173 {\n  padding-top: 0px;\n  padding-bottom: 0px;\n  min-height: 200px;\n  background-color: rgb(122, 156, 89);\n}\n#section_897065173 .section-bg img {\n  object-position: 43% 43%;\n}\n@media (min-width:550px) {\n  #section_897065173 {\n    min-height: 300px;\n  }\n}\n@media (min-width:850px) {\n  #section_897065173 {\n    min-height: 400px;\n  }\n}\n<\/style>\n\t<\/section>\n\t\n\n\t<section class=\"section\" id=\"section_141969786\">\n\t\t<div class=\"section-bg fill\" >\n\t\t\t\t\t\t\t\t\t\n\t\t\t\n\n\t\t<\/div>\n\n\t\t\n\n\t\t<div class=\"section-content relative\">\n\t\t\t\n\t<div id=\"gap-133814590\" class=\"gap-element clearfix\" style=\"display:block; height:auto;\">\n\t\t\n<style>\n#gap-133814590 {\n  padding-top: 40px;\n}\n@media (min-width:550px) {\n  #gap-133814590 {\n    padding-top: 30px;\n  }\n}\n<\/style>\n\t<\/div>\n\t\n<div class=\"row align-middle\"  id=\"row-439686038\">\n\n\t<div id=\"col-508599823\" class=\"col medium-12 small-12 large-6\"  >\n\t\t\t\t<div class=\"col-inner\"  >\n\t\t\t\n\t\t\t\n<h5 class=\"uppercase\">sistema deepdrop\u00ae<\/h5>\n\t<div id=\"text-3338870375\" class=\"text\">\n\t\t\n<h2 class=\"thin-font\"><span style=\"font-size: 120%;\">Vantagens da Irriga\u00e7\u00e3o Localizada<\/h2>\n\t\t\n<style>\n#text-3338870375 {\n  text-align: left;\n  color: #24b6e2;\n}\n#text-3338870375 > * {\n  color: #24b6e2;\n}\n<\/style>\n\t<\/div>\n\t\n\t<div id=\"text-2161314559\" class=\"text\">\n\t\t\n<h5 class=\"uppercase\">empenhados no desenvolvimento sustent\u00e1vel<\/h5>\n\t\t\n<style>\n#text-2161314559 {\n  text-align: left;\n  color: #7a9c59;\n}\n#text-2161314559 > * {\n  color: #7a9c59;\n}\n<\/style>\n\t<\/div>\n\t\n\t<div id=\"text-1211751243\" class=\"text\">\n\t\t\n<p>A utiliza\u00e7\u00e3o de sistemas de irriga\u00e7\u00e3o localizada oferece in\u00fameros benef\u00edcios tanto para os agricultores como para o ambiente:<\/p>\n<p> Efici\u00eancia no uso da \u00e1gua A irriga\u00e7\u00e3o localizada \u00e9 altamente eficiente, pois aplica a \u00e1gua diretamente onde \u00e9 necess\u00e1ria. Isto reduz o desperd\u00edcio e permite uma melhor gest\u00e3o dos recursos h\u00eddricos. <\/p>\n\t\t\n<style>\n#text-1211751243 {\n  font-size: 1.15rem;\n}\n<\/style>\n\t<\/div>\n\t\n\t\t<\/div>\n\t\t\t\t\n<style>\n#col-508599823 > .col-inner {\n  padding: 0px 20px 0px 20px;\n}\n@media (min-width:550px) {\n  #col-508599823 > .col-inner {\n    padding: 0px 20px 0px 20px;\n  }\n}\n<\/style>\n\t<\/div>\n\n\t\n\n\t<div id=\"col-147971489\" class=\"col medium-12 small-12 large-6\"  >\n\t\t\t\t<div class=\"col-inner\" style=\"background-color:rgb(255, 255, 255);\" >\n\t\t\t\n\t\t\t\n<div class=\"slider-wrapper relative\" id=\"slider-1388829466\" >\n    <div class=\"slider slider-nav-dots-dashes slider-nav-simple slider-nav-normal slider-nav-dark slider-style-focus slider-show-nav\"\n        data-flickity-options='{\n            \"cellAlign\": \"center\",\n            \"imagesLoaded\": true,\n            \"lazyLoad\": 1,\n            \"freeScroll\": true,\n            \"wrapAround\": true,\n            \"autoPlay\": 3500,\n            \"pauseAutoPlayOnHover\" : false,\n            \"prevNextButtons\": true,\n            \"contain\" : true,\n            \"adaptiveHeight\" : true,\n            \"dragThreshold\" : 10,\n            \"percentPosition\": true,\n            \"pageDots\": true,\n            \"rightToLeft\": false,\n            \"draggable\": true,\n            \"selectedAttraction\": 0.1,\n            \"parallax\" : 0,\n            \"friction\": 0.6        }'\n        >\n        \n\n  <div class=\"banner has-hover\" id=\"banner-1288071804\">\n          <div class=\"banner-inner fill\">\n        <div class=\"banner-bg fill\" >\n                                                \n\t<div class=\"is-border\"\n\t\tstyle=\"border-color:rgb(122, 156, 89);border-width:2px 2px 2px 2px;\">\n\t<\/div>\n                    <\/div>\n\t\t\n        <div class=\"banner-layers container\">\n            <div class=\"fill banner-link\"><\/div>            \n   <div id=\"text-box-1286156337\" class=\"text-box banner-layer x50 md-x50 lg-x50 y50 md-y50 lg-y50 res-text\">\n                                <div class=\"text-box-content text dark\">\n              \n              <div class=\"text-inner text-center\">\n                  \n\t<div id=\"text-2891970015\" class=\"text\">\n\t\t\n<h3>Melhoria da qualidade das culturas<\/h3>\n<p>Ao fornecer uma quantidade constante e adequada de \u00e1gua \u00e0s ra\u00edzes, <strong>os sistemas de irriga\u00e7\u00e3o localizada<\/strong> melhoram a sa\u00fade das plantas e aumentam o rendimento e a qualidade das culturas.<\/p>\n<h3>Redu\u00e7\u00e3o de doen\u00e7as e ervas daninhas<\/h3>\n<p><strong>A irriga\u00e7\u00e3o localizada<\/strong> minimiza a humidade \u00e0 superf\u00edcie do solo, o que reduz a prolifera\u00e7\u00e3o de ervas daninhas e doen\u00e7as que se desenvolvem em condi\u00e7\u00f5es de humidade.<\/p>\n<h3>Poupan\u00e7a de energia<\/h3>\n<p><strong>Os sistemas de rega localizada<\/strong> requerem geralmente menos press\u00e3o e energia para funcionar, o que significa que \u00e9 necess\u00e1ria menos energia para operar o sistema.<\/p>\n\t\t\n<style>\n#text-2891970015 {\n  font-size: 0.95rem;\n  line-height: 1.35;\n  text-align: left;\n  color: rgb(103, 103, 103);\n}\n#text-2891970015 > * {\n  color: rgb(103, 103, 103);\n}\n@media (min-width:550px) {\n  #text-2891970015 {\n    font-size: 1rem;\n    text-align: left;\n  }\n}\n<\/style>\n\t<\/div>\n\t\n              <\/div>\n           <\/div>\n                            \n<style>\n#text-box-1286156337 {\n  width: 86%;\n}\n#text-box-1286156337 .text-box-content {\n  font-size: 100%;\n}\n@media (min-width:550px) {\n  #text-box-1286156337 {\n    width: 82%;\n  }\n}\n<\/style>\n    <\/div>\n \n        <\/div>\n      <\/div>\n\n            \n<style>\n#banner-1288071804 {\n  padding-top: 450px;\n  background-color: rgba(255, 255, 255, 0);\n}\n@media (min-width:550px) {\n  #banner-1288071804 {\n    padding-top: 300px;\n  }\n}\n@media (min-width:850px) {\n  #banner-1288071804 {\n    padding-top: 400px;\n  }\n}\n<\/style>\n  <\/div>\n\n\n\n  <div class=\"banner has-hover\" id=\"banner-1491220242\">\n          <div class=\"banner-inner fill\">\n        <div class=\"banner-bg fill\" >\n                                                \n\t<div class=\"is-border\"\n\t\tstyle=\"border-color:rgb(122, 156, 89);border-width:2px 2px 2px 2px;\">\n\t<\/div>\n                    <\/div>\n\t\t\n        <div class=\"banner-layers container\">\n            <div class=\"fill banner-link\"><\/div>            \n   <div id=\"text-box-598337286\" class=\"text-box banner-layer x50 md-x50 lg-x50 y50 md-y50 lg-y50 res-text\">\n                                <div class=\"text-box-content text dark\">\n              \n              <div class=\"text-inner text-center\">\n                  \n\t<div id=\"text-3464279033\" class=\"text\">\n\t\t\n<ul class=\"ul1\">\n<li class=\"li1\" style=\"text-align: justify;\"><span class=\"s2\" style=\"font-size: 120%;\">Agir contra a desertifica\u00e7\u00e3o nas zonas mais secas do pa\u00eds.<\/span><\/li>\n<li class=\"li1\" style=\"text-align: justify;\"><span class=\"s2\" style=\"font-size: 120%;\">Preservar a biodiversidade da flora e da fauna e a paisagem dos ecossistemas irrigados.<\/span><\/li>\n<li class=\"li1\" style=\"text-align: justify;\"><span style=\"font-size: 120%;\"><span class=\"s2\">Cumprir as normas de prote\u00e7\u00e3o ambiental da legisla\u00e7\u00e3o espanhola e europeia.<\/span> <span class=\"s2\">Legisla\u00e7\u00e3o espanhola e europeia.<\/span><\/span><\/li>\n<\/ul>\n\t\t\n<style>\n#text-3464279033 {\n  font-size: 0.95rem;\n  line-height: 1.35;\n  text-align: left;\n  color: rgb(103, 103, 103);\n}\n#text-3464279033 > * {\n  color: rgb(103, 103, 103);\n}\n@media (min-width:550px) {\n  #text-3464279033 {\n    font-size: 1rem;\n  }\n}\n<\/style>\n\t<\/div>\n\t\n              <\/div>\n           <\/div>\n                            \n<style>\n#text-box-598337286 .text-inner {\n  padding: 20px 0px 20px 0px;\n}\n#text-box-598337286 {\n  width: 85%;\n}\n#text-box-598337286 .text-box-content {\n  font-size: 100%;\n}\n@media (min-width:550px) {\n  #text-box-598337286 {\n    width: 73%;\n  }\n}\n<\/style>\n    <\/div>\n \n        <\/div>\n      <\/div>\n\n            \n<style>\n#banner-1491220242 {\n  padding-top: 350px;\n  background-color: rgba(255, 255, 255, 0);\n}\n@media (min-width:550px) {\n  #banner-1491220242 {\n    padding-top: 250px;\n  }\n}\n@media (min-width:850px) {\n  #banner-1491220242 {\n    padding-top: 400px;\n  }\n}\n<\/style>\n  <\/div>\n\n\n     <\/div>\n\n     <div class=\"loading-spin dark large centered\"><\/div>\n\n\t<\/div>\n\n\n\t\t<\/div>\n\t\t\t\t\t<\/div>\n\n\t\n<\/div>\n\t<div id=\"gap-889924132\" class=\"gap-element clearfix\" style=\"display:block; height:auto;\">\n\t\t\n<style>\n#gap-889924132 {\n  padding-top: 30px;\n}\n<\/style>\n\t<\/div>\n\t\n\t\t<\/div>\n\n\t\t\n<style>\n#section_141969786 {\n  padding-top: 0px;\n  padding-bottom: 0px;\n}\n<\/style>\n\t<\/section>\n\t\n\n\t<section class=\"section has-parallax\" id=\"section_903183355\">\n\t\t<div class=\"section-bg fill\" data-parallax-container=\".section\" data-parallax-background data-parallax=\"-10\">\n\t\t\t<img decoding=\"async\" width=\"1600\" height=\"653\" src=\"https:\/\/deepdrop.es\/wp-content\/uploads\/2023\/01\/Campo-oilvos.png\" class=\"bg attachment-original size-original\" alt=\"\" \/>\t\t\t\t\t\t<div class=\"loading-spin centered\"><\/div>\n\t\t\t\n\t<div class=\"is-border\"\n\t\tstyle=\"border-color:rgb(36, 182, 226);border-width:0px 0px 20px 0px;\">\n\t<\/div>\n\n\t\t<\/div>\n\n\t\t\n\n\t\t<div class=\"section-content relative\">\n\t\t\t\n\t\t<\/div>\n\n\t\t\n<style>\n#section_903183355 {\n  padding-top: 0px;\n  padding-bottom: 0px;\n  min-height: 200px;\n  background-color: #24b6e2;\n}\n#section_903183355 .section-bg img {\n  object-position: 55% 61%;\n}\n@media (min-width:550px) {\n  #section_903183355 {\n    min-height: 300px;\n  }\n}\n@media (min-width:850px) {\n  #section_903183355 {\n    min-height: 400px;\n  }\n}\n<\/style>\n\t<\/section>\n\t\n\n\t<section class=\"section\" id=\"section_1176084528\">\n\t\t<div class=\"section-bg fill\" >\n\t\t\t\t\t\t\t\t\t\n\t\t\t\n\n\t\t<\/div>\n\n\t\t\n\n\t\t<div class=\"section-content relative\">\n\t\t\t\n\t<div id=\"gap-2123489243\" class=\"gap-element clearfix\" style=\"display:block; height:auto;\">\n\t\t\n<style>\n#gap-2123489243 {\n  padding-top: 30px;\n}\n<\/style>\n\t<\/div>\n\t\n<div class=\"row align-middle\"  id=\"row-813999073\">\n\n\t<div id=\"col-1343311822\" class=\"col medium-12 small-12 large-12\"  data-animate=\"fadeInRight\">\n\t\t\t\t<div class=\"col-inner text-left\"  >\n\t\t\t\n\t<div class=\"is-border\"\n\t\tstyle=\"border-color:rgb(122, 156, 89);border-width:2px 2px 2px 2px;\">\n\t<\/div>\n\t\t\t\n\t<div id=\"text-4118753396\" class=\"text\">\n\t\t\n<h5 class=\"uppercase\">SISTEMA DEEPDROP<\/h5>\n<\/p>\n\t\t\n<style>\n#text-4118753396 {\n  text-align: left;\n}\n<\/style>\n\t<\/div>\n\t\n\t<div id=\"text-1715545199\" class=\"text\">\n\t\t\n<h3>Implementa\u00e7\u00e3o de Sistemas de Irriga\u00e7\u00e3o Localizada<\/h3>\n<\/p>\n\t\t\n<style>\n#text-1715545199 {\n  font-size: 1.35rem;\n  color: #24b6e2;\n}\n#text-1715545199 > * {\n  color: #24b6e2;\n}\n<\/style>\n\t<\/div>\n\t\n\t<div id=\"text-4262320809\" class=\"text\">\n\t\t\n<h5 class=\"uppercase\">empenhado no ambiente<\/h5>\n\t\t\n<style>\n#text-4262320809 {\n  text-align: left;\n  color: #7a9c59;\n}\n#text-4262320809 > * {\n  color: #7a9c59;\n}\n<\/style>\n\t<\/div>\n\t\n\t<div id=\"text-2060858235\" class=\"text\">\n\t\t\n<p>Antes de instalar um <strong>sistema de rega localizada<\/strong>, \u00e9 essencial avaliar as carater\u00edsticas do solo e as necessidades espec\u00edficas da cultura. Para tal, analisa a textura e a estrutura do solo, a topografia e as necessidades h\u00eddricas das plantas. <\/p>\n<h3>Conce\u00e7\u00e3o do sistema<\/h3>\n<p>A conce\u00e7\u00e3o do <strong>sistema de irriga\u00e7\u00e3o localizada<\/strong> deve ser adaptada \u00e0s condi\u00e7\u00f5es do solo e ao tipo de cultura. Isto inclui a sele\u00e7\u00e3o dos emissores adequados, a disposi\u00e7\u00e3o das linhas de irriga\u00e7\u00e3o e a configura\u00e7\u00e3o do sistema de controlo. <\/p>\n<h3>Instala\u00e7\u00e3o e manuten\u00e7\u00e3o<\/h3>\n<p>Depois de o sistema ter sido concebido, a instala\u00e7\u00e3o deve ser efectuada com precis\u00e3o para garantir um funcionamento \u00f3timo. A manuten\u00e7\u00e3o regular, incluindo a limpeza dos emissores e a verifica\u00e7\u00e3o do sistema de controlo, \u00e9 crucial para manter a efici\u00eancia da <strong>rega localizada<\/strong>. <\/p>\n\t\t\n<style>\n#text-2060858235 {\n  font-size: 1.35rem;\n}\n<\/style>\n\t<\/div>\n\t\n\t\t<\/div>\n\t\t\t\t\n<style>\n#col-1343311822 > .col-inner {\n  padding: 7% 8% 5% 8%;\n  margin: 0 0px 0px 0px;\n}\n@media (min-width:550px) {\n  #col-1343311822 > .col-inner {\n    padding: 5% 5% 5% 5%;\n    margin: -50px 0 0px 0px;\n  }\n}\n@media (min-width:850px) {\n  #col-1343311822 > .col-inner {\n    padding: 5% 5% 5% 5%;\n  }\n}\n<\/style>\n\t<\/div>\n\n\t\n<\/div>\n\t\t<\/div>\n\n\t\t\n<style>\n#section_1176084528 {\n  padding-top: 30px;\n  padding-bottom: 30px;\n}\n@media (min-width:550px) {\n  #section_1176084528 {\n    padding-top: 50px;\n    padding-bottom: 50px;\n  }\n}\n<\/style>\n\t<\/section>\n\t\n","protected":false},"excerpt":{"rendered":"","protected":false},"author":1943,"featured_media":0,"parent":0,"menu_order":0,"comment_status":"closed","ping_status":"closed","template":"","meta":{"content-type":"","inline_featured_image":false,"_joinchat":[],"footnotes":""},"class_list":["post-10965","page","type-page","status-publish","hentry"],"_links":{"self":[{"href":"https:\/\/deepdrop.es\/pt-pt\/wp-json\/wp\/v2\/pages\/10965","targetHints":{"allow":["GET"]}}],"collection":[{"href":"https:\/\/deepdrop.es\/pt-pt\/wp-json\/wp\/v2\/pages"}],"about":[{"href":"https:\/\/deepdrop.es\/pt-pt\/wp-json\/wp\/v2\/types\/page"}],"author":[{"embeddable":true,"href":"https:\/\/deepdrop.es\/pt-pt\/wp-json\/wp\/v2\/users\/1943"}],"replies":[{"embeddable":true,"href":"https:\/\/deepdrop.es\/pt-pt\/wp-json\/wp\/v2\/comments?post=10965"}],"version-history":[{"count":0,"href":"https:\/\/deepdrop.es\/pt-pt\/wp-json\/wp\/v2\/pages\/10965\/revisions"}],"wp:attachment":[{"href":"https:\/\/deepdrop.es\/pt-pt\/wp-json\/wp\/v2\/media?parent=10965"}],"curies":[{"name":"wp","href":"https:\/\/api.w.org\/{rel}","templated":true}]}}