{"id":10958,"date":"2024-07-09T08:33:08","date_gmt":"2024-07-09T08:33:08","guid":{"rendered":"https:\/\/deepdrop.es\/sistema-de-rega-auto-compensado\/"},"modified":"2025-01-20T09:15:56","modified_gmt":"2025-01-20T09:15:56","slug":"sistema-de-rega-auto-compensado","status":"publish","type":"page","link":"https:\/\/deepdrop.es\/pt-pt\/sistema-de-rega-auto-compensado\/","title":{"rendered":"Sistema de rega auto-compensado"},"content":{"rendered":"\n\t<section class=\"section dark\" id=\"section_1014199833\">\n\t\t<div class=\"section-bg fill\" >\n\t\t\t<img decoding=\"async\" width=\"1600\" height=\"653\" src=\"https:\/\/deepdrop.es\/wp-content\/uploads\/2022\/12\/NARANJO.png\" class=\"bg attachment-original size-original\" alt=\"\" \/>\t\t\t\t\t\t<div class=\"section-bg-overlay absolute fill\"><\/div>\n\t\t\t\n\t<div class=\"is-border\"\n\t\tstyle=\"border-color:rgb(36, 182, 226);border-width:0px 0px 20px 0px;\">\n\t<\/div>\n\n\t\t<\/div>\n\n\t\t\n\n\t\t<div class=\"section-content relative\">\n\t\t\t\n<div class=\"row\"  id=\"row-1244975160\">\n\n\t<div id=\"col-1982966012\" class=\"col medium-7 small-10 large-5\"  >\n\t\t\t\t<div class=\"col-inner\"  >\n\t\t\t\n\t\t\t\n\t<div id=\"text-873092301\" class=\"text\">\n\t\t\n<h1 class=\"uppercase thin-font\"><span style=\"font-size: 160%;\">Sistema de Infiltra\u00e7\u00e3o<\/span><\/h1>\n<p><span style=\"font-size: 150%;\"><strong>A rega gota-a-gota autocompensante<\/strong> \u00e9 uma solu\u00e7\u00e3o avan\u00e7ada que melhora a efici\u00eancia e a sustentabilidade da rega agr\u00edcola. Ao assegurar uma distribui\u00e7\u00e3o precisa e uniforme da \u00e1gua, este sistema contribui para a sa\u00fade e produtividade das culturas, ao mesmo tempo que reduz o desperd\u00edcio de recursos h\u00eddricos. <br \/><\/span><\/p>\n\t\t\n<style>\n#text-873092301 {\n  color: rgb(255,255,255);\n}\n#text-873092301 > * {\n  color: rgb(255,255,255);\n}\n<\/style>\n\t<\/div>\n\t\n\t\t<\/div>\n\t\t\t\t\t<\/div>\n\n\t\n\n<style>\n#row-1244975160 > .col > .col-inner {\n  padding: 0px 0px 0px 20px;\n}\n<\/style>\n<\/div>\n\t\t<\/div>\n\n\t\t\n<style>\n#section_1014199833 {\n  padding-top: 30px;\n  padding-bottom: 30px;\n  min-height: 640px;\n  background-color: rgb(36, 182, 226);\n}\n#section_1014199833 .section-bg-overlay {\n  background-color: rgba(0, 0, 0, 0.099);\n}\n#section_1014199833 .section-bg img {\n  object-position: 42% 71%;\n}\n@media (min-width:550px) {\n  #section_1014199833 {\n    min-height: 680px;\n  }\n}\n<\/style>\n\t<\/section>\n\t\n\n\t<section class=\"section\" id=\"section_1101012178\">\n\t\t<div class=\"section-bg fill\" >\n\t\t\t\t\t\t\t\t\t\n\t\t\t\n\n\t\t<\/div>\n\n\t\t\n\n\t\t<div class=\"section-content relative\">\n\t\t\t\n<div class=\"row row-large align-middle\"  id=\"row-1126903018\">\n\n\t<div id=\"col-1353371238\" class=\"col medium-5 small-12 large-5\"  >\n\t\t\t\t<div class=\"col-inner text-center\"  >\n\t\t\t\n\t<div class=\"is-border\"\n\t\tstyle=\"border-color:rgb(122, 156, 89);border-width:2px 2px 2px 2px;\">\n\t<\/div>\n\t\t\t\n\t<div id=\"text-2209054158\" class=\"text\">\n\t\t\n<p>Gra\u00e7as \u00e0 sua capacidade de adapta\u00e7\u00e3o a v\u00e1rias condi\u00e7\u00f5es topogr\u00e1ficas e clim\u00e1ticas, <strong>a rega gota-a-gota autocompensante<\/strong> tornou-se a escolha preferida dos agricultores em todo o mundo.<\/p>\n\t\t\n<style>\n#text-2209054158 {\n  font-size: 1.45rem;\n  text-align: left;\n}\n<\/style>\n\t<\/div>\n\t\n\t\t<\/div>\n\t\t\t\t\n<style>\n#col-1353371238 > .col-inner {\n  padding: 10% 10% 10% 10%;\n}\n<\/style>\n\t<\/div>\n\n\t\n\n\t<div id=\"col-780973109\" class=\"col medium-7 small-12 large-7\"  >\n\t\t\t\t<div class=\"col-inner\"  >\n\t\t\t\n\t\t\t\n<h5 class=\"uppercase\">Sistema Deepdrop<\/h5>\n\t<div id=\"text-1268221888\" class=\"text\">\n\t\t\n<h2 class=\"thin-font\"><span style=\"font-size: 120%;\">Como funciona a rega gota-a-gota autocompensante?<\/h2>\n\t\t\n<style>\n#text-1268221888 {\n  color: #24b6e2;\n}\n#text-1268221888 > * {\n  color: #24b6e2;\n}\n<\/style>\n\t<\/div>\n\t\n\t<div id=\"text-3236460596\" class=\"text\">\n\t\t\n<h5 class=\"uppercase\">sistema de rega auto-compensador<\/h5>\n\t\t\n<style>\n#text-3236460596 {\n  color: #7a9c59;\n}\n#text-3236460596 > * {\n  color: #7a9c59;\n}\n<\/style>\n\t<\/div>\n\t\n\t<div id=\"text-2815891743\" class=\"text\">\n\t\t\n<p><strong>A rega gota-a-gota auto-compensada<\/strong> \u00e9 um<span  class=\" OP\" onclick=\"ljo_open('https:\/\/deepdrop.es\/sistema-riego-por-goteo\/', '');\"><strong> sistema de rega gota a gota<\/strong><\/span> utiliza emissores especiais que ajustam automaticamente a quantidade de \u00e1gua libertada em resposta a altera\u00e7\u00f5es na press\u00e3o do sistema. Este ajuste autom\u00e1tico \u00e9 poss\u00edvel gra\u00e7as a uma membrana flex\u00edvel dentro de cada emissor, que regula o caudal para manter um caudal constante. <\/p>\n\t\t\n<style>\n#text-2815891743 {\n  font-size: 1.4rem;\n}\n<\/style>\n\t<\/div>\n\t\n\t\t<\/div>\n\t\t\t\t\n<style>\n#col-780973109 > .col-inner {\n  padding: 0px 10px 0px 10px;\n}\n@media (min-width:550px) {\n  #col-780973109 > .col-inner {\n    padding: 0px 20px 0px 20px;\n  }\n}\n<\/style>\n\t<\/div>\n\n\t\n<\/div>\n\t\t<\/div>\n\n\t\t\n<style>\n#section_1101012178 {\n  padding-top: 30px;\n  padding-bottom: 30px;\n}\n<\/style>\n\t<\/section>\n\t\n\n\t<section class=\"section has-parallax\" id=\"section_448622684\">\n\t\t<div class=\"section-bg fill\" data-parallax-container=\".section\" data-parallax-background data-parallax=\"-10\">\n\t\t\t<img decoding=\"async\" width=\"1600\" height=\"653\" src=\"https:\/\/deepdrop.es\/wp-content\/uploads\/2023\/01\/Tomates-cherry.png\" class=\"bg attachment-original size-original\" alt=\"\" \/>\t\t\t\t\t\t<div class=\"loading-spin centered\"><\/div>\n\t\t\t\n\t<div class=\"is-border\"\n\t\tstyle=\"border-color:rgb(122, 156, 89);border-width:0px 0px 20px 0px;\">\n\t<\/div>\n\n\t\t<\/div>\n\n\t\t\n\n\t\t<div class=\"section-content relative\">\n\t\t\t\n\t\t<\/div>\n\n\t\t\n<style>\n#section_448622684 {\n  padding-top: 0px;\n  padding-bottom: 0px;\n  min-height: 200px;\n  background-color: rgb(122, 156, 89);\n}\n#section_448622684 .section-bg img {\n  object-position: 43% 43%;\n}\n@media (min-width:550px) {\n  #section_448622684 {\n    min-height: 300px;\n  }\n}\n@media (min-width:850px) {\n  #section_448622684 {\n    min-height: 400px;\n  }\n}\n<\/style>\n\t<\/section>\n\t\n\n\t<section class=\"section\" id=\"section_759991081\">\n\t\t<div class=\"section-bg fill\" >\n\t\t\t\t\t\t\t\t\t\n\t\t\t\n\n\t\t<\/div>\n\n\t\t\n\n\t\t<div class=\"section-content relative\">\n\t\t\t\n\t<div id=\"gap-1569385423\" class=\"gap-element clearfix\" style=\"display:block; height:auto;\">\n\t\t\n<style>\n#gap-1569385423 {\n  padding-top: 40px;\n}\n@media (min-width:550px) {\n  #gap-1569385423 {\n    padding-top: 30px;\n  }\n}\n<\/style>\n\t<\/div>\n\t\n<div class=\"row align-middle\"  id=\"row-1625965929\">\n\n\t<div id=\"col-651124269\" class=\"col medium-12 small-12 large-6\"  >\n\t\t\t\t<div class=\"col-inner\"  >\n\t\t\t\n\t\t\t\n<h5 class=\"uppercase\">sistema deepdrop\u00ae<\/h5>\n\t<div id=\"text-1227386641\" class=\"text\">\n\t\t\n<h2>Vantagens da rega gota-a-gota autocompensante<\/h2>\n\t\t\n<style>\n#text-1227386641 {\n  text-align: left;\n  color: #24b6e2;\n}\n#text-1227386641 > * {\n  color: #24b6e2;\n}\n<\/style>\n\t<\/div>\n\t\n\t<div id=\"text-2210247923\" class=\"text\">\n\t\t\n<h5 class=\"uppercase\">empenhados no desenvolvimento sustent\u00e1vel<\/h5>\n\t\t\n<style>\n#text-2210247923 {\n  text-align: left;\n  color: #7a9c59;\n}\n#text-2210247923 > * {\n  color: #7a9c59;\n}\n<\/style>\n\t<\/div>\n\t\n<p><strong>A rega gota-a-gota auto-compensada<\/strong> oferece uma s\u00e9rie de benef\u00edcios que a tornam ideal para uma variedade de aplica\u00e7\u00f5es agr\u00edcolas:<\/p>\n<h3>Coer\u00eancia na distribui\u00e7\u00e3o de \u00e1gua<\/h3>\n<p>Uma das principais vantagens deste tipo de irriga\u00e7\u00e3o <span  class=\" OP\" onclick=\"ljo_open('https:\/\/deepdrop.es\/sistema-riego-por-goteo\/', '');\"><strong>rega gota a gota<\/strong> <\/span>\u00e9 a sua capacidade de fornecer um fluxo uniforme de \u00e1gua a todas as plantas, independentemente da sua localiza\u00e7\u00e3o ou das varia\u00e7\u00f5es de press\u00e3o dentro do sistema. Isto assegura um crescimento homog\u00e9neo e saud\u00e1vel das culturas. <\/p>\n<h3>Otimizar a utiliza\u00e7\u00e3o da \u00e1gua<\/h3>\n<p>Este sistema minimiza o desperd\u00edcio de \u00e1gua, assegurando que cada planta recebe apenas a quantidade de \u00e1gua de que necessita. A efici\u00eancia da <strong>rega gota-a-gota auto-compensada<\/strong> resulta numa utiliza\u00e7\u00e3o mais sustent\u00e1vel e econ\u00f3mica dos recursos h\u00eddricos. <\/p>\n<h3>Adaptabilidade a terrenos dif\u00edceis<\/h3>\n<p><strong>A rega gota-a-gota autocompensante<\/strong> \u00e9 especialmente \u00fatil em terrenos com varia\u00e7\u00f5es topogr\u00e1ficas significativas, uma vez que mant\u00e9m a rega uniforme em todo o campo, adaptando-se \u00e0s diferen\u00e7as de eleva\u00e7\u00e3o e inclina\u00e7\u00e3o.<\/p>\n<h3>Reduzir os custos operacionais<\/h3>\n<p>A tecnologia de auto-compensa\u00e7\u00e3o reduz a necessidade de ajustes e manuten\u00e7\u00e3o constantes, reduzindo assim os custos de funcionamento e poupando tempo aos agricultores.<\/p>\n\t\t<\/div>\n\t\t\t\t\n<style>\n#col-651124269 > .col-inner {\n  padding: 0px 20px 0px 20px;\n}\n@media (min-width:550px) {\n  #col-651124269 > .col-inner {\n    padding: 0px 20px 0px 20px;\n  }\n}\n<\/style>\n\t<\/div>\n\n\t\n\n\t<div id=\"col-2039594357\" class=\"col medium-12 small-12 large-6\"  >\n\t\t\t\t<div class=\"col-inner\" style=\"background-color:rgb(255, 255, 255);\" >\n\t\t\t\n\t\t\t\n<div class=\"slider-wrapper relative\" id=\"slider-1687643217\" >\n    <div class=\"slider slider-nav-dots-dashes slider-nav-simple slider-nav-normal slider-nav-dark slider-style-focus slider-show-nav\"\n        data-flickity-options='{\n            \"cellAlign\": \"center\",\n            \"imagesLoaded\": true,\n            \"lazyLoad\": 1,\n            \"freeScroll\": true,\n            \"wrapAround\": true,\n            \"autoPlay\": 3500,\n            \"pauseAutoPlayOnHover\" : false,\n            \"prevNextButtons\": true,\n            \"contain\" : true,\n            \"adaptiveHeight\" : true,\n            \"dragThreshold\" : 10,\n            \"percentPosition\": true,\n            \"pageDots\": true,\n            \"rightToLeft\": false,\n            \"draggable\": true,\n            \"selectedAttraction\": 0.1,\n            \"parallax\" : 0,\n            \"friction\": 0.6        }'\n        >\n        \n     <\/div>\n\n     <div class=\"loading-spin dark large centered\"><\/div>\n\n\t<\/div>\n\n\n\t\t<\/div>\n\t\t\t\t\t<\/div>\n\n\t\n<\/div>\n\t<div id=\"gap-539923923\" class=\"gap-element clearfix\" style=\"display:block; height:auto;\">\n\t\t\n<style>\n#gap-539923923 {\n  padding-top: 30px;\n}\n<\/style>\n\t<\/div>\n\t\n\t\t<\/div>\n\n\t\t\n<style>\n#section_759991081 {\n  padding-top: 0px;\n  padding-bottom: 0px;\n}\n<\/style>\n\t<\/section>\n\t\n\n\t<section class=\"section has-parallax\" id=\"section_886698242\">\n\t\t<div class=\"section-bg fill\" data-parallax-container=\".section\" data-parallax-background data-parallax=\"-10\">\n\t\t\t<img decoding=\"async\" width=\"1600\" height=\"653\" src=\"https:\/\/deepdrop.es\/wp-content\/uploads\/2023\/01\/Campo-oilvos.png\" class=\"bg attachment-original size-original\" alt=\"\" \/>\t\t\t\t\t\t<div class=\"loading-spin centered\"><\/div>\n\t\t\t\n\t<div class=\"is-border\"\n\t\tstyle=\"border-color:rgb(36, 182, 226);border-width:0px 0px 20px 0px;\">\n\t<\/div>\n\n\t\t<\/div>\n\n\t\t\n\n\t\t<div class=\"section-content relative\">\n\t\t\t\n\t\t<\/div>\n\n\t\t\n<style>\n#section_886698242 {\n  padding-top: 0px;\n  padding-bottom: 0px;\n  min-height: 200px;\n  background-color: #24b6e2;\n}\n#section_886698242 .section-bg img {\n  object-position: 55% 61%;\n}\n@media (min-width:550px) {\n  #section_886698242 {\n    min-height: 300px;\n  }\n}\n@media (min-width:850px) {\n  #section_886698242 {\n    min-height: 400px;\n  }\n}\n<\/style>\n\t<\/section>\n\t\n\n\t<section class=\"section\" id=\"section_2100985253\">\n\t\t<div class=\"section-bg fill\" >\n\t\t\t\t\t\t\t\t\t\n\t\t\t\n\n\t\t<\/div>\n\n\t\t\n\n\t\t<div class=\"section-content relative\">\n\t\t\t\n\t<div id=\"gap-1468261320\" class=\"gap-element clearfix\" style=\"display:block; height:auto;\">\n\t\t\n<style>\n#gap-1468261320 {\n  padding-top: 30px;\n}\n<\/style>\n\t<\/div>\n\t\n<div class=\"row align-middle\"  id=\"row-2146339886\">\n\n\t<div id=\"col-94876486\" class=\"col medium-12 small-12 large-12\"  data-animate=\"fadeInRight\">\n\t\t\t\t<div class=\"col-inner text-left\"  >\n\t\t\t\n\t<div class=\"is-border\"\n\t\tstyle=\"border-color:rgb(122, 156, 89);border-width:2px 2px 2px 2px;\">\n\t<\/div>\n\t\t\t\n\t<div id=\"text-456567603\" class=\"text\">\n\t\t\n<h5 class=\"uppercase\">SISTEMA DEEPDROP<\/h5>\n<\/p>\n\t\t\n<style>\n#text-456567603 {\n  text-align: left;\n}\n<\/style>\n\t<\/div>\n\t\n\t<div id=\"text-3084539931\" class=\"text\">\n\t\t\n<h3>Implementa\u00e7\u00e3o da rega gota-a-gota autocompensante\/h3&gt;<\/p>\n\t\t\n<style>\n#text-3084539931 {\n  font-size: 1.35rem;\n  color: #24b6e2;\n}\n#text-3084539931 > * {\n  color: #24b6e2;\n}\n<\/style>\n\t<\/div>\n\t\n\t<div id=\"text-3189831771\" class=\"text\">\n\t\t\n<h5 class=\"uppercase\">empenhado no ambiente<\/h5>\n\t\t\n<style>\n#text-3189831771 {\n  text-align: left;\n  color: #7a9c59;\n}\n#text-3189831771 > * {\n  color: #7a9c59;\n}\n<\/style>\n\t<\/div>\n\t\n\t<div id=\"text-2837541979\" class=\"text\">\n\t\t\n<p>Para implementar um <strong>sistema de rega gota-a-gota autocompensante de<\/strong> forma eficaz, devem ser seguidos v\u00e1rios passos cruciais:<\/p>\n<h3>An\u00e1lise do solo e necessidades das culturas<\/h3>\n<p>Antes da instala\u00e7\u00e3o, deve ser efectuada uma an\u00e1lise detalhada do solo e das necessidades espec\u00edficas da cultura. Isto inclui o estudo da textura e da estrutura do solo, bem como da topografia e das necessidades h\u00eddricas das plantas. <\/p>\n<h3>Conce\u00e7\u00e3o do sistema<\/h3>\n<p>O projeto da <strong>rega gota-a-gota autocompensante<\/strong> deve ter em conta as carater\u00edsticas do solo e o tipo de cultura. Selecionam-se os emissores adequados e planeia-se a disposi\u00e7\u00e3o das linhas de rega e a configura\u00e7\u00e3o do sistema de controlo. <\/p>\n<h3>Instala\u00e7\u00e3o e manuten\u00e7\u00e3o<\/h3>\n<p>Uma instala\u00e7\u00e3o precisa \u00e9 crucial para um funcionamento \u00f3timo do sistema. Al\u00e9m disso, a manuten\u00e7\u00e3o regular, incluindo a limpeza do filtro e a verifica\u00e7\u00e3o dos emissores, \u00e9 essencial para garantir a efici\u00eancia cont\u00ednua da <strong>rega gota-a-gota autocompensante<\/strong>. <\/p>\n\t\t\n<style>\n#text-2837541979 {\n  font-size: 1.35rem;\n}\n<\/style>\n\t<\/div>\n\t\n\t\t<\/div>\n\t\t\t\t\n<style>\n#col-94876486 > .col-inner {\n  padding: 7% 8% 5% 8%;\n  margin: 0 0px 0px 0px;\n}\n@media (min-width:550px) {\n  #col-94876486 > .col-inner {\n    padding: 5% 5% 5% 5%;\n    margin: -50px 0 0px 0px;\n  }\n}\n@media (min-width:850px) {\n  #col-94876486 > .col-inner {\n    padding: 5% 5% 5% 5%;\n  }\n}\n<\/style>\n\t<\/div>\n\n\t\n<\/div>\n\t\t<\/div>\n\n\t\t\n<style>\n#section_2100985253 {\n  padding-top: 30px;\n  padding-bottom: 30px;\n}\n@media (min-width:550px) {\n  #section_2100985253 {\n    padding-top: 50px;\n    padding-bottom: 50px;\n  }\n}\n<\/style>\n\t<\/section>\n\t\n","protected":false},"excerpt":{"rendered":"","protected":false},"author":1943,"featured_media":0,"parent":0,"menu_order":0,"comment_status":"closed","ping_status":"closed","template":"","meta":{"content-type":"","inline_featured_image":false,"_joinchat":[],"footnotes":""},"class_list":["post-10958","page","type-page","status-publish","hentry"],"_links":{"self":[{"href":"https:\/\/deepdrop.es\/pt-pt\/wp-json\/wp\/v2\/pages\/10958","targetHints":{"allow":["GET"]}}],"collection":[{"href":"https:\/\/deepdrop.es\/pt-pt\/wp-json\/wp\/v2\/pages"}],"about":[{"href":"https:\/\/deepdrop.es\/pt-pt\/wp-json\/wp\/v2\/types\/page"}],"author":[{"embeddable":true,"href":"https:\/\/deepdrop.es\/pt-pt\/wp-json\/wp\/v2\/users\/1943"}],"replies":[{"embeddable":true,"href":"https:\/\/deepdrop.es\/pt-pt\/wp-json\/wp\/v2\/comments?post=10958"}],"version-history":[{"count":0,"href":"https:\/\/deepdrop.es\/pt-pt\/wp-json\/wp\/v2\/pages\/10958\/revisions"}],"wp:attachment":[{"href":"https:\/\/deepdrop.es\/pt-pt\/wp-json\/wp\/v2\/media?parent=10958"}],"curies":[{"name":"wp","href":"https:\/\/api.w.org\/{rel}","templated":true}]}}