{"id":10950,"date":"2024-12-17T11:47:18","date_gmt":"2024-12-17T11:47:18","guid":{"rendered":"https:\/\/deepdrop.es\/noticias\/"},"modified":"2025-01-20T09:12:33","modified_gmt":"2025-01-20T09:12:33","slug":"noticias","status":"publish","type":"page","link":"https:\/\/deepdrop.es\/pt-pt\/noticias\/","title":{"rendered":"Not\u00edcias"},"content":{"rendered":"<div id=\"ez-toc-container\" class=\"ez-toc-v2_0_82_2 counter-hierarchy ez-toc-counter ez-toc-light-blue ez-toc-container-direction\">\n<div class=\"ez-toc-title-container\">\n<p class=\"ez-toc-title\" style=\"cursor:inherit\">Tabla de contenidos<\/p>\n<span class=\"ez-toc-title-toggle\"><a href=\"#\" class=\"ez-toc-pull-right ez-toc-btn ez-toc-btn-xs ez-toc-btn-default ez-toc-toggle\" aria-label=\"Toggle Table of Content\"><span class=\"ez-toc-js-icon-con\"><span class=\"\"><span class=\"eztoc-hide\" style=\"display:none;\">Toggle<\/span><span class=\"ez-toc-icon-toggle-span\"><svg style=\"fill: #999;color:#999\" xmlns=\"http:\/\/www.w3.org\/2000\/svg\" class=\"list-377408\" width=\"20px\" height=\"20px\" viewBox=\"0 0 24 24\" fill=\"none\"><path d=\"M6 6H4v2h2V6zm14 0H8v2h12V6zM4 11h2v2H4v-2zm16 0H8v2h12v-2zM4 16h2v2H4v-2zm16 0H8v2h12v-2z\" fill=\"currentColor\"><\/path><\/svg><svg style=\"fill: #999;color:#999\" class=\"arrow-unsorted-368013\" xmlns=\"http:\/\/www.w3.org\/2000\/svg\" width=\"10px\" height=\"10px\" viewBox=\"0 0 24 24\" version=\"1.2\" baseProfile=\"tiny\"><path d=\"M18.2 9.3l-6.2-6.3-6.2 6.3c-.2.2-.3.4-.3.7s.1.5.3.7c.2.2.4.3.7.3h11c.3 0 .5-.1.7-.3.2-.2.3-.5.3-.7s-.1-.5-.3-.7zM5.8 14.7l6.2 6.3 6.2-6.3c.2-.2.3-.5.3-.7s-.1-.5-.3-.7c-.2-.2-.4-.3-.7-.3h-11c-.3 0-.5.1-.7.3-.2.2-.3.5-.3.7s.1.5.3.7z\"\/><\/svg><\/span><\/span><\/span><\/a><\/span><\/div>\n<nav><ul class='ez-toc-list ez-toc-list-level-1 ' ><li class='ez-toc-page-1 ez-toc-heading-level-2'><a class=\"ez-toc-link ez-toc-heading-1\" href=\"https:\/\/deepdrop.es\/pt-pt\/2022-o-ano-em-que-o-sistema-de-rega-deepdrop-e-revelado\/#Meios_de_comunicacao_social_espanhois\" >Meios de comunica\u00e7\u00e3o social espanh\u00f3is<\/a><ul class='ez-toc-list-level-3' ><li class='ez-toc-heading-level-3'><a class=\"ez-toc-link ez-toc-heading-2\" href=\"https:\/\/deepdrop.es\/pt-pt\/2022-o-ano-em-que-o-sistema-de-rega-deepdrop-e-revelado\/#Meios_de_comunicacao_social_latino-americanos\" >Meios de comunica\u00e7\u00e3o social latino-americanos<\/a><\/li><li class='ez-toc-page-1 ez-toc-heading-level-3'><a class=\"ez-toc-link ez-toc-heading-3\" href=\"https:\/\/deepdrop.es\/pt-pt\/2022-o-ano-em-que-o-sistema-de-rega-deepdrop-e-revelado\/#Media_em_ingles\" >Media em ingl\u00eas<\/a><\/li><li class='ez-toc-page-1 ez-toc-heading-level-3'><a class=\"ez-toc-link ez-toc-heading-4\" href=\"https:\/\/deepdrop.es\/pt-pt\/2022-o-ano-em-que-o-sistema-de-rega-deepdrop-e-revelado\/#Media_em_frances\" >Media em franc\u00eas<\/a><\/li><li class='ez-toc-page-1 ez-toc-heading-level-3'><a class=\"ez-toc-link ez-toc-heading-5\" href=\"https:\/\/deepdrop.es\/pt-pt\/2022-o-ano-em-que-o-sistema-de-rega-deepdrop-e-revelado\/#A_emissora_publica_alema_ZDF\" >A emissora p\u00fablica alem\u00e3 ZDF<\/a><\/li><\/ul><\/li><\/ul><\/nav><\/div>\n\n\t<section class=\"section\" id=\"section_894183664\">\n\t\t<div class=\"section-bg fill\" >\n\t\t\t<img decoding=\"async\" width=\"1920\" height=\"747\" src=\"https:\/\/deepdrop.es\/wp-content\/uploads\/2024\/12\/Logo-outline.jpg\" class=\"bg attachment-original size-original\" alt=\"\" \/>\t\t\t\t\t\t\n\t\t\t\n\n\t\t<\/div>\n\n\t\t\n\n\t\t<div class=\"section-content relative\">\n\t\t\t\n\t<div id=\"gap-555102752\" class=\"gap-element clearfix\" style=\"display:block; height:auto;\">\n\t\t\n<style>\n#gap-555102752 {\n  padding-top: 30px;\n}\n<\/style>\n\t<\/div>\n\t\n<div class=\"row\"  id=\"row-1640131738\">\n\n\t<div id=\"col-594227663\" class=\"col small-12 large-12\"  >\n\t\t\t\t<div class=\"col-inner\"  >\n\t\t\t\n\t\t\t\n\t<div id=\"text-2530581686\" class=\"text\">\n\t\t\n<h6>Sistema DeepDrop<\/h6>\n\t\t\n<style>\n#text-2530581686 {\n  text-align: center;\n  color: rgb(255,255,255);\n}\n#text-2530581686 > * {\n  color: rgb(255,255,255);\n}\n<\/style>\n\t<\/div>\n\t\n\t<div id=\"text-2017754527\" class=\"text\">\n\t\t\n<h1><span style=\"font-size: 100%;\"><span style=\"color: #cdedf2;\">Not\u00edcias sobre<\/span> o DeepDrop\u00ae System<\/span><\/h1>\n\t\t\n<style>\n#text-2017754527 {\n  font-size: 1.4rem;\n  text-align: center;\n  color: rgb(255,255,255);\n}\n#text-2017754527 > * {\n  color: rgb(255,255,255);\n}\n@media (min-width:550px) {\n  #text-2017754527 {\n    font-size: 2rem;\n  }\n}\n<\/style>\n\t<\/div>\n\t\n\t\t<\/div>\n\t\t\t\t\t<\/div>\n\n\t\n<\/div>\n\t\t<\/div>\n\n\t\t\n<style>\n#section_894183664 {\n  padding-top: 30px;\n  padding-bottom: 30px;\n  min-height: 50px;\n}\n#section_894183664 .section-bg img {\n  object-position: 96% 40%;\n}\n@media (min-width:550px) {\n  #section_894183664 {\n    min-height: 250px;\n  }\n}\n<\/style>\n\t<\/section>\n\t\n\n\t<section class=\"section\" id=\"section_1111104590\">\n\t\t<div class=\"section-bg fill\" >\n\t\t\t\t\t\t\t\t\t\n\t\t\t\n\n\t\t<\/div>\n\n\t\t\t<div class=\"ux-shape-divider ux-shape-divider--top ux-shape-divider--style-waves\">\n\t\t<svg viewBox=\"0 0 1200 120\" xmlns=\"http:\/\/www.w3.org\/2000\/svg\" preserveAspectRatio=\"none\">\n  <path class=\"ux-shape-fill\" d=\"M321.39 63.56c58 10.79 114.16 30.13 172 41.86 82.39 16.72 168.19 17.73 250.45.39C823.78 89 906.67 48 985.66 27.17c70.05-18.48 146.53-26.09 214.34-3V120H0V92.65a600.21 600.21 0 01321.39-29.09z\"\/>\n<\/svg>\n\t<\/div>\n\n\n\t\t<div class=\"section-content relative\">\n\t\t\t\n\t<div id=\"gap-555270213\" class=\"gap-element clearfix\" style=\"display:block; height:auto;\">\n\t\t\n<style>\n#gap-555270213 {\n  padding-top: 50px;\n}\n@media (min-width:550px) {\n  #gap-555270213 {\n    padding-top: 150px;\n  }\n}\n<\/style>\n\t<\/div>\n\t\n<div class=\"row row-collapse\"  id=\"row-1754128776\">\n\n\t<div id=\"col-1712250265\" class=\"col small-12 large-12\"  >\n\t\t\t\t<div class=\"col-inner\"  >\n\t\t\t\n\t\t\t\n\n  \n    <div class=\"row large-columns-3 medium-columns-1 small-columns-1 slider row-slider slider-nav-simple slider-nav-outside slider-nav-push\"  data-flickity-options='{&quot;imagesLoaded&quot;: true, &quot;groupCells&quot;: &quot;100%&quot;, &quot;dragThreshold&quot; : 5, &quot;cellAlign&quot;: &quot;left&quot;,&quot;wrapAround&quot;: true,&quot;prevNextButtons&quot;: true,&quot;percentPosition&quot;: true,&quot;pageDots&quot;: true, &quot;rightToLeft&quot;: false, &quot;autoPlay&quot; : false}' >\n\n  <div class=\"col post-item\" data-animate=\"fadeInLeft\">\n\t\t\t<div class=\"col-inner\">\n\t\t\t\t<div class=\"box box-default box-text-bottom box-blog-post has-hover\">\n            \t\t\t\t\t<div class=\"box-image\" style=\"width:96%;\">\n  \t\t\t\t\t\t<div class=\"image-cover\" style=\"padding-top:50%;\">\n\t\t\t\t\t\t\t<a href=\"https:\/\/deepdrop.es\/pt-pt\/artigo-completo-sobre-a-deepdrop-da-revista-voz-do-campo\/\" class=\"plain\" aria-label=\"Artigo completo sobre a DeepDrop\u00ae da Revista Voz do Campo\">\n\t\t\t\t\t\t\t\t<img decoding=\"async\" width=\"300\" height=\"169\" src=\"https:\/\/deepdrop.es\/wp-content\/uploads\/2023\/08\/Anadir-un-titulo-300x169.jpg\" class=\"attachment-medium size-medium wp-post-image\" alt=\"\" srcset=\"https:\/\/deepdrop.es\/wp-content\/uploads\/2023\/08\/Anadir-un-titulo-300x169.jpg 300w, https:\/\/deepdrop.es\/wp-content\/uploads\/2023\/08\/Anadir-un-titulo-247x139.jpg 247w, https:\/\/deepdrop.es\/wp-content\/uploads\/2023\/08\/Anadir-un-titulo-510x287.jpg 510w, https:\/\/deepdrop.es\/wp-content\/uploads\/2023\/08\/Anadir-un-titulo-1024x576.jpg 1024w, https:\/\/deepdrop.es\/wp-content\/uploads\/2023\/08\/Anadir-un-titulo-768x432.jpg 768w, https:\/\/deepdrop.es\/wp-content\/uploads\/2023\/08\/Anadir-un-titulo-1536x864.jpg 1536w, https:\/\/deepdrop.es\/wp-content\/uploads\/2023\/08\/Anadir-un-titulo.jpg 1920w\" sizes=\"(max-width: 300px) 100vw, 300px\" \/>\t\t\t\t\t\t\t<\/a>\n  \t\t\t\t\t\t\t  \t\t\t\t\t\t\t  \t\t\t\t\t\t<\/div>\n  \t\t\t\t\t\t  \t\t\t\t\t<\/div>\n          \t\t\t\t\t<div class=\"box-text text-left\" style=\"padding:15px 20px 15px 20px;\">\n\t\t\t\t\t<div class=\"box-text-inner blog-post-inner\">\n\n\t\t\t\t\t\n\t\t\t\t\t\t\t\t\t\t\t<p class=\"cat-label  is-xxsmall op-7 uppercase\">\n\t\t\t\t\tNot\u00edcias \t\t\t\t\t<\/p>\n\t\t\t\t\t\t\t\t\t\t<h5 class=\"post-title is-large uppercase\">\n\t\t\t\t\t\t<a href=\"https:\/\/deepdrop.es\/pt-pt\/artigo-completo-sobre-a-deepdrop-da-revista-voz-do-campo\/\" class=\"plain\">Artigo completo sobre a DeepDrop\u00ae da Revista Voz do Campo<\/a>\n\t\t\t\t\t<\/h5>\n\t\t\t\t\t\t\t\t\t\t<div class=\"is-divider\"><\/div>\n\t\t\t\t\t\t\t\t\t\t<p class=\"from_the_blog_excerpt \">\n\t\t\t\t\t\t\t\t\t\t\t<\/p>\n\t\t\t\t\t                    \n\t\t\t\t\t\t\t\t\t\t\t<a href=\"https:\/\/deepdrop.es\/pt-pt\/artigo-completo-sobre-a-deepdrop-da-revista-voz-do-campo\/\" class=\"button primary is-outline is-small mb-0\">\n\t\t\t\t\t\t\tL\u00ea mais\t\t\t\t\t\t<\/a>\n\t\t\t\t\t\n\t\t\t\t\t\n\t\t\t\t\t<\/div>\n\t\t\t\t\t<\/div>\n\t\t\t\t\t\t\t\t\t\t\t\t\t\t\t\t<div class=\"badge absolute top post-date badge-square\">\n\t\t\t\t\t\t\t<div class=\"badge-inner\">\n\t\t\t\t\t\t\t\t<span class=\"post-date-day\">11<\/span><br>\n\t\t\t\t\t\t\t\t<span class=\"post-date-month is-xsmall\">Ago<\/span>\n\t\t\t\t\t\t\t<\/div>\n\t\t\t\t\t\t<\/div>\n\t\t\t\t\t\t\t\t\t<\/div>\n\t\t\t<\/div>\n\t\t<\/div><div class=\"col post-item\" data-animate=\"fadeInLeft\">\n\t\t\t<div class=\"col-inner\">\n\t\t\t\t<div class=\"box box-default box-text-bottom box-blog-post has-hover\">\n            \t\t\t\t\t<div class=\"box-image\" style=\"width:96%;\">\n  \t\t\t\t\t\t<div class=\"image-cover\" style=\"padding-top:50%;\">\n\t\t\t\t\t\t\t<a href=\"https:\/\/deepdrop.es\/pt-pt\/2022-o-ano-em-que-o-sistema-de-rega-deepdrop-e-revelado\/\" class=\"plain\" aria-label=\"2022: O ano em que o sistema de rega DeepDrop\u00ae \u00e9 revelado\">\n\t\t\t\t\t\t\t\t<img decoding=\"async\" width=\"300\" height=\"169\" src=\"https:\/\/deepdrop.es\/wp-content\/uploads\/2022\/12\/2022-EN-MEDIOS-300x169.png\" class=\"attachment-medium size-medium wp-post-image\" alt=\"\" srcset=\"https:\/\/deepdrop.es\/wp-content\/uploads\/2022\/12\/2022-EN-MEDIOS-300x169.png 300w, https:\/\/deepdrop.es\/wp-content\/uploads\/2022\/12\/2022-EN-MEDIOS-247x139.png 247w, https:\/\/deepdrop.es\/wp-content\/uploads\/2022\/12\/2022-EN-MEDIOS-510x287.png 510w, https:\/\/deepdrop.es\/wp-content\/uploads\/2022\/12\/2022-EN-MEDIOS-768x432.png 768w, https:\/\/deepdrop.es\/wp-content\/uploads\/2022\/12\/2022-EN-MEDIOS-18x10.png 18w, https:\/\/deepdrop.es\/wp-content\/uploads\/2022\/12\/2022-EN-MEDIOS.png 1024w\" sizes=\"(max-width: 300px) 100vw, 300px\" \/>\t\t\t\t\t\t\t<\/a>\n  \t\t\t\t\t\t\t  \t\t\t\t\t\t\t  \t\t\t\t\t\t<\/div>\n  \t\t\t\t\t\t  \t\t\t\t\t<\/div>\n          \t\t\t\t\t<div class=\"box-text text-left\" style=\"padding:15px 20px 15px 20px;\">\n\t\t\t\t\t<div class=\"box-text-inner blog-post-inner\">\n\n\t\t\t\t\t\n\t\t\t\t\t\t\t\t\t\t\t<p class=\"cat-label  is-xxsmall op-7 uppercase\">\n\t\t\t\t\tNot\u00edcias \t\t\t\t\t<\/p>\n\t\t\t\t\t\t\t\t\t\t<h5 class=\"post-title is-large uppercase\">\n\t\t\t\t\t\t<a href=\"https:\/\/deepdrop.es\/pt-pt\/2022-o-ano-em-que-o-sistema-de-rega-deepdrop-e-revelado\/\" class=\"plain\">2022: O ano em que o sistema de rega DeepDrop\u00ae \u00e9 revelado<\/a>\n\t\t\t\t\t<\/h5>\n\t\t\t\t\t\t\t\t\t\t<div class=\"is-divider\"><\/div>\n\t\t\t\t\t\t\t\t\t\t<p class=\"from_the_blog_excerpt \">\n\t\t\t\t\t\t\t\t\t\t\t<\/p>\n\t\t\t\t\t                    \n\t\t\t\t\t\t\t\t\t\t\t<a href=\"https:\/\/deepdrop.es\/pt-pt\/2022-o-ano-em-que-o-sistema-de-rega-deepdrop-e-revelado\/\" class=\"button primary is-outline is-small mb-0\">\n\t\t\t\t\t\t\tL\u00ea mais\t\t\t\t\t\t<\/a>\n\t\t\t\t\t\n\t\t\t\t\t\n\t\t\t\t\t<\/div>\n\t\t\t\t\t<\/div>\n\t\t\t\t\t\t\t\t\t\t\t\t\t\t\t\t<div class=\"badge absolute top post-date badge-square\">\n\t\t\t\t\t\t\t<div class=\"badge-inner\">\n\t\t\t\t\t\t\t\t<span class=\"post-date-day\">27<\/span><br>\n\t\t\t\t\t\t\t\t<span class=\"post-date-month is-xsmall\">Dez<\/span>\n\t\t\t\t\t\t\t<\/div>\n\t\t\t\t\t\t<\/div>\n\t\t\t\t\t\t\t\t\t<\/div>\n\t\t\t<\/div>\n\t\t<\/div><\/div>\n\t\t<\/div>\n\t\t\t\t\n<style>\n#col-1712250265 > .col-inner {\n  padding: 0px 25px 0px 25px;\n}\n<\/style>\n\t<\/div>\n\n\t\n<\/div>\n\t\t<\/div>\n\n\t\t\n<style>\n#section_1111104590 {\n  padding-top: 30px;\n  padding-bottom: 30px;\n}\n#section_1111104590 .ux-shape-divider--top svg {\n  height: 60px;\n  --divider-top-width: 100%;\n}\n#section_1111104590 .ux-shape-divider--top .ux-shape-fill {\n  fill: #5aa3b6;\n}\n@media (min-width:550px) {\n  #section_1111104590 .ux-shape-divider--top svg {\n    height: 120px;\n  }\n}\n<\/style>\n\t<\/section>\n\t\n\t<div id=\"gap-566753061\" class=\"gap-element clearfix\" style=\"display:block; height:auto;\">\n\t\t\n<style>\n#gap-566753061 {\n  padding-top: 80px;\n}\n<\/style>\n\t<\/div>\n\t\n\n\t<section class=\"section hide-for-small\" id=\"section_26942392\">\n\t\t<div class=\"section-bg fill\" >\n\t\t\t\t\t\t\t\t\t\n\t\t\t\n\n\t\t<\/div>\n\n\t\t\n\n\t\t<div class=\"section-content relative\">\n\t\t\t\n<div class=\"row row-collapse row-full-width align-middle align-center\"  id=\"row-676149406\">\n\n\t<div id=\"col-1409804885\" class=\"col medium-4 large-4\"  data-animate=\"fadeInUp\">\n\t\t\t\t<div class=\"col-inner\"  >\n\t\t\t\n\t\t\t\n\t<div id=\"text-2654431650\" class=\"text\">\n\t\t\n<h2 class=\"uppercase\">contacto<\/h2>\n\t\t\n<style>\n#text-2654431650 {\n  font-size: 0.95rem;\n  text-align: right;\n  color: rgb(255,255,255);\n}\n#text-2654431650 > * {\n  color: rgb(255,255,255);\n}\n@media (min-width:550px) {\n  #text-2654431650 {\n    font-size: 2rem;\n  }\n}\n<\/style>\n\t<\/div>\n\t\n\t\t<\/div>\n\t\t\t\t\t<\/div>\n\n\t\n\n\t<div id=\"col-388919757\" class=\"col medium-4 small-5 large-4\"  data-animate=\"fadeInDown\">\n\t\t\t\t<div class=\"col-inner\"  >\n\t\t\t\n\t\t\t\n\t<div id=\"text-1899477939\" class=\"text\">\n\t\t\n<h2 class=\"uppercase\">connosco<\/h2>\n\t\t\n<style>\n#text-1899477939 {\n  font-size: 0.85rem;\n  text-align: center;\n  color: #59a3b9;\n}\n#text-1899477939 > * {\n  color: #59a3b9;\n}\n@media (min-width:550px) {\n  #text-1899477939 {\n    font-size: 2rem;\n  }\n}\n<\/style>\n\t<\/div>\n\t\n\t\t<\/div>\n\t\t\t\t\t<\/div>\n\n\t\n\n\t<div id=\"col-2026925143\" class=\"col medium-4 small-3 large-4\"  data-animate=\"fadeInRight\">\n\t\t\t\t<div class=\"col-inner\"  >\n\t\t\t\n\t\t\t\n\t<div id=\"text-1918546368\" class=\"text\">\n\t\t\n<h2><span  class=\" OP\" onclick=\"ljo_open('https:\/\/deepdrop.es\/pt-pt\/contacto\/', '');\"><span style=\"color: #adffff;\"><strong>AQUI <i class=\"fas fa-long-arrow-alt-left\"><\/i><\/strong><\/span><\/span><\/h2>\n\t\t\n<style>\n#text-1918546368 {\n  font-size: 1rem;\n}\n@media (min-width:550px) {\n  #text-1918546368 {\n    font-size: 2rem;\n  }\n}\n<\/style>\n\t<\/div>\n\t\n\t\t<\/div>\n\t\t\t\t\t<\/div>\n\n\t\n<\/div>\n\t\t<\/div>\n\n\t\t\n<style>\n#section_26942392 {\n  padding-top: 30px;\n  padding-bottom: 30px;\n  background-color: #0b386a;\n}\n<\/style>\n\t<\/section>\n\t\n\n\t<section class=\"section\" id=\"section_1355058890\">\n\t\t<div class=\"section-bg fill\" >\n\t\t\t\t\t\t\t\t\t\n\t\t\t\n\n\t\t<\/div>\n\n\t\t\n\n\t\t<div class=\"section-content relative\">\n\t\t\t\n<div class=\"row row-collapse\" style=\"max-width:900px\" id=\"row-71106356\">\n\n\t<div id=\"col-1742284206\" class=\"col medium-4 small-12 large-4\"  >\n\t\t\t\t<div class=\"col-inner\"  >\n\t\t\t\n\t\t\t\n\n\t\t<div class=\"icon-box featured-box icon-box-center text-center\"  >\n\t\t\t\t\t<div class=\"icon-box-img\" style=\"width: 40px\">\n\t\t\t\t<div class=\"icon\">\n\t\t\t\t\t<div class=\"icon-inner\" >\n\t\t\t\t\t\t<img decoding=\"async\" width=\"120\" height=\"120\" src=\"https:\/\/deepdrop.es\/wp-content\/uploads\/2024\/11\/mail-fill.png\" class=\"attachment-medium size-medium\" alt=\"\" srcset=\"https:\/\/deepdrop.es\/wp-content\/uploads\/2024\/11\/mail-fill.png 120w, https:\/\/deepdrop.es\/wp-content\/uploads\/2024\/11\/mail-fill-100x100.png 100w\" sizes=\"(max-width: 120px) 100vw, 120px\" \/>\t\t\t\t\t<\/div>\n\t\t\t\t<\/div>\n\t\t\t<\/div>\n\t\t\t\t<div class=\"icon-box-text last-reset\">\n\t\t\t\t\t\t\t\t\t\n\t<div id=\"text-2730218183\" class=\"text\">\n\t\t\n<h4>Envia-nos uma mensagem de correio eletr\u00f3nico<\/h4>\n<p><strong><span style=\"color: #ffffff;\">info@deepdrop.es<\/span><\/strong><\/p>\n\t\t\n<style>\n#text-2730218183 {\n  line-height: 1;\n}\n<\/style>\n\t<\/div>\n\t\n\t\t<\/div>\n\t<\/div>\n\t\n\t\n\t<div id=\"gap-1648370821\" class=\"gap-element clearfix\" style=\"display:block; height:auto;\">\n\t\t\n<style>\n#gap-1648370821 {\n  padding-top: 20px;\n}\n<\/style>\n\t<\/div>\n\t\n\t\t<\/div>\n\t\t\t\t\t<\/div>\n\n\t\n\n\t<div id=\"col-1984291801\" class=\"col medium-4 small-12 large-4\"  >\n\t\t\t\t<div class=\"col-inner\"  >\n\t\t\t\n\t\t\t\n\n\t\t<div class=\"icon-box featured-box icon-box-center text-center\"  >\n\t\t\t\t\t<div class=\"icon-box-img\" style=\"width: 40px\">\n\t\t\t\t<div class=\"icon\">\n\t\t\t\t\t<div class=\"icon-inner\" >\n\t\t\t\t\t\t<img decoding=\"async\" width=\"120\" height=\"120\" src=\"https:\/\/deepdrop.es\/wp-content\/uploads\/2024\/11\/map-pin-2-fill.png\" class=\"attachment-medium size-medium\" alt=\"\" srcset=\"https:\/\/deepdrop.es\/wp-content\/uploads\/2024\/11\/map-pin-2-fill.png 120w, https:\/\/deepdrop.es\/wp-content\/uploads\/2024\/11\/map-pin-2-fill-100x100.png 100w\" sizes=\"(max-width: 120px) 100vw, 120px\" \/>\t\t\t\t\t<\/div>\n\t\t\t\t<\/div>\n\t\t\t<\/div>\n\t\t\t\t<div class=\"icon-box-text last-reset\">\n\t\t\t\t\t\t\t\t\t\n\t<div id=\"text-3144512894\" class=\"text\">\n\t\t\n<h4><strong>Visita o nosso escrit\u00f3rio<\/strong><\/h4>\n<p><span style=\"color: #ffffff;\"><strong>Avda. Isaac Alb\u00e9niz 2, Torrox (M\u00e1laga) <\/strong><\/span><\/p>\n\t\t\n<style>\n#text-3144512894 {\n  line-height: 1;\n}\n<\/style>\n\t<\/div>\n\t\n\t\t<\/div>\n\t<\/div>\n\t\n\t\n\t\t<\/div>\n\t\t\t\t\t<\/div>\n\n\t\n\n\t<div id=\"col-2003490106\" class=\"col medium-4 small-12 large-4\"  >\n\t\t\t\t<div class=\"col-inner\"  >\n\t\t\t\n\t\t\t\n\n\t\t<div class=\"icon-box featured-box icon-box-center text-center\"  >\n\t\t\t\t\t<div class=\"icon-box-img\" style=\"width: 40px\">\n\t\t\t\t<div class=\"icon\">\n\t\t\t\t\t<div class=\"icon-inner\" >\n\t\t\t\t\t\t<img decoding=\"async\" width=\"120\" height=\"120\" src=\"https:\/\/deepdrop.es\/wp-content\/uploads\/2024\/11\/phone-fill.png\" class=\"attachment-medium size-medium\" alt=\"\" srcset=\"https:\/\/deepdrop.es\/wp-content\/uploads\/2024\/11\/phone-fill.png 120w, https:\/\/deepdrop.es\/wp-content\/uploads\/2024\/11\/phone-fill-100x100.png 100w\" sizes=\"(max-width: 120px) 100vw, 120px\" \/>\t\t\t\t\t<\/div>\n\t\t\t\t<\/div>\n\t\t\t<\/div>\n\t\t\t\t<div class=\"icon-box-text last-reset\">\n\t\t\t\t\t\t\t\t\t\n\t<div id=\"text-4203199618\" class=\"text\">\n\t\t\n<h4>Liga-nos para<\/h4>\n<p><span style=\"color: #ffffff;\"><strong><a style=\"color: #ffffff;\" href=\"https:\/\/api.whatsapp.com\/send?phone=672329393&amp;text=Deseo%20saber%20m%C3%A1s%20sobre%20vuestros%20productos\" target=\"_blank\" rel=\"noopener\">(+34) 672 329 393<\/a><\/strong><\/span><\/p>\n\t\t\n<style>\n#text-4203199618 {\n  line-height: 1;\n}\n<\/style>\n\t<\/div>\n\t\n\t\t<\/div>\n\t<\/div>\n\t\n\t\n\t\t<\/div>\n\t\t\t\t\t<\/div>\n\n\t\n<\/div>\n\t\t<\/div>\n\n\t\t\n<style>\n#section_1355058890 {\n  padding-top: 30px;\n  padding-bottom: 30px;\n  background-color: #92cbd7;\n}\n<\/style>\n\t<\/section>\n\t\n","protected":false},"excerpt":{"rendered":"","protected":false},"author":5,"featured_media":0,"parent":0,"menu_order":0,"comment_status":"closed","ping_status":"closed","template":"page-blank.php","meta":{"content-type":"","inline_featured_image":false,"_joinchat":[],"footnotes":""},"class_list":["post-10950","page","type-page","status-publish","hentry"],"_links":{"self":[{"href":"https:\/\/deepdrop.es\/pt-pt\/wp-json\/wp\/v2\/pages\/10950","targetHints":{"allow":["GET"]}}],"collection":[{"href":"https:\/\/deepdrop.es\/pt-pt\/wp-json\/wp\/v2\/pages"}],"about":[{"href":"https:\/\/deepdrop.es\/pt-pt\/wp-json\/wp\/v2\/types\/page"}],"author":[{"embeddable":true,"href":"https:\/\/deepdrop.es\/pt-pt\/wp-json\/wp\/v2\/users\/5"}],"replies":[{"embeddable":true,"href":"https:\/\/deepdrop.es\/pt-pt\/wp-json\/wp\/v2\/comments?post=10950"}],"version-history":[{"count":0,"href":"https:\/\/deepdrop.es\/pt-pt\/wp-json\/wp\/v2\/pages\/10950\/revisions"}],"wp:attachment":[{"href":"https:\/\/deepdrop.es\/pt-pt\/wp-json\/wp\/v2\/media?parent=10950"}],"curies":[{"name":"wp","href":"https:\/\/api.w.org\/{rel}","templated":true}]}}