{"id":5060,"date":"2021-10-19T15:00:12","date_gmt":"2021-10-19T15:00:12","guid":{"rendered":"https:\/\/deepdrop.es\/informativa-sui-cookie\/"},"modified":"2023-09-28T09:15:02","modified_gmt":"2023-09-28T09:15:02","slug":"informativa-sui-cookie","status":"publish","type":"page","link":"https:\/\/deepdrop.es\/it\/informativa-sui-cookie\/","title":{"rendered":"Informativa sui cookie"},"content":{"rendered":"\n\t<section class=\"section\" id=\"section_1462530072\">\n\t\t<div class=\"section-bg fill\" >\n\t\t\t\t\t\t\t\t\t\n\t\t\t\n\n\t\t<\/div>\n\n\t\t\n\n\t\t<div class=\"section-content relative\">\n\t\t\t\n<div class=\"row row-large align-middle align-center\"  id=\"row-1281627488\">\n\n\t<div id=\"col-965419585\" class=\"col small-12 large-12\"  >\n\t\t\t\t<div class=\"col-inner\"  >\n\t\t\t\n\t\t\t\n\t<div id=\"text-3344524465\" class=\"text\">\n\t\t\n<h2 class=\"uppercase\"><span style=\"font-size: 140%;\">Politica sui cookie<\/span><\/h2>\n\t\t\n<style>\n#text-3344524465 {\n  text-align: center;\n  color: rgb(0,0,0);\n}\n#text-3344524465 > * {\n  color: rgb(0,0,0);\n}\n<\/style>\n\t<\/div>\n\t\n<div class=\"text-center\"><div class=\"is-divider divider clearfix\" style=\"margin-top:0.5em;margin-bottom:0.5em;max-width:172px;background-color:rgb(0, 0, 0);\"><\/div><\/div>\n\t<div id=\"text-3462098540\" class=\"text justify\">\n\t\t\n<header class=\"text-center\">\n<h4><span class=\"blanc-space ng-binding\">https:\/\/deepdrop.es<\/span><\/h4>\n<\/header>\n<div>\n<p>L&#8217;accesso a questo sito web pu\u00f2 comportare l&#8217;uso di cookie. I cookie sono piccole quantit\u00e0 di informazioni che vengono memorizzate nel browser utilizzato da ciascun Utente &#8211; nei diversi dispositivi che possono utilizzare per la navigazione &#8211; in modo che il server ricordi alcune informazioni che saranno successivamente lette solo dal server che le ha implementate. I cookie rendono la navigazione pi\u00f9 facile e intuitiva e non danneggiano il dispositivo di navigazione.<\/p>\n<p>I cookie sono procedure automatiche per la raccolta di informazioni relative alle preferenze determinate dall&#8217;Utente durante la sua visita al Sito web, al fine di riconoscerlo come Utente e di personalizzarne l&#8217;esperienza e l&#8217;uso del Sito web, e possono anche, ad esempio, aiutare a identificare e risolvere gli errori.<\/p>\n<p>Le informazioni raccolte attraverso i cookie possono includere la data e l&#8217;ora delle visite al Sito, le pagine visualizzate, il tempo trascorso sul Sito e i siti visitati subito prima e subito dopo il Sito. Tuttavia, nessun cookie consente di contattare il numero di telefono dell&#8217;Utente o qualsiasi altro mezzo di contatto personale. Nessun cookie pu\u00f2 estrarre informazioni dal disco rigido dell&#8217;Utente o rubare informazioni personali. L&#8217;unico modo per far s\u00ec che le informazioni private dell&#8217;Utente entrino a far parte del file dei cookie \u00e8 che l&#8217;Utente le fornisca personalmente al server.<\/p>\n<p>I cookie che consentono di identificare un individuo sono considerati dati personali. Pertanto, ad essi si applica l&#8217;Informativa sulla privacy sopra descritta. In tal senso, il consenso dell&#8217;Utente sar\u00e0 necessario per l&#8217;utilizzo degli stessi. Questo consenso deve essere comunicato, sulla base di una scelta autentica, offerta da una decisione affermativa e positiva, prima del trattamento iniziale, rimovibile e documentata.<\/p>\n<div class=\"\">\n<h4>Biscotti propri<\/h4>\n<p>Si tratta di cookie inviati al computer o al dispositivo dell&#8217;Utente e gestiti esclusivamente da <span class=\"blanc-space ng-binding\">Formaci\u00f3n en Est\u00e9tica<\/span> per il miglior funzionamento del Sito. Le informazioni raccolte vengono utilizzate per migliorare la qualit\u00e0 del Sito e dei suoi Contenuti e l&#8217;esperienza dell&#8217;Utente. Questi cookie consentono di riconoscere l&#8217;Utente come visitatore abituale del Sito web e di adattare il contenuto per offrirgli contenuti adeguati alle sue preferenze.<\/p>\n<\/div>\n<div class=\"thirdCookies\">\n<h4>Cookie di terze parti<\/h4>\n<p>Questi cookie sono utilizzati e gestiti da entit\u00e0 esterne che forniscono a <span class=\"blanc-space ng-binding\">Formaci\u00f3n en Est\u00e9tica<\/span> i servizi richiesti da quest&#8217;ultima per migliorare il sito web e l&#8217;esperienza dell&#8217;utente durante la navigazione. Gli scopi principali per cui vengono utilizzati i cookie di terze parti sono l&#8217;ottenimento di statistiche di accesso e l&#8217;analisi delle informazioni di navigazione, ovvero le modalit\u00e0 di interazione dell&#8217;Utente con il Sito.<\/p>\n<p>Le informazioni ottenute si riferiscono, ad esempio, al numero di pagine visitate, alla lingua, al luogo in cui si trova l&#8217;indirizzo IP da cui l&#8217;Utente accede, al numero di Utenti che accedono, alla frequenza e alla ricorrenza delle visite, all&#8217;ora della visita, al browser utilizzato, all&#8217;operatore o al tipo di dispositivo da cui viene effettuata la visita. Queste informazioni vengono utilizzate per migliorare il sito web e per individuare nuove esigenze, al fine di offrire agli utenti un contenuto e\/o un servizio della migliore qualit\u00e0. In tutti i casi, le informazioni vengono raccolte in forma anonima e i rapporti sulle tendenze del sito web vengono compilati senza identificare i singoli utenti.<\/p>\n<p>\u00c8 possibile ottenere ulteriori informazioni sui cookie, sulla privacy o consultare la descrizione del tipo di cookie utilizzati, le loro caratteristiche principali, il periodo di scadenza, ecc. al seguente link:<\/p>\n<p class=\"text-wrap ng-binding\">Google Analytics: https:\/\/analytics.google.com\/analytics\/web<\/p>\n<p>L&#8217;ente o gli enti responsabili della fornitura dei cookie possono trasferire queste informazioni a terzi, se richiesto dalla legge o se una terza parte elabora queste informazioni per questi enti.<\/p>\n<\/div>\n<div class=\"\">\n<h4>Cookie per i social media<\/h4>\n<p><span class=\"blanc-space ng-binding\">Formaci\u00f3n en Est\u00e9tica<\/span> incorpora plugin per i social network, che consentono l&#8217;accesso ad essi dal Sito web. Per questo motivo, i cookie dei social media possono essere memorizzati nel browser dell&#8217;Utente. I proprietari di questi social network hanno le proprie politiche di protezione dei dati e dei cookie, essendo essi stessi, in ogni caso, responsabili dei propri file e delle proprie pratiche di privacy. L&#8217;Utente deve fare riferimento ad essi per conoscere questi cookie e, se del caso, il trattamento dei suoi dati personali. I link a queste politiche sulla privacy e\/o sui cookie sono forniti di seguito a titolo puramente informativo:<\/p>\n<ul>\n<li>Facebook: <span  class=\"text-info OP\" onclick=\"ljo_open('https:\/\/www.facebook.com\/policies\/cookies\/', 'new');\">https:\/\/www.facebook.com\/policies\/cookies\/<\/span><\/li>\n<li>Twitter: <span  class=\"text-info OP\" onclick=\"ljo_open('https:\/\/twitter.com\/es\/privacy', 'new');\">https:\/\/twitter.com\/es\/privacy<\/span><\/li>\n<li>Instagram: <span  class=\"text-info OP\" onclick=\"ljo_open('https:\/\/help.instagram.com\/1896641480634370?ref=ig', 'new');\">https:\/\/help.instagram.com\/1896641480634370?ref=ig<\/span><\/li>\n<li>YouTube: <span  class=\"text-info OP\" onclick=\"ljo_open('https:\/\/policies.google.com\/privacy?hl=es-419&amp;gl=mx', 'new');\">https:\/\/policies.google.com\/privacy?hl=es-419&amp;gl=mx<\/span><\/li>\n<li>Pinterest: <span  class=\"text-info OP\" onclick=\"ljo_open('https:\/\/policy.pinterest.com\/es\/privacy-policy', 'new');\">https:\/\/policy.pinterest.com\/es\/privacy-policy<\/span><\/li>\n<li>LinkedIn: <span  class=\"text-info OP\" onclick=\"ljo_open('https:\/\/www.linkedin.com\/legal\/cookie-policy?trk=hp-cookies', 'new');\">https:\/\/www.linkedin.com\/legal\/cookie-policy?trk=hp-cookies<\/span><\/li>\n<\/ul>\n<\/div>\n<h4>Disabilitare, rifiutare e cancellare i cookie<\/h4>\n<p>L&#8217;Utente pu\u00f2 disabilitare, rifiutare e cancellare i cookie &#8211; totalmente o parzialmente &#8211; installati sul proprio dispositivo configurando il proprio browser (tra cui, ad esempio, Chrome, Firefox, Safari, Explorer). A questo proposito, le procedure di rifiuto e cancellazione dei cookie possono variare da un browser Internet all&#8217;altro. Di conseguenza, l&#8217;Utente deve seguire le istruzioni fornite dal browser Internet che sta utilizzando. Nel caso in cui l&#8217;utente rifiuti l&#8217;uso dei cookie &#8211; in tutto o in parte &#8211; pu\u00f2 continuare a utilizzare il Sito web, anche se potrebbe essere limitato nell&#8217;uso di alcune funzionalit\u00e0 del Sito web.<\/p>\n<\/div>\n\t\t\n<style>\n#text-3462098540 {\n  color: rgb(0,0,0);\n}\n#text-3462098540 > * {\n  color: rgb(0,0,0);\n}\n<\/style>\n\t<\/div>\n\t\n\t\t<\/div>\n\t\t\t\t\t<\/div>\n\n\t\n\n<style>\n#row-1281627488 > .col > .col-inner {\n  padding: 70px 17px 70px 17px;\n}\n@media (min-width:550px) {\n  #row-1281627488 > .col > .col-inner {\n    padding: 70px 30px 70px 30px;\n  }\n}\n<\/style>\n<\/div>\n\t\t<\/div>\n\n\t\t\n<style>\n#section_1462530072 {\n  padding-top: 30px;\n  padding-bottom: 30px;\n}\n<\/style>\n\t<\/section>\n\t\n","protected":false},"excerpt":{"rendered":"","protected":false},"author":5,"featured_media":0,"parent":0,"menu_order":0,"comment_status":"closed","ping_status":"closed","template":"page-blank.php","meta":{"content-type":"","inline_featured_image":false,"_joinchat":[],"footnotes":""},"class_list":["post-5060","page","type-page","status-publish","hentry"],"_links":{"self":[{"href":"https:\/\/deepdrop.es\/it\/wp-json\/wp\/v2\/pages\/5060","targetHints":{"allow":["GET"]}}],"collection":[{"href":"https:\/\/deepdrop.es\/it\/wp-json\/wp\/v2\/pages"}],"about":[{"href":"https:\/\/deepdrop.es\/it\/wp-json\/wp\/v2\/types\/page"}],"author":[{"embeddable":true,"href":"https:\/\/deepdrop.es\/it\/wp-json\/wp\/v2\/users\/5"}],"replies":[{"embeddable":true,"href":"https:\/\/deepdrop.es\/it\/wp-json\/wp\/v2\/comments?post=5060"}],"version-history":[{"count":0,"href":"https:\/\/deepdrop.es\/it\/wp-json\/wp\/v2\/pages\/5060\/revisions"}],"wp:attachment":[{"href":"https:\/\/deepdrop.es\/it\/wp-json\/wp\/v2\/media?parent=5060"}],"curies":[{"name":"wp","href":"https:\/\/api.w.org\/{rel}","templated":true}]}}