{"id":10874,"date":"2024-07-09T08:05:26","date_gmt":"2024-07-09T08:05:26","guid":{"rendered":"https:\/\/deepdrop.es\/sistema-di-irrigazione-a-goccia\/"},"modified":"2025-01-20T08:18:49","modified_gmt":"2025-01-20T08:18:49","slug":"sistema-di-irrigazione-a-goccia","status":"publish","type":"page","link":"https:\/\/deepdrop.es\/it\/sistema-di-irrigazione-a-goccia\/","title":{"rendered":"Sistema di irrigazione a goccia"},"content":{"rendered":"\n\t<section class=\"section dark\" id=\"section_1857310375\">\n\t\t<div class=\"section-bg fill\" >\n\t\t\t<img decoding=\"async\" width=\"1600\" height=\"653\" src=\"https:\/\/deepdrop.es\/wp-content\/uploads\/2022\/12\/NARANJO.png\" class=\"bg attachment-original size-original\" alt=\"\" \/>\t\t\t\t\t\t<div class=\"section-bg-overlay absolute fill\"><\/div>\n\t\t\t\n\t<div class=\"is-border\"\n\t\tstyle=\"border-color:rgb(36, 182, 226);border-width:0px 0px 20px 0px;\">\n\t<\/div>\n\n\t\t<\/div>\n\n\t\t\n\n\t\t<div class=\"section-content relative\">\n\t\t\t\n<div class=\"row\"  id=\"row-314707679\">\n\n\t<div id=\"col-1347833954\" class=\"col medium-7 small-10 large-5\"  >\n\t\t\t\t<div class=\"col-inner\"  >\n\t\t\t\n\t\t\t\n\t<div id=\"text-2182011824\" class=\"text\">\n\t\t\n<h1 class=\"uppercase thin-font\"><span style=\"font-size: 160%;\">Sistema di irrigazione a goccia<br \/><\/span><\/h1>\n<p><span style=\"font-size: 150%;\"><strong>I sistemi di irrigazione a goccia<\/strong> rappresentano un&#8217;evoluzione significativa nella gestione dell&#8217;irrigazione agricola. Con una corretta pianificazione e una regolare manutenzione, questi sistemi possono offrire eccezionali vantaggi in termini di efficienza idrica, salute delle colture e sostenibilit\u00e0 ambientale&#8230;. <\/span><\/p>\n\t\t\n<style>\n#text-2182011824 {\n  color: rgb(255,255,255);\n}\n#text-2182011824 > * {\n  color: rgb(255,255,255);\n}\n<\/style>\n\t<\/div>\n\t\n\t\t<\/div>\n\t\t\t\t\t<\/div>\n\n\t\n\n<style>\n#row-314707679 > .col > .col-inner {\n  padding: 0px 0px 0px 20px;\n}\n<\/style>\n<\/div>\n\t\t<\/div>\n\n\t\t\n<style>\n#section_1857310375 {\n  padding-top: 30px;\n  padding-bottom: 30px;\n  min-height: 640px;\n  background-color: rgb(36, 182, 226);\n}\n#section_1857310375 .section-bg-overlay {\n  background-color: rgba(0, 0, 0, 0.099);\n}\n#section_1857310375 .section-bg img {\n  object-position: 42% 71%;\n}\n@media (min-width:550px) {\n  #section_1857310375 {\n    min-height: 680px;\n  }\n}\n<\/style>\n\t<\/section>\n\t\n\n\t<section class=\"section\" id=\"section_237006268\">\n\t\t<div class=\"section-bg fill\" >\n\t\t\t\t\t\t\t\t\t\n\t\t\t\n\n\t\t<\/div>\n\n\t\t\n\n\t\t<div class=\"section-content relative\">\n\t\t\t\n<div class=\"row row-large align-middle\"  id=\"row-61052972\">\n\n\t<div id=\"col-1774036265\" class=\"col medium-5 small-12 large-5\"  >\n\t\t\t\t<div class=\"col-inner text-center\"  >\n\t\t\t\n\t<div class=\"is-border\"\n\t\tstyle=\"border-color:rgb(122, 156, 89);border-width:2px 2px 2px 2px;\">\n\t<\/div>\n\t\t\t\n\t<div id=\"text-187963203\" class=\"text\">\n\t\t\n<p>L&#8217;<strong>irrigazione a goccia<\/strong> \u00e8 una tecnica di irrigazione che ha trasformato l&#8217;agricoltura fornendo l&#8217;acqua direttamente alla zona radicale delle piante. Questo metodo si distingue dagli altri <span  class=\" OP\" onclick=\"ljo_open('https:\/\/deepdrop.es\/sistema-riego\/', '');\">sistemi di irrigazione<\/span> perch\u00e9 riduce al minimo gli sprechi d&#8217;acqua e massimizza l&#8217;efficienza dell&#8217;irrigazione, adattandosi alle esigenze specifiche di ogni coltura. <\/p>\n\t\t\n<style>\n#text-187963203 {\n  font-size: 1.4rem;\n  text-align: left;\n}\n<\/style>\n\t<\/div>\n\t\n\t\t<\/div>\n\t\t\t\t\n<style>\n#col-1774036265 > .col-inner {\n  padding: 10% 10% 10% 10%;\n}\n<\/style>\n\t<\/div>\n\n\t\n\n\t<div id=\"col-1518764709\" class=\"col medium-7 small-12 large-7\"  >\n\t\t\t\t<div class=\"col-inner\"  >\n\t\t\t\n\t\t\t\n<h5 class=\"uppercase\">Sistema Deepdrop<\/h5>\n\t<div id=\"text-1053907859\" class=\"text\">\n\t\t\n<h2 class=\"thin-font\"><span style=\"font-size: 120%;\">Che cos&#8217;\u00e8 l&#8217;irrigazione a goccia?<\/h2>\n\t\t\n<style>\n#text-1053907859 {\n  color: #24b6e2;\n}\n#text-1053907859 > * {\n  color: #24b6e2;\n}\n<\/style>\n\t<\/div>\n\t\n\t<div id=\"text-436354570\" class=\"text\">\n\t\t\n<h5 class=\"uppercase\">SISTEMA DI IRRIGAZIONE A GOCCIA<\/h5>\n\t\t\n<style>\n#text-436354570 {\n  color: #7a9c59;\n}\n#text-436354570 > * {\n  color: #7a9c59;\n}\n<\/style>\n\t<\/div>\n\t\n<p>L&#8217;<strong>irrigazione a goccia<\/strong> \u00e8 un metodo di irrigazione che applica l&#8217;acqua in modo lento e controllato direttamente alla base delle piante. Questo sistema utilizza il sistema Deepdrop per distribuire l&#8217;acqua alla coltura dalla superficie. <\/p>\n<p>Il <strong>sistema a goccia<\/strong> incorpora un sistema di controllo che permette di regolare i livelli di irrigazione in base alle condizioni del terreno e del tempo, come nel caso di un <span  class=\" OP\" onclick=\"ljo_open('https:\/\/deepdrop.es\/it\/sistema-di-irrigazione-autocompensante\/', '');\">sistema di irrigazione a goccia autocompensante<\/span>.<\/p>\n\t\t<\/div>\n\t\t\t\t\n<style>\n#col-1518764709 > .col-inner {\n  padding: 0px 10px 0px 10px;\n}\n@media (min-width:550px) {\n  #col-1518764709 > .col-inner {\n    padding: 0px 20px 0px 20px;\n  }\n}\n<\/style>\n\t<\/div>\n\n\t\n<\/div>\n\t\t<\/div>\n\n\t\t\n<style>\n#section_237006268 {\n  padding-top: 30px;\n  padding-bottom: 30px;\n}\n<\/style>\n\t<\/section>\n\t\n\n\t<section class=\"section has-parallax\" id=\"section_1680007448\">\n\t\t<div class=\"section-bg fill\" data-parallax-container=\".section\" data-parallax-background data-parallax=\"-10\">\n\t\t\t<img decoding=\"async\" width=\"1600\" height=\"653\" src=\"https:\/\/deepdrop.es\/wp-content\/uploads\/2023\/01\/Tomates-cherry.png\" class=\"bg attachment-original size-original\" alt=\"\" \/>\t\t\t\t\t\t<div class=\"loading-spin centered\"><\/div>\n\t\t\t\n\t<div class=\"is-border\"\n\t\tstyle=\"border-color:rgb(122, 156, 89);border-width:0px 0px 20px 0px;\">\n\t<\/div>\n\n\t\t<\/div>\n\n\t\t\n\n\t\t<div class=\"section-content relative\">\n\t\t\t\n\t\t<\/div>\n\n\t\t\n<style>\n#section_1680007448 {\n  padding-top: 0px;\n  padding-bottom: 0px;\n  min-height: 200px;\n  background-color: rgb(122, 156, 89);\n}\n#section_1680007448 .section-bg img {\n  object-position: 43% 43%;\n}\n@media (min-width:550px) {\n  #section_1680007448 {\n    min-height: 300px;\n  }\n}\n@media (min-width:850px) {\n  #section_1680007448 {\n    min-height: 400px;\n  }\n}\n<\/style>\n\t<\/section>\n\t\n\n\t<section class=\"section\" id=\"section_28429114\">\n\t\t<div class=\"section-bg fill\" >\n\t\t\t\t\t\t\t\t\t\n\t\t\t\n\n\t\t<\/div>\n\n\t\t\n\n\t\t<div class=\"section-content relative\">\n\t\t\t\n\t<div id=\"gap-790789821\" class=\"gap-element clearfix\" style=\"display:block; height:auto;\">\n\t\t\n<style>\n#gap-790789821 {\n  padding-top: 40px;\n}\n@media (min-width:550px) {\n  #gap-790789821 {\n    padding-top: 30px;\n  }\n}\n<\/style>\n\t<\/div>\n\t\n<div class=\"row align-middle\"  id=\"row-1605491123\">\n\n\t<div id=\"col-890731023\" class=\"col medium-12 small-12 large-6\"  >\n\t\t\t\t<div class=\"col-inner\"  >\n\t\t\t\n\t\t\t\n<h5 class=\"uppercase\">sistema deepdrop<\/h5>\n\t<div id=\"text-531397421\" class=\"text\">\n\t\t\n<h2 class=\"thin-font\"><span style=\"font-size: 120%;\">I vantaggi dell&#8217;irrigazione a goccia profonda<\/span><\/h2>\n\t\t\n<style>\n#text-531397421 {\n  text-align: left;\n  color: #24b6e2;\n}\n#text-531397421 > * {\n  color: #24b6e2;\n}\n<\/style>\n\t<\/div>\n\t\n\t<div id=\"text-3170184358\" class=\"text\">\n\t\t\n<h5 class=\"uppercase\">impegnati nello sviluppo sostenibile<\/h5>\n\t\t\n<style>\n#text-3170184358 {\n  text-align: left;\n  color: #7a9c59;\n}\n#text-3170184358 > * {\n  color: #7a9c59;\n}\n<\/style>\n\t<\/div>\n\t\n<p>L&#8217;uso dell&#8217;<strong>irrigazione a goccia<\/strong> offre numerosi vantaggi sia per gli agricoltori che per l&#8217;ambiente:<\/p>\n<h3>Efficienza nell&#8217;uso dell&#8217;acqua<\/h3>\n<p>L&#8217;<strong>irrigazione a goccia<\/strong> massimizza l&#8217;uso dell&#8217;acqua riducendo l&#8217;evaporazione e le perdite per dilavamento. Fornendo l&#8217;acqua direttamente alle radici, garantisce che le piante ricevano la giusta quantit\u00e0 senza sprecare risorse. <\/p>\n<h3>Miglioramento della qualit\u00e0 dei raccolti<\/h3>\n<p>Fornendo una quantit\u00e0 d&#8217;acqua costante e adeguata alle radici, il <strong>sistema a goccia<\/strong> migliora la salute delle piante e aumenta la resa e la qualit\u00e0 dei raccolti.<\/p>\n<h3>Riduzione delle malattie e delle erbe infestanti<\/h3>\n<p>L&#8217;<strong>irrigazione a goccia<\/strong> riduce al minimo l&#8217;umidit\u00e0 sulla superficie del terreno, riducendo cos\u00ec la proliferazione di erbacce e malattie che prosperano in condizioni di umidit\u00e0.<\/p>\n<h3>Risparmio energetico<\/h3>\n<p>L <strong>&#8216;irrigazione a goccia<\/strong> richiede generalmente una pressione e un&#8217;energia minori per funzionare, il che si traduce in un consumo energetico inferiore rispetto ad altri metodi di irrigazione.<\/p>\n\t\t<\/div>\n\t\t\t\t\n<style>\n#col-890731023 > .col-inner {\n  padding: 0px 20px 0px 20px;\n}\n@media (min-width:550px) {\n  #col-890731023 > .col-inner {\n    padding: 0px 20px 0px 20px;\n  }\n}\n<\/style>\n\t<\/div>\n\n\t\n\n\t<div id=\"col-1695882974\" class=\"col medium-12 small-12 large-6\"  >\n\t\t\t\t<div class=\"col-inner\" style=\"background-color:rgb(255, 255, 255);\" >\n\t\t\t\n\t\t\t\n<div class=\"slider-wrapper relative\" id=\"slider-1777784625\" >\n    <div class=\"slider slider-nav-dots-dashes slider-nav-simple slider-nav-normal slider-nav-dark slider-style-focus slider-show-nav\"\n        data-flickity-options='{\n            \"cellAlign\": \"center\",\n            \"imagesLoaded\": true,\n            \"lazyLoad\": 1,\n            \"freeScroll\": true,\n            \"wrapAround\": true,\n            \"autoPlay\": 3500,\n            \"pauseAutoPlayOnHover\" : false,\n            \"prevNextButtons\": true,\n            \"contain\" : true,\n            \"adaptiveHeight\" : true,\n            \"dragThreshold\" : 10,\n            \"percentPosition\": true,\n            \"pageDots\": true,\n            \"rightToLeft\": false,\n            \"draggable\": true,\n            \"selectedAttraction\": 0.1,\n            \"parallax\" : 0,\n            \"friction\": 0.6        }'\n        >\n        \n\n  <div class=\"banner has-hover\" id=\"banner-1441707209\">\n          <div class=\"banner-inner fill\">\n        <div class=\"banner-bg fill\" >\n                                                \n\t<div class=\"is-border\"\n\t\tstyle=\"border-color:rgb(122, 156, 89);border-width:2px 2px 2px 2px;\">\n\t<\/div>\n                    <\/div>\n\t\t\n        <div class=\"banner-layers container\">\n            <div class=\"fill banner-link\"><\/div>            \n   <div id=\"text-box-1469275395\" class=\"text-box banner-layer x50 md-x50 lg-x50 y50 md-y50 lg-y50 res-text\">\n                                <div class=\"text-box-content text dark\">\n              \n              <div class=\"text-inner text-center\">\n                  \n\t<div id=\"text-2176005061\" class=\"text\">\n\t\t\n<p>L&#8217;implementazione di un <strong>sistema di irrigazione a goccia per un ettaro<\/strong> richiede un&#8217;attenta pianificazione per garantirne l&#8217;efficienza e l&#8217;efficacia. Di seguito sono descritti i passaggi fondamentali per l&#8217;installazione: <\/p>\n<p>Prima di installare un <strong>impianto di irrigazione a goccia<\/strong>, \u00e8 fondamentale valutare le caratteristiche del terreno e le esigenze specifiche della coltura. Questo include l&#8217;analisi della tessitura e della struttura del terreno, della topografia e delle esigenze idriche delle piante. <\/p>\n<\/p>\n\t\t\n<style>\n#text-2176005061 {\n  font-size: 0.95rem;\n  line-height: 1.35;\n  text-align: left;\n  color: rgb(103, 103, 103);\n}\n#text-2176005061 > * {\n  color: rgb(103, 103, 103);\n}\n@media (min-width:550px) {\n  #text-2176005061 {\n    font-size: 1.15rem;\n    text-align: left;\n  }\n}\n<\/style>\n\t<\/div>\n\t\n              <\/div>\n           <\/div>\n                            \n<style>\n#text-box-1469275395 {\n  width: 86%;\n}\n#text-box-1469275395 .text-box-content {\n  font-size: 100%;\n}\n@media (min-width:550px) {\n  #text-box-1469275395 {\n    width: 82%;\n  }\n}\n<\/style>\n    <\/div>\n \n        <\/div>\n      <\/div>\n\n            \n<style>\n#banner-1441707209 {\n  padding-top: 450px;\n  background-color: rgba(255, 255, 255, 0);\n}\n@media (min-width:550px) {\n  #banner-1441707209 {\n    padding-top: 300px;\n  }\n}\n@media (min-width:850px) {\n  #banner-1441707209 {\n    padding-top: 400px;\n  }\n}\n<\/style>\n  <\/div>\n\n\n\n  <div class=\"banner has-hover\" id=\"banner-125065036\">\n          <div class=\"banner-inner fill\">\n        <div class=\"banner-bg fill\" >\n                                                \n\t<div class=\"is-border\"\n\t\tstyle=\"border-color:rgb(122, 156, 89);border-width:2px 2px 2px 2px;\">\n\t<\/div>\n                    <\/div>\n\t\t\n        <div class=\"banner-layers container\">\n            <div class=\"fill banner-link\"><\/div>            \n   <div id=\"text-box-1017880430\" class=\"text-box banner-layer x50 md-x50 lg-x50 y50 md-y50 lg-y50 res-text\">\n                                <div class=\"text-box-content text dark\">\n              \n              <div class=\"text-inner text-center\">\n                  \n\t<div id=\"text-4287414774\" class=\"text\">\n\t\t\n<ul class=\"ul1\">\n<li class=\"li1\" style=\"text-align: justify;\"><span class=\"s2\" style=\"font-size: 120%;\">Agire contro la desertificazione nelle aree pi\u00f9 aride del Paese.<\/span><\/li>\n<li class=\"li1\" style=\"text-align: justify;\"><span class=\"s2\" style=\"font-size: 120%;\">Preservare la biodiversit\u00e0 di flora e fauna e il paesaggio degli ecosistemi irrigui.<\/span><\/li>\n<li class=\"li1\" style=\"text-align: justify;\"><span style=\"font-size: 120%;\"><span class=\"s2\">Rispetto delle norme di protezione ambientale della legislazione spagnola ed europea.<\/span> <span class=\"s2\">Legislazione spagnola ed europea.<\/span><\/span><\/li>\n<\/ul>\n\t\t\n<style>\n#text-4287414774 {\n  font-size: 0.95rem;\n  line-height: 1.35;\n  text-align: left;\n  color: rgb(103, 103, 103);\n}\n#text-4287414774 > * {\n  color: rgb(103, 103, 103);\n}\n@media (min-width:550px) {\n  #text-4287414774 {\n    font-size: 1rem;\n  }\n}\n<\/style>\n\t<\/div>\n\t\n              <\/div>\n           <\/div>\n                            \n<style>\n#text-box-1017880430 .text-inner {\n  padding: 20px 0px 20px 0px;\n}\n#text-box-1017880430 {\n  width: 85%;\n}\n#text-box-1017880430 .text-box-content {\n  font-size: 100%;\n}\n@media (min-width:550px) {\n  #text-box-1017880430 {\n    width: 73%;\n  }\n}\n<\/style>\n    <\/div>\n \n        <\/div>\n      <\/div>\n\n            \n<style>\n#banner-125065036 {\n  padding-top: 350px;\n  background-color: rgba(255, 255, 255, 0);\n}\n@media (min-width:550px) {\n  #banner-125065036 {\n    padding-top: 250px;\n  }\n}\n@media (min-width:850px) {\n  #banner-125065036 {\n    padding-top: 400px;\n  }\n}\n<\/style>\n  <\/div>\n\n\n     <\/div>\n\n     <div class=\"loading-spin dark large centered\"><\/div>\n\n\t<\/div>\n\n\n\t\t<\/div>\n\t\t\t\t\t<\/div>\n\n\t\n<\/div>\n\t<div id=\"gap-145885327\" class=\"gap-element clearfix\" style=\"display:block; height:auto;\">\n\t\t\n<style>\n#gap-145885327 {\n  padding-top: 30px;\n}\n<\/style>\n\t<\/div>\n\t\n\t\t<\/div>\n\n\t\t\n<style>\n#section_28429114 {\n  padding-top: 0px;\n  padding-bottom: 0px;\n}\n<\/style>\n\t<\/section>\n\t\n\n\t<section class=\"section has-parallax\" id=\"section_721663758\">\n\t\t<div class=\"section-bg fill\" data-parallax-container=\".section\" data-parallax-background data-parallax=\"-10\">\n\t\t\t<img decoding=\"async\" width=\"1600\" height=\"653\" src=\"https:\/\/deepdrop.es\/wp-content\/uploads\/2023\/01\/Campo-oilvos.png\" class=\"bg attachment-original size-original\" alt=\"\" \/>\t\t\t\t\t\t<div class=\"loading-spin centered\"><\/div>\n\t\t\t\n\t<div class=\"is-border\"\n\t\tstyle=\"border-color:rgb(36, 182, 226);border-width:0px 0px 20px 0px;\">\n\t<\/div>\n\n\t\t<\/div>\n\n\t\t\n\n\t\t<div class=\"section-content relative\">\n\t\t\t\n\t\t<\/div>\n\n\t\t\n<style>\n#section_721663758 {\n  padding-top: 0px;\n  padding-bottom: 0px;\n  min-height: 200px;\n  background-color: #24b6e2;\n}\n#section_721663758 .section-bg img {\n  object-position: 55% 61%;\n}\n@media (min-width:550px) {\n  #section_721663758 {\n    min-height: 300px;\n  }\n}\n@media (min-width:850px) {\n  #section_721663758 {\n    min-height: 400px;\n  }\n}\n<\/style>\n\t<\/section>\n\t\n\n\t<section class=\"section\" id=\"section_903224965\">\n\t\t<div class=\"section-bg fill\" >\n\t\t\t\t\t\t\t\t\t\n\t\t\t\n\n\t\t<\/div>\n\n\t\t\n\n\t\t<div class=\"section-content relative\">\n\t\t\t\n\t<div id=\"gap-1374321131\" class=\"gap-element clearfix\" style=\"display:block; height:auto;\">\n\t\t\n<style>\n#gap-1374321131 {\n  padding-top: 30px;\n}\n<\/style>\n\t<\/div>\n\t\n<div class=\"row align-middle\"  id=\"row-239046254\">\n\n\t<div id=\"col-782586103\" class=\"col medium-12 small-12 large-12\"  data-animate=\"fadeInRight\">\n\t\t\t\t<div class=\"col-inner text-left\"  >\n\t\t\t\n\t<div class=\"is-border\"\n\t\tstyle=\"border-color:rgb(122, 156, 89);border-width:2px 2px 2px 2px;\">\n\t<\/div>\n\t\t\t\n\t<div id=\"text-1304745542\" class=\"text\">\n\t\t\n<h5 class=\"uppercase\">SISTEMA DEEPDROP<\/h5>\n<\/p>\n\t\t\n<style>\n#text-1304745542 {\n  text-align: left;\n}\n<\/style>\n\t<\/div>\n\t\n\t<div id=\"text-3119648492\" class=\"text\">\n\t\t\n<h3>Applicazioni del sistema di irrigazione a goccia<\/h3>\n<\/p>\n\t\t\n<style>\n#text-3119648492 {\n  font-size: 1.35rem;\n  color: #24b6e2;\n}\n#text-3119648492 > * {\n  color: #24b6e2;\n}\n<\/style>\n\t<\/div>\n\t\n\t<div id=\"text-3127527017\" class=\"text\">\n\t\t\n<h5 class=\"uppercase\">impegnati per l&#8217;ambiente<\/h5>\n\t\t\n<style>\n#text-3127527017 {\n  text-align: left;\n  color: #7a9c59;\n}\n#text-3127527017 > * {\n  color: #7a9c59;\n}\n<\/style>\n\t<\/div>\n\t\n\t<div id=\"text-1381838668\" class=\"text\">\n\t\t\n<p>L&#8217;<strong>irrigazione a goccia<\/strong> pu\u00f2 essere applicata in un&#8217;ampia variet\u00e0 di contesti agricoli e paesaggistici:<\/p>\n<h3>Orticoltura e colture di alto valore<\/h3>\n<p>Il <strong>sistema a goccia<\/strong> \u00e8 ideale per colture come frutta, verdura e fiori, dove la qualit\u00e0 e la resa sono una priorit\u00e0.<\/p>\n<h3>Aree verdi urbane<\/h3>\n<p>Nei parchi, nei giardini e nelle aree urbane, l&#8217;<strong>irrigazione a goccia<\/strong> ti permette di mantenere un paesaggio sano con un uso efficiente dell&#8217;acqua nei giardini.<\/p>\n<h3>Agricoltura nelle regioni aride<\/h3>\n<p>Nelle regioni con scarsit\u00e0 d&#8217;acqua, i <strong>sistemi di irrigazione a goccia<\/strong> sono essenziali per massimizzare l&#8217;uso dell&#8217;acqua disponibile e consentire una produzione agricola sostenibile.<\/p>\n\t\t\n<style>\n#text-1381838668 {\n  font-size: 1.35rem;\n}\n<\/style>\n\t<\/div>\n\t\n\t\t<\/div>\n\t\t\t\t\n<style>\n#col-782586103 > .col-inner {\n  padding: 7% 8% 5% 8%;\n  margin: 0 0px 0px 0px;\n}\n@media (min-width:550px) {\n  #col-782586103 > .col-inner {\n    padding: 5% 5% 5% 5%;\n    margin: -50px 0 0px 0px;\n  }\n}\n@media (min-width:850px) {\n  #col-782586103 > .col-inner {\n    padding: 5% 5% 5% 5%;\n  }\n}\n<\/style>\n\t<\/div>\n\n\t\n<\/div>\n\t\t<\/div>\n\n\t\t\n<style>\n#section_903224965 {\n  padding-top: 30px;\n  padding-bottom: 30px;\n}\n@media (min-width:550px) {\n  #section_903224965 {\n    padding-top: 50px;\n    padding-bottom: 50px;\n  }\n}\n<\/style>\n\t<\/section>\n\t\n","protected":false},"excerpt":{"rendered":"","protected":false},"author":1943,"featured_media":0,"parent":0,"menu_order":0,"comment_status":"closed","ping_status":"closed","template":"","meta":{"content-type":"","inline_featured_image":false,"_joinchat":[],"footnotes":""},"class_list":["post-10874","page","type-page","status-publish","hentry"],"_links":{"self":[{"href":"https:\/\/deepdrop.es\/it\/wp-json\/wp\/v2\/pages\/10874","targetHints":{"allow":["GET"]}}],"collection":[{"href":"https:\/\/deepdrop.es\/it\/wp-json\/wp\/v2\/pages"}],"about":[{"href":"https:\/\/deepdrop.es\/it\/wp-json\/wp\/v2\/types\/page"}],"author":[{"embeddable":true,"href":"https:\/\/deepdrop.es\/it\/wp-json\/wp\/v2\/users\/1943"}],"replies":[{"embeddable":true,"href":"https:\/\/deepdrop.es\/it\/wp-json\/wp\/v2\/comments?post=10874"}],"version-history":[{"count":0,"href":"https:\/\/deepdrop.es\/it\/wp-json\/wp\/v2\/pages\/10874\/revisions"}],"wp:attachment":[{"href":"https:\/\/deepdrop.es\/it\/wp-json\/wp\/v2\/media?parent=10874"}],"curies":[{"name":"wp","href":"https:\/\/api.w.org\/{rel}","templated":true}]}}