{"id":10871,"date":"2024-07-09T07:25:29","date_gmt":"2024-07-09T07:25:29","guid":{"rendered":"https:\/\/deepdrop.es\/sistema-di-irrigazione-localizzato\/"},"modified":"2025-01-20T08:17:11","modified_gmt":"2025-01-20T08:17:11","slug":"sistema-di-irrigazione-localizzato","status":"publish","type":"page","link":"https:\/\/deepdrop.es\/it\/sistema-di-irrigazione-localizzato\/","title":{"rendered":"Sistema di irrigazione localizzato"},"content":{"rendered":"\n\t<section class=\"section dark\" id=\"section_1947837733\">\n\t\t<div class=\"section-bg fill\" >\n\t\t\t<img decoding=\"async\" width=\"1600\" height=\"653\" src=\"https:\/\/deepdrop.es\/wp-content\/uploads\/2022\/12\/NARANJO.png\" class=\"bg attachment-original size-original\" alt=\"\" \/>\t\t\t\t\t\t<div class=\"section-bg-overlay absolute fill\"><\/div>\n\t\t\t\n\t<div class=\"is-border\"\n\t\tstyle=\"border-color:rgb(36, 182, 226);border-width:0px 0px 20px 0px;\">\n\t<\/div>\n\n\t\t<\/div>\n\n\t\t\n\n\t\t<div class=\"section-content relative\">\n\t\t\t\n<div class=\"row\"  id=\"row-1562222582\">\n\n\t<div id=\"col-1969644594\" class=\"col medium-7 small-10 large-5\"  >\n\t\t\t\t<div class=\"col-inner\"  >\n\t\t\t\n\t\t\t\n\t<div id=\"text-2931938536\" class=\"text\">\n\t\t\n<h1 class=\"uppercase thin-font\"><span style=\"font-size: 160%;\">Sistema di irrigazione localizzato<br \/><\/span><\/h1>\n<p><strong>I sistemi di irrigazione localizzata<\/strong> rappresentano un&#8217;evoluzione significativa nella gestione dell&#8217;irrigazione agricola. Con una pianificazione adeguata e una manutenzione regolare, questi sistemi possono offrire vantaggi eccezionali in termini di efficienza idrica, salute delle colture e sostenibilit\u00e0 ambientale. <\/p>\n\t\t\n<style>\n#text-2931938536 {\n  color: rgb(255,255,255);\n}\n#text-2931938536 > * {\n  color: rgb(255,255,255);\n}\n<\/style>\n\t<\/div>\n\t\n\t\t<\/div>\n\t\t\t\t\t<\/div>\n\n\t\n\n<style>\n#row-1562222582 > .col > .col-inner {\n  padding: 0px 0px 0px 20px;\n}\n<\/style>\n<\/div>\n\t\t<\/div>\n\n\t\t\n<style>\n#section_1947837733 {\n  padding-top: 30px;\n  padding-bottom: 30px;\n  min-height: 640px;\n  background-color: rgb(36, 182, 226);\n}\n#section_1947837733 .section-bg-overlay {\n  background-color: rgba(0, 0, 0, 0.099);\n}\n#section_1947837733 .section-bg img {\n  object-position: 42% 71%;\n}\n@media (min-width:550px) {\n  #section_1947837733 {\n    min-height: 680px;\n  }\n}\n<\/style>\n\t<\/section>\n\t\n\n\t<section class=\"section\" id=\"section_80783253\">\n\t\t<div class=\"section-bg fill\" >\n\t\t\t\t\t\t\t\t\t\n\t\t\t\n\n\t\t<\/div>\n\n\t\t\n\n\t\t<div class=\"section-content relative\">\n\t\t\t\n<div class=\"row row-large align-middle\"  id=\"row-578790034\">\n\n\t<div id=\"col-431866338\" class=\"col medium-5 small-12 large-5\"  >\n\t\t\t\t<div class=\"col-inner text-center\"  >\n\t\t\t\n\t<div class=\"is-border\"\n\t\tstyle=\"border-color:rgb(122, 156, 89);border-width:2px 2px 2px 2px;\">\n\t<\/div>\n\t\t\t\n\t<div id=\"text-354312318\" class=\"text\">\n\t\t\n<p>L&#8217;<strong>irrigazione a pioggia<\/strong> \u00e8 una tecnica di irrigazione che ha rivoluzionato l&#8217;agricoltura moderna, fornendo acqua direttamente alla zona radicale delle piante. Questa tecnica si differenzia dagli altri metodi di irrigazione perch\u00e9 riduce al minimo gli sprechi d&#8217;acqua e massimizza l&#8217;efficienza dell&#8217;irrigazione adattandosi alle esigenze specifiche di ogni coltura. <\/p>\n<p>I <strong>sistemi di irrigazione localizzata<\/strong> comprendono diverse modalit\u00e0 come l&#8217;irrigazione a goccia e l&#8217;irrigazione a microirrigazione, ciascuna progettata per ottimizzare l&#8217;uso dell&#8217;acqua e migliorare la salute delle colture.<\/p>\n\t\t\n<style>\n#text-354312318 {\n  font-size: 1.2rem;\n  text-align: left;\n}\n<\/style>\n\t<\/div>\n\t\n\t\t<\/div>\n\t\t\t\t\n<style>\n#col-431866338 > .col-inner {\n  padding: 10% 10% 10% 10%;\n}\n<\/style>\n\t<\/div>\n\n\t\n\n\t<div id=\"col-1160876559\" class=\"col medium-7 small-12 large-7\"  >\n\t\t\t\t<div class=\"col-inner\"  >\n\t\t\t\n\t\t\t\n<h5 class=\"uppercase\">Sistema Deepdrop<\/h5>\n\t<div id=\"text-2216247152\" class=\"text\">\n\t\t\n<h2 class=\"thin-font\"><span style=\"font-size: 120%;\">Che cos&#8217;\u00e8 l&#8217;irrigazione localizzata?<\/p>\n\t\t\n<style>\n#text-2216247152 {\n  color: #24b6e2;\n}\n#text-2216247152 > * {\n  color: #24b6e2;\n}\n<\/style>\n\t<\/div>\n\t\n\t<div id=\"text-4217120118\" class=\"text\">\n\t\t\n<h5 class=\"uppercase\">sistema di irrigazione localizzato<\/h5>\n\t\t\n<style>\n#text-4217120118 {\n  color: #7a9c59;\n}\n#text-4217120118 > * {\n  color: #7a9c59;\n}\n<\/style>\n\t<\/div>\n\t\n<p>L&#8217;<strong>irrigazione a goccia<\/strong> \u00e8 un metodo che applica l&#8217;acqua in modo preciso e controllato nell&#8217;area in cui si trova l&#8217;apparato radicale delle piante. A differenza dei tradizionali metodi di irrigazione superficiale, i <strong>sistemi di irrigazione a goccia<\/strong> garantiscono che l&#8217;acqua raggiunga direttamente le radici, riducendo cos\u00ec l&#8217;evaporazione e le perdite per dilavamento. <\/p>\n<h3>Tipi di sistemi di irrigazione localizzata<\/h3>\n<p>Esistono diversi tipi di <strong>sistemi di irrigazione localizzata<\/strong>, ognuno con caratteristiche specifiche per adattarsi a diversi tipi di colture e condizioni del terreno:<\/p>\n<ul>\n<li><strong><span  class=\" OP\" onclick=\"ljo_open('https:\/\/deepdrop.es\/sistema-riego\/', '');\">Irrigazione a goccia<\/span>:<\/strong> consiste nell&#8217;applicazione lenta e continua di acqua attraverso piccoli erogatori, direttamente alla base delle piante.<\/li>\n<li><strong><span  class=\" OP\" onclick=\"ljo_open('https:\/\/deepdrop.es\/sistema-riego-subterraneo\/', '');\">Irrigazione sottosuperficiale<\/span>:<\/strong> simile all&#8217;irrigazione a goccia, ma con gli erogatori interrati vicino alle radici, il che riduce ulteriormente le perdite per evaporazione.<\/li>\n<\/ul>\n\t\t<\/div>\n\t\t\t\t\n<style>\n#col-1160876559 > .col-inner {\n  padding: 0px 10px 0px 10px;\n}\n@media (min-width:550px) {\n  #col-1160876559 > .col-inner {\n    padding: 0px 20px 0px 20px;\n  }\n}\n<\/style>\n\t<\/div>\n\n\t\n<\/div>\n\t\t<\/div>\n\n\t\t\n<style>\n#section_80783253 {\n  padding-top: 30px;\n  padding-bottom: 30px;\n}\n<\/style>\n\t<\/section>\n\t\n\n\t<section class=\"section has-parallax\" id=\"section_698771706\">\n\t\t<div class=\"section-bg fill\" data-parallax-container=\".section\" data-parallax-background data-parallax=\"-10\">\n\t\t\t<img decoding=\"async\" width=\"1600\" height=\"653\" src=\"https:\/\/deepdrop.es\/wp-content\/uploads\/2023\/01\/Tomates-cherry.png\" class=\"bg attachment-original size-original\" alt=\"\" \/>\t\t\t\t\t\t<div class=\"loading-spin centered\"><\/div>\n\t\t\t\n\t<div class=\"is-border\"\n\t\tstyle=\"border-color:rgb(122, 156, 89);border-width:0px 0px 20px 0px;\">\n\t<\/div>\n\n\t\t<\/div>\n\n\t\t\n\n\t\t<div class=\"section-content relative\">\n\t\t\t\n\t\t<\/div>\n\n\t\t\n<style>\n#section_698771706 {\n  padding-top: 0px;\n  padding-bottom: 0px;\n  min-height: 200px;\n  background-color: rgb(122, 156, 89);\n}\n#section_698771706 .section-bg img {\n  object-position: 43% 43%;\n}\n@media (min-width:550px) {\n  #section_698771706 {\n    min-height: 300px;\n  }\n}\n@media (min-width:850px) {\n  #section_698771706 {\n    min-height: 400px;\n  }\n}\n<\/style>\n\t<\/section>\n\t\n\n\t<section class=\"section\" id=\"section_411496107\">\n\t\t<div class=\"section-bg fill\" >\n\t\t\t\t\t\t\t\t\t\n\t\t\t\n\n\t\t<\/div>\n\n\t\t\n\n\t\t<div class=\"section-content relative\">\n\t\t\t\n\t<div id=\"gap-1366488536\" class=\"gap-element clearfix\" style=\"display:block; height:auto;\">\n\t\t\n<style>\n#gap-1366488536 {\n  padding-top: 40px;\n}\n@media (min-width:550px) {\n  #gap-1366488536 {\n    padding-top: 30px;\n  }\n}\n<\/style>\n\t<\/div>\n\t\n<div class=\"row align-middle\"  id=\"row-1471455508\">\n\n\t<div id=\"col-40763983\" class=\"col medium-12 small-12 large-6\"  >\n\t\t\t\t<div class=\"col-inner\"  >\n\t\t\t\n\t\t\t\n<h5 class=\"uppercase\">sistema deepdrop<\/h5>\n\t<div id=\"text-652010818\" class=\"text\">\n\t\t\n<h2 class=\"thin-font\"><span style=\"font-size: 120%;\">Vantaggi dell&#8217;irrigazione localizzata<\/h2>\n\t\t\n<style>\n#text-652010818 {\n  text-align: left;\n  color: #24b6e2;\n}\n#text-652010818 > * {\n  color: #24b6e2;\n}\n<\/style>\n\t<\/div>\n\t\n\t<div id=\"text-2156165518\" class=\"text\">\n\t\t\n<h5 class=\"uppercase\">impegnati nello sviluppo sostenibile<\/h5>\n\t\t\n<style>\n#text-2156165518 {\n  text-align: left;\n  color: #7a9c59;\n}\n#text-2156165518 > * {\n  color: #7a9c59;\n}\n<\/style>\n\t<\/div>\n\t\n\t<div id=\"text-677023900\" class=\"text\">\n\t\t\n<p>L&#8217;uso di sistemi di irrigazione localizzati offre numerosi vantaggi sia per gli agricoltori che per l&#8217;ambiente:<\/p>\n<p>Efficienza nell&#8217;uso dell&#8217;acqua L&#8217;irrigazione localizzata \u00e8 altamente efficiente dal punto di vista idrico perch\u00e9 applica l&#8217;acqua direttamente dove \u00e8 necessaria. Questo riduce gli sprechi e consente una migliore gestione delle risorse idriche. <\/p>\n\t\t\n<style>\n#text-677023900 {\n  font-size: 1.15rem;\n}\n<\/style>\n\t<\/div>\n\t\n\t\t<\/div>\n\t\t\t\t\n<style>\n#col-40763983 > .col-inner {\n  padding: 0px 20px 0px 20px;\n}\n@media (min-width:550px) {\n  #col-40763983 > .col-inner {\n    padding: 0px 20px 0px 20px;\n  }\n}\n<\/style>\n\t<\/div>\n\n\t\n\n\t<div id=\"col-1149272402\" class=\"col medium-12 small-12 large-6\"  >\n\t\t\t\t<div class=\"col-inner\" style=\"background-color:rgb(255, 255, 255);\" >\n\t\t\t\n\t\t\t\n<div class=\"slider-wrapper relative\" id=\"slider-1086091599\" >\n    <div class=\"slider slider-nav-dots-dashes slider-nav-simple slider-nav-normal slider-nav-dark slider-style-focus slider-show-nav\"\n        data-flickity-options='{\n            \"cellAlign\": \"center\",\n            \"imagesLoaded\": true,\n            \"lazyLoad\": 1,\n            \"freeScroll\": true,\n            \"wrapAround\": true,\n            \"autoPlay\": 3500,\n            \"pauseAutoPlayOnHover\" : false,\n            \"prevNextButtons\": true,\n            \"contain\" : true,\n            \"adaptiveHeight\" : true,\n            \"dragThreshold\" : 10,\n            \"percentPosition\": true,\n            \"pageDots\": true,\n            \"rightToLeft\": false,\n            \"draggable\": true,\n            \"selectedAttraction\": 0.1,\n            \"parallax\" : 0,\n            \"friction\": 0.6        }'\n        >\n        \n\n  <div class=\"banner has-hover\" id=\"banner-734856525\">\n          <div class=\"banner-inner fill\">\n        <div class=\"banner-bg fill\" >\n                                                \n\t<div class=\"is-border\"\n\t\tstyle=\"border-color:rgb(122, 156, 89);border-width:2px 2px 2px 2px;\">\n\t<\/div>\n                    <\/div>\n\t\t\n        <div class=\"banner-layers container\">\n            <div class=\"fill banner-link\"><\/div>            \n   <div id=\"text-box-412756490\" class=\"text-box banner-layer x50 md-x50 lg-x50 y50 md-y50 lg-y50 res-text\">\n                                <div class=\"text-box-content text dark\">\n              \n              <div class=\"text-inner text-center\">\n                  \n\t<div id=\"text-2028491277\" class=\"text\">\n\t\t\n<h3>Miglioramento della qualit\u00e0 dei raccolti<\/h3>\n<p>Fornendo una quantit\u00e0 d&#8217;acqua costante e adeguata alle radici, i <strong>sistemi di irrigazione localizzata<\/strong> migliorano la salute delle piante e aumentano la resa e la qualit\u00e0 dei raccolti.<\/p>\n<h3>Riduzione delle malattie e delle erbe infestanti<\/h3>\n<p>L&#8217;<strong>irrigazione localizzata<\/strong> riduce al minimo l&#8217;umidit\u00e0 sulla superficie del terreno, riducendo la proliferazione di erbacce e malattie che prosperano in condizioni di umidit\u00e0.<\/p>\n<h3>Risparmio energetico<\/h3>\n<p><strong>I sistemi di irrigazione localizzati<\/strong> richiedono generalmente una pressione e un&#8217;energia minori per funzionare, il che significa che \u00e8 necessaria meno energia per far funzionare il sistema.<\/p>\n\t\t\n<style>\n#text-2028491277 {\n  font-size: 0.95rem;\n  line-height: 1.35;\n  text-align: left;\n  color: rgb(103, 103, 103);\n}\n#text-2028491277 > * {\n  color: rgb(103, 103, 103);\n}\n@media (min-width:550px) {\n  #text-2028491277 {\n    font-size: 1rem;\n    text-align: left;\n  }\n}\n<\/style>\n\t<\/div>\n\t\n              <\/div>\n           <\/div>\n                            \n<style>\n#text-box-412756490 {\n  width: 86%;\n}\n#text-box-412756490 .text-box-content {\n  font-size: 100%;\n}\n@media (min-width:550px) {\n  #text-box-412756490 {\n    width: 82%;\n  }\n}\n<\/style>\n    <\/div>\n \n        <\/div>\n      <\/div>\n\n            \n<style>\n#banner-734856525 {\n  padding-top: 450px;\n  background-color: rgba(255, 255, 255, 0);\n}\n@media (min-width:550px) {\n  #banner-734856525 {\n    padding-top: 300px;\n  }\n}\n@media (min-width:850px) {\n  #banner-734856525 {\n    padding-top: 400px;\n  }\n}\n<\/style>\n  <\/div>\n\n\n\n  <div class=\"banner has-hover\" id=\"banner-781423816\">\n          <div class=\"banner-inner fill\">\n        <div class=\"banner-bg fill\" >\n                                                \n\t<div class=\"is-border\"\n\t\tstyle=\"border-color:rgb(122, 156, 89);border-width:2px 2px 2px 2px;\">\n\t<\/div>\n                    <\/div>\n\t\t\n        <div class=\"banner-layers container\">\n            <div class=\"fill banner-link\"><\/div>            \n   <div id=\"text-box-1833262970\" class=\"text-box banner-layer x50 md-x50 lg-x50 y50 md-y50 lg-y50 res-text\">\n                                <div class=\"text-box-content text dark\">\n              \n              <div class=\"text-inner text-center\">\n                  \n\t<div id=\"text-2212204362\" class=\"text\">\n\t\t\n<ul class=\"ul1\">\n<li class=\"li1\" style=\"text-align: justify;\"><span class=\"s2\" style=\"font-size: 120%;\">Agire contro la desertificazione nelle aree pi\u00f9 aride del Paese.<\/span><\/li>\n<li class=\"li1\" style=\"text-align: justify;\"><span class=\"s2\" style=\"font-size: 120%;\">Preservare la biodiversit\u00e0 di flora e fauna e il paesaggio degli ecosistemi irrigui.<\/span><\/li>\n<li class=\"li1\" style=\"text-align: justify;\"><span style=\"font-size: 120%;\"><span class=\"s2\">Rispetto delle norme di protezione ambientale della legislazione spagnola ed europea.<\/span> <span class=\"s2\">Legislazione spagnola ed europea.<\/span><\/span><\/li>\n<\/ul>\n\t\t\n<style>\n#text-2212204362 {\n  font-size: 0.95rem;\n  line-height: 1.35;\n  text-align: left;\n  color: rgb(103, 103, 103);\n}\n#text-2212204362 > * {\n  color: rgb(103, 103, 103);\n}\n@media (min-width:550px) {\n  #text-2212204362 {\n    font-size: 1rem;\n  }\n}\n<\/style>\n\t<\/div>\n\t\n              <\/div>\n           <\/div>\n                            \n<style>\n#text-box-1833262970 .text-inner {\n  padding: 20px 0px 20px 0px;\n}\n#text-box-1833262970 {\n  width: 85%;\n}\n#text-box-1833262970 .text-box-content {\n  font-size: 100%;\n}\n@media (min-width:550px) {\n  #text-box-1833262970 {\n    width: 73%;\n  }\n}\n<\/style>\n    <\/div>\n \n        <\/div>\n      <\/div>\n\n            \n<style>\n#banner-781423816 {\n  padding-top: 350px;\n  background-color: rgba(255, 255, 255, 0);\n}\n@media (min-width:550px) {\n  #banner-781423816 {\n    padding-top: 250px;\n  }\n}\n@media (min-width:850px) {\n  #banner-781423816 {\n    padding-top: 400px;\n  }\n}\n<\/style>\n  <\/div>\n\n\n     <\/div>\n\n     <div class=\"loading-spin dark large centered\"><\/div>\n\n\t<\/div>\n\n\n\t\t<\/div>\n\t\t\t\t\t<\/div>\n\n\t\n<\/div>\n\t<div id=\"gap-919400537\" class=\"gap-element clearfix\" style=\"display:block; height:auto;\">\n\t\t\n<style>\n#gap-919400537 {\n  padding-top: 30px;\n}\n<\/style>\n\t<\/div>\n\t\n\t\t<\/div>\n\n\t\t\n<style>\n#section_411496107 {\n  padding-top: 0px;\n  padding-bottom: 0px;\n}\n<\/style>\n\t<\/section>\n\t\n\n\t<section class=\"section has-parallax\" id=\"section_813265679\">\n\t\t<div class=\"section-bg fill\" data-parallax-container=\".section\" data-parallax-background data-parallax=\"-10\">\n\t\t\t<img decoding=\"async\" width=\"1600\" height=\"653\" src=\"https:\/\/deepdrop.es\/wp-content\/uploads\/2023\/01\/Campo-oilvos.png\" class=\"bg attachment-original size-original\" alt=\"\" \/>\t\t\t\t\t\t<div class=\"loading-spin centered\"><\/div>\n\t\t\t\n\t<div class=\"is-border\"\n\t\tstyle=\"border-color:rgb(36, 182, 226);border-width:0px 0px 20px 0px;\">\n\t<\/div>\n\n\t\t<\/div>\n\n\t\t\n\n\t\t<div class=\"section-content relative\">\n\t\t\t\n\t\t<\/div>\n\n\t\t\n<style>\n#section_813265679 {\n  padding-top: 0px;\n  padding-bottom: 0px;\n  min-height: 200px;\n  background-color: #24b6e2;\n}\n#section_813265679 .section-bg img {\n  object-position: 55% 61%;\n}\n@media (min-width:550px) {\n  #section_813265679 {\n    min-height: 300px;\n  }\n}\n@media (min-width:850px) {\n  #section_813265679 {\n    min-height: 400px;\n  }\n}\n<\/style>\n\t<\/section>\n\t\n\n\t<section class=\"section\" id=\"section_568849968\">\n\t\t<div class=\"section-bg fill\" >\n\t\t\t\t\t\t\t\t\t\n\t\t\t\n\n\t\t<\/div>\n\n\t\t\n\n\t\t<div class=\"section-content relative\">\n\t\t\t\n\t<div id=\"gap-1193701292\" class=\"gap-element clearfix\" style=\"display:block; height:auto;\">\n\t\t\n<style>\n#gap-1193701292 {\n  padding-top: 30px;\n}\n<\/style>\n\t<\/div>\n\t\n<div class=\"row align-middle\"  id=\"row-1436921244\">\n\n\t<div id=\"col-214350461\" class=\"col medium-12 small-12 large-12\"  data-animate=\"fadeInRight\">\n\t\t\t\t<div class=\"col-inner text-left\"  >\n\t\t\t\n\t<div class=\"is-border\"\n\t\tstyle=\"border-color:rgb(122, 156, 89);border-width:2px 2px 2px 2px;\">\n\t<\/div>\n\t\t\t\n\t<div id=\"text-3192166509\" class=\"text\">\n\t\t\n<h5 class=\"uppercase\">SISTEMA DEEPDROP<\/h5>\n<\/p>\n\t\t\n<style>\n#text-3192166509 {\n  text-align: left;\n}\n<\/style>\n\t<\/div>\n\t\n\t<div id=\"text-2625919251\" class=\"text\">\n\t\t\n<h3>Implementazione di sistemi di irrigazione localizzati<\/h3>\n<\/p>\n\t\t\n<style>\n#text-2625919251 {\n  font-size: 1.35rem;\n  color: #24b6e2;\n}\n#text-2625919251 > * {\n  color: #24b6e2;\n}\n<\/style>\n\t<\/div>\n\t\n\t<div id=\"text-1086018923\" class=\"text\">\n\t\t\n<h5 class=\"uppercase\">impegnati per l&#8217;ambiente<\/h5>\n\t\t\n<style>\n#text-1086018923 {\n  text-align: left;\n  color: #7a9c59;\n}\n#text-1086018923 > * {\n  color: #7a9c59;\n}\n<\/style>\n\t<\/div>\n\t\n\t<div id=\"text-1258306738\" class=\"text\">\n\t\t\n<p>Prima di installare un <strong>sistema di irrigazione localizzata<\/strong>, \u00e8 fondamentale valutare le caratteristiche del terreno e le esigenze specifiche della coltura. Questo include l&#8217;analisi della tessitura e della struttura del terreno, della topografia e delle esigenze idriche delle piante. <\/p>\n<h3>Progettazione del sistema<\/h3>\n<p>La progettazione dell&#8217;<strong>impianto di irrigazione localizzata<\/strong> deve essere adattata alle condizioni del terreno e al tipo di coltura. Questo include la selezione degli erogatori appropriati, la disposizione delle linee di irrigazione e la configurazione del sistema di controllo. <\/p>\n<h3>Installazione e manutenzione<\/h3>\n<p>Una volta progettato il sistema, l&#8217;installazione deve essere eseguita con precisione per garantire un funzionamento ottimale. La manutenzione regolare, che comprende la pulizia degli erogatori e il controllo del sistema di controllo, \u00e8 fondamentale per mantenere l&#8217;efficienza dell&#8217;<strong>irrigazione localizzata<\/strong>. <\/p>\n\t\t\n<style>\n#text-1258306738 {\n  font-size: 1.35rem;\n}\n<\/style>\n\t<\/div>\n\t\n\t\t<\/div>\n\t\t\t\t\n<style>\n#col-214350461 > .col-inner {\n  padding: 7% 8% 5% 8%;\n  margin: 0 0px 0px 0px;\n}\n@media (min-width:550px) {\n  #col-214350461 > .col-inner {\n    padding: 5% 5% 5% 5%;\n    margin: -50px 0 0px 0px;\n  }\n}\n@media (min-width:850px) {\n  #col-214350461 > .col-inner {\n    padding: 5% 5% 5% 5%;\n  }\n}\n<\/style>\n\t<\/div>\n\n\t\n<\/div>\n\t\t<\/div>\n\n\t\t\n<style>\n#section_568849968 {\n  padding-top: 30px;\n  padding-bottom: 30px;\n}\n@media (min-width:550px) {\n  #section_568849968 {\n    padding-top: 50px;\n    padding-bottom: 50px;\n  }\n}\n<\/style>\n\t<\/section>\n\t\n","protected":false},"excerpt":{"rendered":"","protected":false},"author":1943,"featured_media":0,"parent":0,"menu_order":0,"comment_status":"closed","ping_status":"closed","template":"","meta":{"content-type":"","inline_featured_image":false,"_joinchat":[],"footnotes":""},"class_list":["post-10871","page","type-page","status-publish","hentry"],"_links":{"self":[{"href":"https:\/\/deepdrop.es\/it\/wp-json\/wp\/v2\/pages\/10871","targetHints":{"allow":["GET"]}}],"collection":[{"href":"https:\/\/deepdrop.es\/it\/wp-json\/wp\/v2\/pages"}],"about":[{"href":"https:\/\/deepdrop.es\/it\/wp-json\/wp\/v2\/types\/page"}],"author":[{"embeddable":true,"href":"https:\/\/deepdrop.es\/it\/wp-json\/wp\/v2\/users\/1943"}],"replies":[{"embeddable":true,"href":"https:\/\/deepdrop.es\/it\/wp-json\/wp\/v2\/comments?post=10871"}],"version-history":[{"count":0,"href":"https:\/\/deepdrop.es\/it\/wp-json\/wp\/v2\/pages\/10871\/revisions"}],"wp:attachment":[{"href":"https:\/\/deepdrop.es\/it\/wp-json\/wp\/v2\/media?parent=10871"}],"curies":[{"name":"wp","href":"https:\/\/api.w.org\/{rel}","templated":true}]}}