{"id":3893,"date":"2023-04-20T09:11:02","date_gmt":"2023-04-20T09:11:02","guid":{"rendered":"https:\/\/deepdrop.es\/?post_type=product&#038;p=3893"},"modified":"2024-07-31T14:15:57","modified_gmt":"2024-07-31T14:15:57","slug":"deepdrop-auto-compensateur-4-l-h-monte","status":"publish","type":"product","link":"https:\/\/deepdrop.es\/fr\/gotero-riego\/deepdrop-auto-compensateur-4-l-h-monte\/","title":{"rendered":"DeepDrop\u00ae Auto-compensateur 4 L\/H &#8211; MONT\u00c9"},"content":{"rendered":"<p><strong><em>DeepDrop\u00ae est un syst\u00e8me \u00e9cologique d&#8217;irrigation au goutte-\u00e0-goutte souterrain qui am\u00e8ne l&#8217;eau directement \u00e0 la racine de la plante de mani\u00e8re enti\u00e8rement automatis\u00e9e, en tirant le meilleur parti de chaque goutte d&#8217;eau utilis\u00e9e pour l&#8217;irrigation.<\/em><\/strong><\/p>\n<p><strong>Sp\u00e9cifications :<\/strong><\/p>\n<ul>\n<li>Pression de travail de 0,5 \u00e0 4,0 bar.<\/li>\n<li>D\u00e9bit 4 L\/H.<\/li>\n<li>Profondeur d&#8217;arrosage de 10 cm \u00e0 40 cm.<\/li>\n<li>Conforme \u00e0 la norme ISO 9261.<\/li>\n<\/ul>\n<p><strong>Il comprend<\/strong><\/p>\n<ul>\n<li>Tube \u00e0 faible densit\u00e9 PE 37 \u00d816mm. Longueur : 25 cm.<\/li>\n<li>Tube \u00e0 faible densit\u00e9 PE 32 \u00d812mm. Longueur : 5 \u00e0 7 cm.<\/li>\n<li>Microtube 4,5*6,5. Longueur : 30 cm.<\/li>\n<li>Capsule transparente DeepDrop\u00ae.<\/li>\n<li>Base de la capsule DeepDrop\u00ae.<\/li>\n<li>Base circulaire flexible DeepDrop\u00ae.<\/li>\n<li>Goutteur \u00e0 compensation automatique.<\/li>\n<li>DeepDrop\u00ae assembl\u00e9 et pr\u00eat \u00e0 \u00eatre install\u00e9.<\/li>\n<\/ul>\n<p><span style=\"color: #00aae7;\"><span style=\"color: #00aae7;\" class=\" OP\" onclick=\"ljo_open('https:\/\/deepdrop.es\/wp-content\/uploads\/2022\/04\/Informacion-DeepDrop.pdf', 'new');\"><strong>Sp\u00e9cifications techniques<\/strong><\/span><\/span><\/p>\n<p><span style=\"background-color: #ffffff; color: #00aae7;\"><span style=\"background-color: #ffffff; color: #00aae7;\" class=\" OP\" onclick=\"ljo_open('https:\/\/deepdrop.es\/sistema-riego\/', '');\">Comment fonctionne DeepDrop<\/span><\/span><\/p>\n<p><span style=\"background-color: #ffffff; color: #00aae7;\"><span style=\"background-color: #ffffff; color: #00aae7;\" class=\" OP\" onclick=\"ljo_open('https:\/\/youtu.be\/D6C_9zalxqM', 'new');\">Vid\u00e9o d&#8217;utilisation de DeepDrop<\/span><\/span><\/p>\n","protected":false},"excerpt":{"rendered":"<p><span style=\"font-size: 110%;\"><em>Syst\u00e8me d&#8217;irrigation souterrain <span style=\"color: #00aae7;\"><strong>complet pr\u00eat \u00e0 \u00eatre install\u00e9<\/strong><\/span>, y compris le goutte-\u00e0-goutte <strong><span style=\"color: #00aae7;\">Netafim 4L\/H<\/span><\/strong> \u00e0 compensation automatique.<\/em><\/span><\/p>\n","protected":false},"featured_media":4657,"comment_status":"closed","ping_status":"closed","template":"","meta":{"content-type":"","inline_featured_image":false,"_joinchat":[]},"product_brand":[],"product_cat":[65],"product_tag":[],"class_list":{"0":"post-3893","1":"product","2":"type-product","3":"status-publish","4":"has-post-thumbnail","6":"product_cat-deepdrop","8":"first","9":"instock","10":"taxable","11":"shipping-taxable","12":"purchasable","13":"product-type-simple"},"tiered_pricing_type":"fixed","tiered_pricing_fixed_rules":{"50":"1.80","150":"1.40"},"tiered_pricing_product_settings":{"layout":"default","base_unit_name":{"singular":null,"plural":null},"default_variation":null},"tiered_pricing_minimum_quantity":25,"tiered_pricing_roles_data":[],"tiered_pricing_percentage_rules":[],"tiered_pricing_maximum_quantity":null,"tiered_pricing_quantity_step":"25","_links":{"self":[{"href":"https:\/\/deepdrop.es\/fr\/wp-json\/wp\/v2\/product\/3893","targetHints":{"allow":["GET"]}}],"collection":[{"href":"https:\/\/deepdrop.es\/fr\/wp-json\/wp\/v2\/product"}],"about":[{"href":"https:\/\/deepdrop.es\/fr\/wp-json\/wp\/v2\/types\/product"}],"replies":[{"embeddable":true,"href":"https:\/\/deepdrop.es\/fr\/wp-json\/wp\/v2\/comments?post=3893"}],"wp:featuredmedia":[{"embeddable":true,"href":"https:\/\/deepdrop.es\/fr\/wp-json\/wp\/v2\/media\/4657"}],"wp:attachment":[{"href":"https:\/\/deepdrop.es\/fr\/wp-json\/wp\/v2\/media?parent=3893"}],"wp:term":[{"taxonomy":"product_brand","embeddable":true,"href":"https:\/\/deepdrop.es\/fr\/wp-json\/wp\/v2\/product_brand?post=3893"},{"taxonomy":"product_cat","embeddable":true,"href":"https:\/\/deepdrop.es\/fr\/wp-json\/wp\/v2\/product_cat?post=3893"},{"taxonomy":"product_tag","embeddable":true,"href":"https:\/\/deepdrop.es\/fr\/wp-json\/wp\/v2\/product_tag?post=3893"}],"curies":[{"name":"wp","href":"https:\/\/api.w.org\/{rel}","templated":true}]}}