{"id":3689,"date":"2022-04-16T10:24:11","date_gmt":"2022-04-16T10:24:11","guid":{"rendered":"https:\/\/deepdrop.es\/gotero-riego\/deepdrop-auto-compensateur-4-l-h\/"},"modified":"2025-01-21T10:19:26","modified_gmt":"2025-01-21T10:19:26","slug":"auto-compensateur-4-l-h","status":"publish","type":"product","link":"https:\/\/deepdrop.es\/fr\/gotero-riego\/auto-compensateur-4-l-h\/","title":{"rendered":"DeepDrop\u00ae Auto-compensateur 4 L\/H &#8211; D\u00c9MONT\u00c9"},"content":{"rendered":"<p style=\"text-align: justify;\"><strong><em>DeepDrop\u00ae est un syst\u00e8me \u00e9cologique d&#8217;irrigation au goutte-\u00e0-goutte souterrain qui am\u00e8ne l&#8217;eau directement \u00e0 la racine de la plante de mani\u00e8re enti\u00e8rement automatis\u00e9e, en tirant le meilleur parti de chaque goutte d&#8217;eau utilis\u00e9e pour l&#8217;irrigation.<\/em><\/strong><\/p>\n<p><strong>Sp\u00e9cifications :<\/strong><\/p>\n<ul>\n<li>Pression de travail de 0,5 \u00e0 4,0 bar.<\/li>\n<li>D\u00e9bit 4 L\/H.<\/li>\n<li>Profondeur d&#8217;arrosage de 10 cm \u00e0 40 cm.<\/li>\n<li>Conforme \u00e0 la norme ISO 9261.<\/li>\n<\/ul>\n<p><strong>Il comprend<\/strong><\/p>\n<ul>\n<li>Tube \u00e0 faible densit\u00e9 PE 37 \u00d816mm. Longueur : 5 \u00e0 7 cm.<\/li>\n<li>Microtube 4,5*6,5. Longueur : 30 cm.<\/li>\n<li>Capsule transparente DeepDrop\u00ae.<\/li>\n<li>Base de la capsule DeepDrop\u00ae.<\/li>\n<li>Base circulaire flexible DeepDrop\u00ae.<\/li>\n<li>Goutteur \u00e0 compensation automatique.<\/li>\n<li>DeepDrop\u00ae pr\u00eat \u00e0 \u00eatre assembl\u00e9, un \u00e9chantillon assembl\u00e9 et un guide d&#8217;assemblage avec un code QR et une vid\u00e9o explicative.<\/li>\n<\/ul>\n<p><span  class=\" OP\" onclick=\"ljo_open('https:\/\/deepdrop.es\/wp-content\/uploads\/2022\/04\/Informacion-DeepDrop.pdf', 'new');\"><strong>Sp\u00e9cifications techniques<\/strong><\/span><\/p>\n<p><span  class=\" OP\" onclick=\"ljo_open('https:\/\/deepdrop.es\/sistema-riego\/', '');\">Comment fonctionne DeepDrop<\/span><\/p>\n<p><span  class=\" OP\" onclick=\"ljo_open('https:\/\/youtu.be\/D6C_9zalxqM', 'new');\">Vid\u00e9o d&#8217;utilisation de DeepDrop<\/span><\/p>\n","protected":false},"excerpt":{"rendered":"<ol>\n<li>Syst\u00e8me<span style=\"font-size: 110%;\"><em> syst\u00e8me d&#8217;irrigation souterraine <span style=\"color: #00ccff;\"><strong>COMPLET<\/strong><strong>d\u00e9mont\u00e9<\/strong><\/span>y compris <span style=\"color: #00ccff;\"><strong>goutteur Netafim<\/strong><\/span>goutteur auto-compensateur de <span style=\"color: #00ccff;\"><strong>4L\/H.<\/strong><\/span><\/em><\/span><\/li>\n<\/ol>\n","protected":false},"featured_media":4657,"comment_status":"closed","ping_status":"closed","template":"","meta":{"content-type":"","inline_featured_image":false,"_joinchat":[]},"product_brand":[],"product_cat":[65],"product_tag":[],"class_list":{"0":"post-3689","1":"product","2":"type-product","3":"status-publish","4":"has-post-thumbnail","6":"product_cat-deepdrop","8":"first","9":"instock","10":"taxable","11":"shipping-taxable","12":"purchasable","13":"product-type-simple"},"tiered_pricing_type":"fixed","tiered_pricing_fixed_rules":{"50":"1.60","100":"1.35","250":"1.20"},"tiered_pricing_product_settings":{"layout":"default","base_unit_name":{"singular":null,"plural":null},"default_variation":null},"tiered_pricing_minimum_quantity":25,"tiered_pricing_roles_data":[],"tiered_pricing_percentage_rules":[],"tiered_pricing_maximum_quantity":null,"tiered_pricing_quantity_step":"25","_links":{"self":[{"href":"https:\/\/deepdrop.es\/fr\/wp-json\/wp\/v2\/product\/3689","targetHints":{"allow":["GET"]}}],"collection":[{"href":"https:\/\/deepdrop.es\/fr\/wp-json\/wp\/v2\/product"}],"about":[{"href":"https:\/\/deepdrop.es\/fr\/wp-json\/wp\/v2\/types\/product"}],"replies":[{"embeddable":true,"href":"https:\/\/deepdrop.es\/fr\/wp-json\/wp\/v2\/comments?post=3689"}],"wp:featuredmedia":[{"embeddable":true,"href":"https:\/\/deepdrop.es\/fr\/wp-json\/wp\/v2\/media\/4657"}],"wp:attachment":[{"href":"https:\/\/deepdrop.es\/fr\/wp-json\/wp\/v2\/media?parent=3689"}],"wp:term":[{"taxonomy":"product_brand","embeddable":true,"href":"https:\/\/deepdrop.es\/fr\/wp-json\/wp\/v2\/product_brand?post=3689"},{"taxonomy":"product_cat","embeddable":true,"href":"https:\/\/deepdrop.es\/fr\/wp-json\/wp\/v2\/product_cat?post=3689"},{"taxonomy":"product_tag","embeddable":true,"href":"https:\/\/deepdrop.es\/fr\/wp-json\/wp\/v2\/product_tag?post=3689"}],"curies":[{"name":"wp","href":"https:\/\/api.w.org\/{rel}","templated":true}]}}