{"id":11040,"date":"2023-05-08T10:58:12","date_gmt":"2023-05-08T10:58:12","guid":{"rendered":"https:\/\/deepdrop.es\/gotero-riego\/poincon-de-3-mm\/"},"modified":"2023-05-08T10:58:12","modified_gmt":"2023-05-08T10:58:12","slug":"poincon-de-3-mm","status":"publish","type":"product","link":"https:\/\/deepdrop.es\/fr\/gotero-riego\/poincon-de-3-mm\/","title":{"rendered":"Poin\u00e7on de 3 mm"},"content":{"rendered":"<p>Poin\u00e7on avec \u00e9jecteur et poign\u00e9e en plastique antid\u00e9rapante.<\/p>\n<p>Permet de percer des trous dans le tuyau o\u00f9 les DeepDrops doivent \u00eatre install\u00e9s.<\/p>\n<i class=\"fas fa-info-circle\"><\/i> Nous vous recommandons d&#8217;utiliser un foret de 3 mm pour vous assurer que le raccord dans le tuyau est parfaitement ajust\u00e9 et qu&#8217;il n&#8217;y a pas de fuites d&#8217;eau.<\/p>\n\t<div id=\"gap-1533411608\" class=\"gap-element clearfix\" style=\"display:block; height:auto;\">\n\t\t\n<style>\n#gap-1533411608 {\n  padding-top: 60px;\n}\n<\/style>\n\t<\/div>\n\t\n","protected":false},"excerpt":{"rendered":"<p>Foret avec \u00e9jecteur et poign\u00e9e en plastique antid\u00e9rapante, permettant de percer des trous dans le tuyau o\u00f9 les DeepDrops doivent \u00eatre plac\u00e9s.<\/p>\n","protected":false},"featured_media":4934,"comment_status":"closed","ping_status":"closed","template":"","meta":{"content-type":"","inline_featured_image":false,"_joinchat":[]},"product_brand":[],"product_cat":[218],"product_tag":[],"class_list":{"0":"post-11040","1":"product","2":"type-product","3":"status-publish","4":"has-post-thumbnail","6":"product_cat-accessoires","8":"first","9":"instock","10":"taxable","11":"shipping-taxable","12":"purchasable","13":"product-type-simple"},"tiered_pricing_type":"fixed","tiered_pricing_fixed_rules":[],"tiered_pricing_product_settings":{"layout":"default","base_unit_name":{"singular":null,"plural":null},"default_variation":null},"tiered_pricing_minimum_quantity":null,"tiered_pricing_roles_data":[],"tiered_pricing_percentage_rules":[],"tiered_pricing_maximum_quantity":null,"tiered_pricing_quantity_step":null,"_links":{"self":[{"href":"https:\/\/deepdrop.es\/fr\/wp-json\/wp\/v2\/product\/11040","targetHints":{"allow":["GET"]}}],"collection":[{"href":"https:\/\/deepdrop.es\/fr\/wp-json\/wp\/v2\/product"}],"about":[{"href":"https:\/\/deepdrop.es\/fr\/wp-json\/wp\/v2\/types\/product"}],"replies":[{"embeddable":true,"href":"https:\/\/deepdrop.es\/fr\/wp-json\/wp\/v2\/comments?post=11040"}],"wp:featuredmedia":[{"embeddable":true,"href":"https:\/\/deepdrop.es\/fr\/wp-json\/wp\/v2\/media\/4934"}],"wp:attachment":[{"href":"https:\/\/deepdrop.es\/fr\/wp-json\/wp\/v2\/media?parent=11040"}],"wp:term":[{"taxonomy":"product_brand","embeddable":true,"href":"https:\/\/deepdrop.es\/fr\/wp-json\/wp\/v2\/product_brand?post=11040"},{"taxonomy":"product_cat","embeddable":true,"href":"https:\/\/deepdrop.es\/fr\/wp-json\/wp\/v2\/product_cat?post=11040"},{"taxonomy":"product_tag","embeddable":true,"href":"https:\/\/deepdrop.es\/fr\/wp-json\/wp\/v2\/product_tag?post=11040"}],"curies":[{"name":"wp","href":"https:\/\/api.w.org\/{rel}","templated":true}]}}