{"id":11035,"date":"2024-12-10T07:35:36","date_gmt":"2024-12-10T07:35:36","guid":{"rendered":"https:\/\/deepdrop.es\/gotero-riego\/deepdrop-integre-o16mm\/"},"modified":"2025-02-04T07:57:00","modified_gmt":"2025-02-04T07:57:00","slug":"deepdrop-integre-o16mm","status":"publish","type":"product","link":"https:\/\/deepdrop.es\/fr\/gotero-riego\/deepdrop-integre-o16mm\/","title":{"rendered":"DeepDrop\u00ae Int\u00e9gr\u00e9 \u00d816mm"},"content":{"rendered":"<p><strong><em>DeepDrop\u00ae Integrated est un syst\u00e8me d&#8217;irrigation au goutte-\u00e0-goutte souterrain respectueux de l&#8217;environnement qui d\u00e9livre l&#8217;eau directement \u00e0 la racine de la plante de mani\u00e8re enti\u00e8rement automatis\u00e9e, en tirant le meilleur parti de chaque goutte d&#8217;eau utilis\u00e9e pour l&#8217;irrigation.<\/em><\/strong><\/p>\n<p class=\"cvGsUA direction-ltr align-justify para-style-body\"><strong><span class=\"OYPEnA font-feature-liga-off font-feature-clig-off font-feature-calt-off text-decoration-none text-strikethrough-none\">Syst\u00e8me DeepDrop <\/span><span class=\"OYPEnA font-feature-liga-off font-feature-clig-off font-feature-calt-off text-decoration-none text-strikethrough-none\">Int\u00e9gr\u00e9<\/span><\/strong> <span class=\"OYPEnA font-feature-liga-off font-feature-clig-off font-feature-calt-off text-decoration-none text-strikethrough-none\">s&#8217;adapte aux tuyaux avec <\/span><strong><span class=\"OYPEnA font-feature-liga-off font-feature-clig-off font-feature-calt-off text-decoration-none text-strikethrough-none\">avec goutteurs int\u00e9gr\u00e9s de 16 mm<\/span><\/strong><span class=\"OYPEnA font-feature-liga-off font-feature-clig-off font-feature-calt-off text-decoration-none text-strikethrough-none\"> de 16 mm, s&#8217;adaptant ainsi au syst\u00e8me d&#8217;irrigation que vous avez d\u00e9j\u00e0 mis en place.<\/span><\/p>\n<p><span class=\"OYPEnA font-feature-liga-off font-feature-clig-off font-feature-calt-off text-decoration-none text-strikethrough-none\">Le syst\u00e8me DeepDrop\u00ae est le syst\u00e8me d&#8217;irrigation souterraine le plus efficace du march\u00e9, gr\u00e2ce \u00e0 un contr\u00f4le visuel \u00e0 travers la capsule. <\/span><span class=\"OYPEnA font-feature-liga-off font-feature-clig-off font-feature-calt-off text-decoration-none text-strikethrough-none\">contr\u00f4le visuel \u00e0 travers la capsule<\/span><span class=\"OYPEnA font-feature-liga-off font-feature-clig-off font-feature-calt-off text-decoration-none text-strikethrough-none\">Gr\u00e2ce au contr\u00f4le visuel \u00e0 travers la capsule, nous pouvons contr\u00f4ler son bon fonctionnement depuis la surface, en \u00e9vitant tout type de fuite ou de colmatage, avec tous les avantages d&#8217;un syst\u00e8me d&#8217;irrigation souterrain.<\/span><\/p>\n<p><strong>Sp\u00e9cifications :<\/strong><\/p>\n<ul>\n<li>Pression de travail de 0,5 \u00e0 4,0 bar.<\/li>\n<li>Profondeur d&#8217;arrosage de 10 cm \u00e0 40 cm.<\/li>\n<li>Conforme \u00e0 la norme ISO 9261.<\/li>\n<\/ul>\n<p><strong>Il comprend<\/strong><\/p>\n<ul>\n<li>Tube \u00e0 faible densit\u00e9 PE 37 \u00d816mm. Longueur : 25 cm.<\/li>\n<li>Capsule transparente DeepDrop\u00ae.<\/li>\n<li>Base de la capsule DeepDrop\u00ae.<\/li>\n<\/ul>\n<p><span style=\"color: #00aae7;\"><span style=\"color: #00aae7;\" class=\" OP\" onclick=\"ljo_open('https:\/\/deepdrop.es\/wp-content\/uploads\/2024\/12\/DeepDrop-Integrado-Ficha-tecnica.pdf', 'new');\"><strong>Sp\u00e9cifications techniques<\/strong><\/span><\/span><\/p>\n<p><span style=\"background-color: #ffffff; color: #00aae7;\"><span style=\"background-color: #ffffff; color: #00aae7;\" class=\" OP\" onclick=\"ljo_open('https:\/\/deepdrop.es\/sistema-riego\/', '');\">Comment fonctionne DeepDrop<\/span><\/span><\/p>\n<p><span style=\"background-color: #ffffff; color: #00aae7;\"><span style=\"background-color: #ffffff; color: #00aae7;\" class=\" OP\" onclick=\"ljo_open('https:\/\/youtu.be\/YC67rA6PdCk?si=AZx-T2PsHb_PpZFi', 'new');\">Vid\u00e9o sur le placement de DeepDrop\u00ae int\u00e9gr\u00e9<\/span><\/span><\/p>\n","protected":false},"excerpt":{"rendered":"<p><span style=\"font-size: 110%;\"><em>Syst\u00e8me d&#8217;irrigation souterraine <span style=\"color: #33cccc;\"><b><span style=\"color: #92cbd7;\">INTEGRATED<\/span> &#8211; <span style=\"color: #92cbd7;\">pour tuyauterie avec goutteur int\u00e9gr\u00e9 \u00d8 16 mm<br \/>\n<\/span><\/b><\/span><\/em><\/span><\/p>\n<p>Il comprend<\/p>\n<ul>\n<li>Tube \u00e0 faible densit\u00e9 PE 37 \u00d816mm. Longueur : 25 cm.<\/li>\n<li>Capsule transparente DeepDrop\u00ae.<\/li>\n<li>Base de la capsule DeepDrop\u00ae.<\/li>\n<\/ul>\n<p>&nbsp;<\/p>\n","protected":false},"featured_media":8303,"comment_status":"closed","ping_status":"closed","template":"","meta":{"content-type":"","inline_featured_image":false,"_joinchat":[]},"product_brand":[],"product_cat":[65],"product_tag":[],"class_list":{"0":"post-11035","1":"product","2":"type-product","3":"status-publish","4":"has-post-thumbnail","6":"product_cat-deepdrop","8":"first","9":"instock","10":"taxable","11":"shipping-taxable","12":"purchasable","13":"product-type-simple"},"tiered_pricing_type":"fixed","tiered_pricing_fixed_rules":{"350":"0.65"},"tiered_pricing_product_settings":{"layout":"default","base_unit_name":{"singular":null,"plural":null},"default_variation":null},"tiered_pricing_minimum_quantity":150,"tiered_pricing_roles_data":[],"tiered_pricing_percentage_rules":[],"tiered_pricing_maximum_quantity":null,"tiered_pricing_quantity_step":null,"_links":{"self":[{"href":"https:\/\/deepdrop.es\/fr\/wp-json\/wp\/v2\/product\/11035","targetHints":{"allow":["GET"]}}],"collection":[{"href":"https:\/\/deepdrop.es\/fr\/wp-json\/wp\/v2\/product"}],"about":[{"href":"https:\/\/deepdrop.es\/fr\/wp-json\/wp\/v2\/types\/product"}],"replies":[{"embeddable":true,"href":"https:\/\/deepdrop.es\/fr\/wp-json\/wp\/v2\/comments?post=11035"}],"wp:featuredmedia":[{"embeddable":true,"href":"https:\/\/deepdrop.es\/fr\/wp-json\/wp\/v2\/media\/8303"}],"wp:attachment":[{"href":"https:\/\/deepdrop.es\/fr\/wp-json\/wp\/v2\/media?parent=11035"}],"wp:term":[{"taxonomy":"product_brand","embeddable":true,"href":"https:\/\/deepdrop.es\/fr\/wp-json\/wp\/v2\/product_brand?post=11035"},{"taxonomy":"product_cat","embeddable":true,"href":"https:\/\/deepdrop.es\/fr\/wp-json\/wp\/v2\/product_cat?post=11035"},{"taxonomy":"product_tag","embeddable":true,"href":"https:\/\/deepdrop.es\/fr\/wp-json\/wp\/v2\/product_tag?post=11035"}],"curies":[{"name":"wp","href":"https:\/\/api.w.org\/{rel}","templated":true}]}}