{"id":10734,"date":"2024-07-09T08:05:26","date_gmt":"2024-07-09T08:05:26","guid":{"rendered":"https:\/\/deepdrop.es\/systeme-dirrigation-goutte-a-goutte\/"},"modified":"2025-01-16T11:40:10","modified_gmt":"2025-01-16T11:40:10","slug":"systeme-dirrigation-goutte-a-goutte","status":"publish","type":"page","link":"https:\/\/deepdrop.es\/fr\/systeme-dirrigation-goutte-a-goutte\/","title":{"rendered":"Syst\u00e8me d&#8217;irrigation goutte \u00e0 goutte"},"content":{"rendered":"\n\t<section class=\"section dark\" id=\"section_1519887812\">\n\t\t<div class=\"section-bg fill\" >\n\t\t\t<img decoding=\"async\" width=\"1600\" height=\"653\" src=\"https:\/\/deepdrop.es\/wp-content\/uploads\/2022\/12\/NARANJO.png\" class=\"bg attachment-original size-original\" alt=\"\" \/>\t\t\t\t\t\t<div class=\"section-bg-overlay absolute fill\"><\/div>\n\t\t\t\n\t<div class=\"is-border\"\n\t\tstyle=\"border-color:rgb(36, 182, 226);border-width:0px 0px 20px 0px;\">\n\t<\/div>\n\n\t\t<\/div>\n\n\t\t\n\n\t\t<div class=\"section-content relative\">\n\t\t\t\n<div class=\"row\"  id=\"row-557368130\">\n\n\t<div id=\"col-1596443426\" class=\"col medium-7 small-10 large-5\"  >\n\t\t\t\t<div class=\"col-inner\"  >\n\t\t\t\n\t\t\t\n\t<div id=\"text-3424099376\" class=\"text\">\n\t\t\n<h1 class=\"uppercase thin-font\"><span style=\"font-size: 160%;\">Syst\u00e8me d&#8217;irrigation goutte \u00e0 goutte<br \/><\/span><\/h1>\n<p><span style=\"font-size: 150%;\">Les <strong>syst\u00e8mes d&#8217;irrigation goutte \u00e0 goutte<\/strong> repr\u00e9sentent une \u00e9volution significative dans la gestion de l&#8217;irrigation agricole. Avec une planification ad\u00e9quate et un entretien r\u00e9gulier, ces syst\u00e8mes peuvent offrir des avantages exceptionnels en termes d&#8217;efficacit\u00e9 de l&#8217;eau, de sant\u00e9 des cultures et de durabilit\u00e9 environnementale&#8230;.  <\/span><\/p>\n\t\t\n<style>\n#text-3424099376 {\n  color: rgb(255,255,255);\n}\n#text-3424099376 > * {\n  color: rgb(255,255,255);\n}\n<\/style>\n\t<\/div>\n\t\n\t\t<\/div>\n\t\t\t\t\t<\/div>\n\n\t\n\n<style>\n#row-557368130 > .col > .col-inner {\n  padding: 0px 0px 0px 20px;\n}\n<\/style>\n<\/div>\n\t\t<\/div>\n\n\t\t\n<style>\n#section_1519887812 {\n  padding-top: 30px;\n  padding-bottom: 30px;\n  min-height: 640px;\n  background-color: rgb(36, 182, 226);\n}\n#section_1519887812 .section-bg-overlay {\n  background-color: rgba(0, 0, 0, 0.099);\n}\n#section_1519887812 .section-bg img {\n  object-position: 42% 71%;\n}\n@media (min-width:550px) {\n  #section_1519887812 {\n    min-height: 680px;\n  }\n}\n<\/style>\n\t<\/section>\n\t\n\n\t<section class=\"section\" id=\"section_2071500922\">\n\t\t<div class=\"section-bg fill\" >\n\t\t\t\t\t\t\t\t\t\n\t\t\t\n\n\t\t<\/div>\n\n\t\t\n\n\t\t<div class=\"section-content relative\">\n\t\t\t\n<div class=\"row row-large align-middle\"  id=\"row-1594249583\">\n\n\t<div id=\"col-260314580\" class=\"col medium-5 small-12 large-5\"  >\n\t\t\t\t<div class=\"col-inner text-center\"  >\n\t\t\t\n\t<div class=\"is-border\"\n\t\tstyle=\"border-color:rgb(122, 156, 89);border-width:2px 2px 2px 2px;\">\n\t<\/div>\n\t\t\t\n\t<div id=\"text-451633012\" class=\"text\">\n\t\t\n<p>L&#8217;<strong>irrigation goutte \u00e0 goutte<\/strong> est une technique d&#8217;irrigation qui a transform\u00e9 l&#8217;agriculture en apportant l&#8217;eau directement \u00e0 la zone racinaire des plantes. Cette m\u00e9thode se distingue des autres <span  class=\" OP\" onclick=\"ljo_open('https:\/\/deepdrop.es\/sistema-riego\/', '');\">syst\u00e8mes d&#8217;irrigation<\/span> en minimisant le gaspillage d&#8217;eau et en maximisant l&#8217;efficacit\u00e9 de l&#8217;irrigation, en s&#8217;adaptant aux besoins sp\u00e9cifiques de chaque culture. <\/p>\n\t\t\n<style>\n#text-451633012 {\n  font-size: 1.4rem;\n  text-align: left;\n}\n<\/style>\n\t<\/div>\n\t\n\t\t<\/div>\n\t\t\t\t\n<style>\n#col-260314580 > .col-inner {\n  padding: 10% 10% 10% 10%;\n}\n<\/style>\n\t<\/div>\n\n\t\n\n\t<div id=\"col-1544262345\" class=\"col medium-7 small-12 large-7\"  >\n\t\t\t\t<div class=\"col-inner\"  >\n\t\t\t\n\t\t\t\n<h5 class=\"uppercase\">Syst\u00e8me Deepdrop<\/h5>\n\t<div id=\"text-4156375547\" class=\"text\">\n\t\t\n<h2 class=\"thin-font\"><span style=\"font-size: 120%;\">Qu&#8217;est-ce que l&#8217;irrigation goutte \u00e0 goutte ?<\/h2>\n\t\t\n<style>\n#text-4156375547 {\n  color: #24b6e2;\n}\n#text-4156375547 > * {\n  color: #24b6e2;\n}\n<\/style>\n\t<\/div>\n\t\n\t<div id=\"text-4249657939\" class=\"text\">\n\t\t\n<h5 class=\"uppercase\">SYST\u00c8ME D&#8217;IRRIGATION GOUTTE \u00c0 GOUTTE<\/h5>\n\t\t\n<style>\n#text-4249657939 {\n  color: #7a9c59;\n}\n#text-4249657939 > * {\n  color: #7a9c59;\n}\n<\/style>\n\t<\/div>\n\t\n<p>L&#8217;<strong>irrigation goutte \u00e0 goutte<\/strong> est une m\u00e9thode d&#8217;irrigation qui applique l&#8217;eau de mani\u00e8re lente et contr\u00f4l\u00e9e directement \u00e0 la base des plantes. Ce syst\u00e8me utilise le syst\u00e8me Deepdrop pour apporter l&#8217;eau \u00e0 la culture depuis la surface. <\/p>\n<p>Le <strong>syst\u00e8me de goutte-\u00e0-goutte<\/strong> comprend un syst\u00e8me de contr\u00f4le qui permet d&#8217;ajuster les niveaux d&#8217;irrigation en fonction du sol et des conditions m\u00e9t\u00e9orologiques, comme dans le cas d&#8217;un <span  class=\" OP\" onclick=\"ljo_open('https:\/\/deepdrop.es\/fr\/systeme-dirrigation-a-compensation-automatique\/', '');\">syst\u00e8me d&#8217;irrigation au goutte-\u00e0-goutte \u00e0 compensation automatique<\/span>.<\/p>\n\t\t<\/div>\n\t\t\t\t\n<style>\n#col-1544262345 > .col-inner {\n  padding: 0px 10px 0px 10px;\n}\n@media (min-width:550px) {\n  #col-1544262345 > .col-inner {\n    padding: 0px 20px 0px 20px;\n  }\n}\n<\/style>\n\t<\/div>\n\n\t\n<\/div>\n\t\t<\/div>\n\n\t\t\n<style>\n#section_2071500922 {\n  padding-top: 30px;\n  padding-bottom: 30px;\n}\n<\/style>\n\t<\/section>\n\t\n\n\t<section class=\"section has-parallax\" id=\"section_541057315\">\n\t\t<div class=\"section-bg fill\" data-parallax-container=\".section\" data-parallax-background data-parallax=\"-10\">\n\t\t\t<img decoding=\"async\" width=\"1600\" height=\"653\" src=\"https:\/\/deepdrop.es\/wp-content\/uploads\/2023\/01\/Tomates-cherry.png\" class=\"bg attachment-original size-original\" alt=\"\" \/>\t\t\t\t\t\t<div class=\"loading-spin centered\"><\/div>\n\t\t\t\n\t<div class=\"is-border\"\n\t\tstyle=\"border-color:rgb(122, 156, 89);border-width:0px 0px 20px 0px;\">\n\t<\/div>\n\n\t\t<\/div>\n\n\t\t\n\n\t\t<div class=\"section-content relative\">\n\t\t\t\n\t\t<\/div>\n\n\t\t\n<style>\n#section_541057315 {\n  padding-top: 0px;\n  padding-bottom: 0px;\n  min-height: 200px;\n  background-color: rgb(122, 156, 89);\n}\n#section_541057315 .section-bg img {\n  object-position: 43% 43%;\n}\n@media (min-width:550px) {\n  #section_541057315 {\n    min-height: 300px;\n  }\n}\n@media (min-width:850px) {\n  #section_541057315 {\n    min-height: 400px;\n  }\n}\n<\/style>\n\t<\/section>\n\t\n\n\t<section class=\"section\" id=\"section_1504209099\">\n\t\t<div class=\"section-bg fill\" >\n\t\t\t\t\t\t\t\t\t\n\t\t\t\n\n\t\t<\/div>\n\n\t\t\n\n\t\t<div class=\"section-content relative\">\n\t\t\t\n\t<div id=\"gap-493295469\" class=\"gap-element clearfix\" style=\"display:block; height:auto;\">\n\t\t\n<style>\n#gap-493295469 {\n  padding-top: 40px;\n}\n@media (min-width:550px) {\n  #gap-493295469 {\n    padding-top: 30px;\n  }\n}\n<\/style>\n\t<\/div>\n\t\n<div class=\"row align-middle\"  id=\"row-656214590\">\n\n\t<div id=\"col-458478712\" class=\"col medium-12 small-12 large-6\"  >\n\t\t\t\t<div class=\"col-inner\"  >\n\t\t\t\n\t\t\t\n<h5 class=\"uppercase\">syst\u00e8me deepdrop<\/h5>\n\t<div id=\"text-2970861297\" class=\"text\">\n\t\t\n<h2 class=\"thin-font\"><span style=\"font-size: 120%;\">Avantages de l&#8217;irrigation goutte \u00e0 goutte en profondeur<\/span><\/h2>\n\t\t\n<style>\n#text-2970861297 {\n  text-align: left;\n  color: #24b6e2;\n}\n#text-2970861297 > * {\n  color: #24b6e2;\n}\n<\/style>\n\t<\/div>\n\t\n\t<div id=\"text-47025220\" class=\"text\">\n\t\t\n<h5 class=\"uppercase\">engag\u00e9 dans le d\u00e9veloppement durable<\/h5>\n\t\t\n<style>\n#text-47025220 {\n  text-align: left;\n  color: #7a9c59;\n}\n#text-47025220 > * {\n  color: #7a9c59;\n}\n<\/style>\n\t<\/div>\n\t\n<p>L&#8217;utilisation de l&#8217;<strong>irrigation au goutte-\u00e0-goutte<\/strong> pr\u00e9sente de nombreux avantages, tant pour les agriculteurs que pour l&#8217;environnement :<\/p>\n<h3>Efficacit\u00e9 de l&#8217;utilisation de l&#8217;eau<\/h3>\n<p>L&#8217;<strong>irrigation goutte \u00e0 goutte<\/strong> optimise l&#8217;utilisation de l&#8217;eau en r\u00e9duisant les pertes dues \u00e0 l&#8217;\u00e9vaporation et au ruissellement. En apportant l&#8217;eau directement aux racines, elle garantit que les plantes re\u00e7oivent la bonne quantit\u00e9 d&#8217;eau sans gaspiller les ressources. <\/p>\n<h3>Am\u00e9lioration de la qualit\u00e9 des cultures<\/h3>\n<p>En fournissant une quantit\u00e9 d&#8217;eau constante et ad\u00e9quate aux racines, le <strong>syst\u00e8me de goutte-\u00e0-goutte<\/strong> am\u00e9liore la sant\u00e9 des plantes et augmente le rendement et la qualit\u00e9 des r\u00e9coltes.<\/p>\n<h3>R\u00e9duction des maladies et des mauvaises herbes<\/h3>\n<p>L&#8217;<strong>irrigation au goutte-\u00e0-goutte<\/strong> minimise l&#8217;humidit\u00e9 \u00e0 la surface du sol, ce qui r\u00e9duit la prolif\u00e9ration des mauvaises herbes et des maladies qui se d\u00e9veloppent dans des conditions humides.<\/p>\n<h3>\u00c9conomie d&#8217;\u00e9nergie<\/h3>\n<p>L&#8217;<strong>irrigation goutte \u00e0 goutte<\/strong> n\u00e9cessite g\u00e9n\u00e9ralement moins de pression et d&#8217;\u00e9nergie pour fonctionner, ce qui se traduit par une r\u00e9duction de la consommation d&#8217;\u00e9nergie par rapport \u00e0 d&#8217;autres m\u00e9thodes d&#8217;irrigation.<\/p>\n\t\t<\/div>\n\t\t\t\t\n<style>\n#col-458478712 > .col-inner {\n  padding: 0px 20px 0px 20px;\n}\n@media (min-width:550px) {\n  #col-458478712 > .col-inner {\n    padding: 0px 20px 0px 20px;\n  }\n}\n<\/style>\n\t<\/div>\n\n\t\n\n\t<div id=\"col-135995131\" class=\"col medium-12 small-12 large-6\"  >\n\t\t\t\t<div class=\"col-inner\" style=\"background-color:rgb(255, 255, 255);\" >\n\t\t\t\n\t\t\t\n<div class=\"slider-wrapper relative\" id=\"slider-2097763398\" >\n    <div class=\"slider slider-nav-dots-dashes slider-nav-simple slider-nav-normal slider-nav-dark slider-style-focus slider-show-nav\"\n        data-flickity-options='{\n            \"cellAlign\": \"center\",\n            \"imagesLoaded\": true,\n            \"lazyLoad\": 1,\n            \"freeScroll\": true,\n            \"wrapAround\": true,\n            \"autoPlay\": 3500,\n            \"pauseAutoPlayOnHover\" : false,\n            \"prevNextButtons\": true,\n            \"contain\" : true,\n            \"adaptiveHeight\" : true,\n            \"dragThreshold\" : 10,\n            \"percentPosition\": true,\n            \"pageDots\": true,\n            \"rightToLeft\": false,\n            \"draggable\": true,\n            \"selectedAttraction\": 0.1,\n            \"parallax\" : 0,\n            \"friction\": 0.6        }'\n        >\n        \n\n  <div class=\"banner has-hover\" id=\"banner-1232912957\">\n          <div class=\"banner-inner fill\">\n        <div class=\"banner-bg fill\" >\n                                                \n\t<div class=\"is-border\"\n\t\tstyle=\"border-color:rgb(122, 156, 89);border-width:2px 2px 2px 2px;\">\n\t<\/div>\n                    <\/div>\n\t\t\n        <div class=\"banner-layers container\">\n            <div class=\"fill banner-link\"><\/div>            \n   <div id=\"text-box-295602931\" class=\"text-box banner-layer x50 md-x50 lg-x50 y50 md-y50 lg-y50 res-text\">\n                                <div class=\"text-box-content text dark\">\n              \n              <div class=\"text-inner text-center\">\n                  \n\t<div id=\"text-3699619106\" class=\"text\">\n\t\t\n<p>La mise en place d&#8217;un <strong>syst\u00e8me d&#8217;irrigation au goutte-\u00e0-goutte pour un hectare<\/strong> n\u00e9cessite une planification minutieuse afin d&#8217;en garantir l&#8217;efficacit\u00e9. Les \u00e9tapes de base de l&#8217;installation sont d\u00e9crites ci-dessous : <\/p>\n<p>Avant d&#8217;installer un <strong>syst\u00e8me d&#8217;irrigation goutte \u00e0 goutte<\/strong>, il est essentiel d&#8217;\u00e9valuer les caract\u00e9ristiques du sol et les besoins sp\u00e9cifiques de la culture. Il s&#8217;agit notamment d&#8217;analyser la texture et la structure du sol, la topographie et les besoins en eau des plantes. <\/p>\n<\/p>\n\t\t\n<style>\n#text-3699619106 {\n  font-size: 0.95rem;\n  line-height: 1.35;\n  text-align: left;\n  color: rgb(103, 103, 103);\n}\n#text-3699619106 > * {\n  color: rgb(103, 103, 103);\n}\n@media (min-width:550px) {\n  #text-3699619106 {\n    font-size: 1.15rem;\n    text-align: left;\n  }\n}\n<\/style>\n\t<\/div>\n\t\n              <\/div>\n           <\/div>\n                            \n<style>\n#text-box-295602931 {\n  width: 86%;\n}\n#text-box-295602931 .text-box-content {\n  font-size: 100%;\n}\n@media (min-width:550px) {\n  #text-box-295602931 {\n    width: 82%;\n  }\n}\n<\/style>\n    <\/div>\n \n        <\/div>\n      <\/div>\n\n            \n<style>\n#banner-1232912957 {\n  padding-top: 450px;\n  background-color: rgba(255, 255, 255, 0);\n}\n@media (min-width:550px) {\n  #banner-1232912957 {\n    padding-top: 300px;\n  }\n}\n@media (min-width:850px) {\n  #banner-1232912957 {\n    padding-top: 400px;\n  }\n}\n<\/style>\n  <\/div>\n\n\n\n  <div class=\"banner has-hover\" id=\"banner-630623374\">\n          <div class=\"banner-inner fill\">\n        <div class=\"banner-bg fill\" >\n                                                \n\t<div class=\"is-border\"\n\t\tstyle=\"border-color:rgb(122, 156, 89);border-width:2px 2px 2px 2px;\">\n\t<\/div>\n                    <\/div>\n\t\t\n        <div class=\"banner-layers container\">\n            <div class=\"fill banner-link\"><\/div>            \n   <div id=\"text-box-639821096\" class=\"text-box banner-layer x50 md-x50 lg-x50 y50 md-y50 lg-y50 res-text\">\n                                <div class=\"text-box-content text dark\">\n              \n              <div class=\"text-inner text-center\">\n                  \n\t<div id=\"text-3336162999\" class=\"text\">\n\t\t\n<ul class=\"ul1\">\n<li class=\"li1\" style=\"text-align: justify;\"><span class=\"s2\" style=\"font-size: 120%;\">Agir contre la d\u00e9sertification dans les zones les plus arides du pays.<\/span><\/li>\n<li class=\"li1\" style=\"text-align: justify;\"><span class=\"s2\" style=\"font-size: 120%;\">Pr\u00e9server la biodiversit\u00e9 de la flore et de la faune et le paysage des \u00e9cosyst\u00e8mes irrigu\u00e9s.<\/span><\/li>\n<li class=\"li1\" style=\"text-align: justify;\"><span style=\"font-size: 120%;\"><span class=\"s2\">Respecter les r\u00e8gles de protection de l&#8217;environnement pr\u00e9vues par les l\u00e9gislations espagnole et europ\u00e9enne.<\/span> <span class=\"s2\">L\u00e9gislation espagnole et europ\u00e9enne.<\/span><\/span><\/li>\n<\/ul>\n\t\t\n<style>\n#text-3336162999 {\n  font-size: 0.95rem;\n  line-height: 1.35;\n  text-align: left;\n  color: rgb(103, 103, 103);\n}\n#text-3336162999 > * {\n  color: rgb(103, 103, 103);\n}\n@media (min-width:550px) {\n  #text-3336162999 {\n    font-size: 1rem;\n  }\n}\n<\/style>\n\t<\/div>\n\t\n              <\/div>\n           <\/div>\n                            \n<style>\n#text-box-639821096 .text-inner {\n  padding: 20px 0px 20px 0px;\n}\n#text-box-639821096 {\n  width: 85%;\n}\n#text-box-639821096 .text-box-content {\n  font-size: 100%;\n}\n@media (min-width:550px) {\n  #text-box-639821096 {\n    width: 73%;\n  }\n}\n<\/style>\n    <\/div>\n \n        <\/div>\n      <\/div>\n\n            \n<style>\n#banner-630623374 {\n  padding-top: 350px;\n  background-color: rgba(255, 255, 255, 0);\n}\n@media (min-width:550px) {\n  #banner-630623374 {\n    padding-top: 250px;\n  }\n}\n@media (min-width:850px) {\n  #banner-630623374 {\n    padding-top: 400px;\n  }\n}\n<\/style>\n  <\/div>\n\n\n     <\/div>\n\n     <div class=\"loading-spin dark large centered\"><\/div>\n\n\t<\/div>\n\n\n\t\t<\/div>\n\t\t\t\t\t<\/div>\n\n\t\n<\/div>\n\t<div id=\"gap-1141974702\" class=\"gap-element clearfix\" style=\"display:block; height:auto;\">\n\t\t\n<style>\n#gap-1141974702 {\n  padding-top: 30px;\n}\n<\/style>\n\t<\/div>\n\t\n\t\t<\/div>\n\n\t\t\n<style>\n#section_1504209099 {\n  padding-top: 0px;\n  padding-bottom: 0px;\n}\n<\/style>\n\t<\/section>\n\t\n\n\t<section class=\"section has-parallax\" id=\"section_723217778\">\n\t\t<div class=\"section-bg fill\" data-parallax-container=\".section\" data-parallax-background data-parallax=\"-10\">\n\t\t\t<img decoding=\"async\" width=\"1600\" height=\"653\" src=\"https:\/\/deepdrop.es\/wp-content\/uploads\/2023\/01\/Campo-oilvos.png\" class=\"bg attachment-original size-original\" alt=\"\" \/>\t\t\t\t\t\t<div class=\"loading-spin centered\"><\/div>\n\t\t\t\n\t<div class=\"is-border\"\n\t\tstyle=\"border-color:rgb(36, 182, 226);border-width:0px 0px 20px 0px;\">\n\t<\/div>\n\n\t\t<\/div>\n\n\t\t\n\n\t\t<div class=\"section-content relative\">\n\t\t\t\n\t\t<\/div>\n\n\t\t\n<style>\n#section_723217778 {\n  padding-top: 0px;\n  padding-bottom: 0px;\n  min-height: 200px;\n  background-color: #24b6e2;\n}\n#section_723217778 .section-bg img {\n  object-position: 55% 61%;\n}\n@media (min-width:550px) {\n  #section_723217778 {\n    min-height: 300px;\n  }\n}\n@media (min-width:850px) {\n  #section_723217778 {\n    min-height: 400px;\n  }\n}\n<\/style>\n\t<\/section>\n\t\n\n\t<section class=\"section\" id=\"section_335064009\">\n\t\t<div class=\"section-bg fill\" >\n\t\t\t\t\t\t\t\t\t\n\t\t\t\n\n\t\t<\/div>\n\n\t\t\n\n\t\t<div class=\"section-content relative\">\n\t\t\t\n\t<div id=\"gap-1004959349\" class=\"gap-element clearfix\" style=\"display:block; height:auto;\">\n\t\t\n<style>\n#gap-1004959349 {\n  padding-top: 30px;\n}\n<\/style>\n\t<\/div>\n\t\n<div class=\"row align-middle\"  id=\"row-1199840089\">\n\n\t<div id=\"col-1161981234\" class=\"col medium-12 small-12 large-12\"  data-animate=\"fadeInRight\">\n\t\t\t\t<div class=\"col-inner text-left\"  >\n\t\t\t\n\t<div class=\"is-border\"\n\t\tstyle=\"border-color:rgb(122, 156, 89);border-width:2px 2px 2px 2px;\">\n\t<\/div>\n\t\t\t\n\t<div id=\"text-4183764509\" class=\"text\">\n\t\t\n<h5 class=\"uppercase\">SYST\u00c8ME DEEPDROP<\/h5>\n<\/p>\n\t\t\n<style>\n#text-4183764509 {\n  text-align: left;\n}\n<\/style>\n\t<\/div>\n\t\n\t<div id=\"text-1187847318\" class=\"text\">\n\t\t\n<h3>Applications du syst\u00e8me d&#8217;irrigation goutte \u00e0 goutte<\/h3>\n<\/p>\n\t\t\n<style>\n#text-1187847318 {\n  font-size: 1.35rem;\n  color: #24b6e2;\n}\n#text-1187847318 > * {\n  color: #24b6e2;\n}\n<\/style>\n\t<\/div>\n\t\n\t<div id=\"text-1400811754\" class=\"text\">\n\t\t\n<h5 class=\"uppercase\">engag\u00e9 en faveur de l&#8217;environnement<\/h5>\n\t\t\n<style>\n#text-1400811754 {\n  text-align: left;\n  color: #7a9c59;\n}\n#text-1400811754 > * {\n  color: #7a9c59;\n}\n<\/style>\n\t<\/div>\n\t\n\t<div id=\"text-2785048406\" class=\"text\">\n\t\t\n<p>L&#8217;<strong>irrigation goutte \u00e0 goutte<\/strong> peut \u00eatre appliqu\u00e9e dans une grande vari\u00e9t\u00e9 de contextes agricoles et paysagers :<\/p>\n<h3>Horticulture et cultures \u00e0 haute valeur ajout\u00e9e<\/h3>\n<p>Le <strong>syst\u00e8me de goutte \u00e0 goutte<\/strong> est id\u00e9al pour les cultures telles que les fruits, les l\u00e9gumes et les fleurs, o\u00f9 la qualit\u00e9 et le rendement sont une priorit\u00e9.<\/p>\n<h3>Espaces verts urbains<\/h3>\n<p>Dans les parcs, les jardins et les zones urbaines, l&#8217;<strong>irrigation goutte \u00e0 goutte<\/strong> vous permet de maintenir un paysage sain avec une utilisation efficace de l&#8217;eau dans les jardins.<\/p>\n<h3>L&#8217;agriculture dans les r\u00e9gions arides<\/h3>\n<p>Dans les r\u00e9gions o\u00f9 l&#8217;eau est rare, les <strong>syst\u00e8mes d&#8217;irrigation au goutte-\u00e0-goutte<\/strong> sont essentiels pour maximiser l&#8217;utilisation de l&#8217;eau disponible et permettre une production agricole durable.<\/p>\n\t\t\n<style>\n#text-2785048406 {\n  font-size: 1.35rem;\n}\n<\/style>\n\t<\/div>\n\t\n\t\t<\/div>\n\t\t\t\t\n<style>\n#col-1161981234 > .col-inner {\n  padding: 7% 8% 5% 8%;\n  margin: 0 0px 0px 0px;\n}\n@media (min-width:550px) {\n  #col-1161981234 > .col-inner {\n    padding: 5% 5% 5% 5%;\n    margin: -50px 0 0px 0px;\n  }\n}\n@media (min-width:850px) {\n  #col-1161981234 > .col-inner {\n    padding: 5% 5% 5% 5%;\n  }\n}\n<\/style>\n\t<\/div>\n\n\t\n<\/div>\n\t\t<\/div>\n\n\t\t\n<style>\n#section_335064009 {\n  padding-top: 30px;\n  padding-bottom: 30px;\n}\n@media (min-width:550px) {\n  #section_335064009 {\n    padding-top: 50px;\n    padding-bottom: 50px;\n  }\n}\n<\/style>\n\t<\/section>\n\t\n","protected":false},"excerpt":{"rendered":"","protected":false},"author":1943,"featured_media":0,"parent":0,"menu_order":0,"comment_status":"closed","ping_status":"closed","template":"","meta":{"content-type":"","inline_featured_image":false,"_joinchat":[],"footnotes":""},"class_list":["post-10734","page","type-page","status-publish","hentry"],"_links":{"self":[{"href":"https:\/\/deepdrop.es\/fr\/wp-json\/wp\/v2\/pages\/10734","targetHints":{"allow":["GET"]}}],"collection":[{"href":"https:\/\/deepdrop.es\/fr\/wp-json\/wp\/v2\/pages"}],"about":[{"href":"https:\/\/deepdrop.es\/fr\/wp-json\/wp\/v2\/types\/page"}],"author":[{"embeddable":true,"href":"https:\/\/deepdrop.es\/fr\/wp-json\/wp\/v2\/users\/1943"}],"replies":[{"embeddable":true,"href":"https:\/\/deepdrop.es\/fr\/wp-json\/wp\/v2\/comments?post=10734"}],"version-history":[{"count":0,"href":"https:\/\/deepdrop.es\/fr\/wp-json\/wp\/v2\/pages\/10734\/revisions"}],"wp:attachment":[{"href":"https:\/\/deepdrop.es\/fr\/wp-json\/wp\/v2\/media?parent=10734"}],"curies":[{"name":"wp","href":"https:\/\/api.w.org\/{rel}","templated":true}]}}