{"id":10730,"date":"2024-07-09T07:25:29","date_gmt":"2024-07-09T07:25:29","guid":{"rendered":"https:\/\/deepdrop.es\/systeme-dirrigation-localise\/"},"modified":"2025-01-16T11:39:39","modified_gmt":"2025-01-16T11:39:39","slug":"systeme-dirrigation-localise","status":"publish","type":"page","link":"https:\/\/deepdrop.es\/fr\/systeme-dirrigation-localise\/","title":{"rendered":"Syst\u00e8me d&#8217;irrigation localis\u00e9"},"content":{"rendered":"\n\t<section class=\"section dark\" id=\"section_1640462152\">\n\t\t<div class=\"section-bg fill\" >\n\t\t\t<img decoding=\"async\" width=\"1600\" height=\"653\" src=\"https:\/\/deepdrop.es\/wp-content\/uploads\/2022\/12\/NARANJO.png\" class=\"bg attachment-original size-original\" alt=\"\" \/>\t\t\t\t\t\t<div class=\"section-bg-overlay absolute fill\"><\/div>\n\t\t\t\n\t<div class=\"is-border\"\n\t\tstyle=\"border-color:rgb(36, 182, 226);border-width:0px 0px 20px 0px;\">\n\t<\/div>\n\n\t\t<\/div>\n\n\t\t\n\n\t\t<div class=\"section-content relative\">\n\t\t\t\n<div class=\"row\"  id=\"row-1761039471\">\n\n\t<div id=\"col-1532249587\" class=\"col medium-7 small-10 large-5\"  >\n\t\t\t\t<div class=\"col-inner\"  >\n\t\t\t\n\t\t\t\n\t<div id=\"text-80508956\" class=\"text\">\n\t\t\n<h1 class=\"uppercase thin-font\"><span style=\"font-size: 160%;\">Syst\u00e8me d&#8217;irrigation localis\u00e9<br \/><\/span><\/h1>\n<p>Les <strong>syst\u00e8mes d&#8217;irrigation localis\u00e9e<\/strong> repr\u00e9sentent une \u00e9volution significative dans la gestion de l&#8217;irrigation agricole. Avec une planification ad\u00e9quate et un entretien r\u00e9gulier, ces syst\u00e8mes peuvent offrir des avantages exceptionnels en termes d&#8217;efficacit\u00e9 de l&#8217;eau, de sant\u00e9 des cultures et de durabilit\u00e9 de l&#8217;environnement. <\/p>\n\t\t\n<style>\n#text-80508956 {\n  color: rgb(255,255,255);\n}\n#text-80508956 > * {\n  color: rgb(255,255,255);\n}\n<\/style>\n\t<\/div>\n\t\n\t\t<\/div>\n\t\t\t\t\t<\/div>\n\n\t\n\n<style>\n#row-1761039471 > .col > .col-inner {\n  padding: 0px 0px 0px 20px;\n}\n<\/style>\n<\/div>\n\t\t<\/div>\n\n\t\t\n<style>\n#section_1640462152 {\n  padding-top: 30px;\n  padding-bottom: 30px;\n  min-height: 640px;\n  background-color: rgb(36, 182, 226);\n}\n#section_1640462152 .section-bg-overlay {\n  background-color: rgba(0, 0, 0, 0.099);\n}\n#section_1640462152 .section-bg img {\n  object-position: 42% 71%;\n}\n@media (min-width:550px) {\n  #section_1640462152 {\n    min-height: 680px;\n  }\n}\n<\/style>\n\t<\/section>\n\t\n\n\t<section class=\"section\" id=\"section_1042427159\">\n\t\t<div class=\"section-bg fill\" >\n\t\t\t\t\t\t\t\t\t\n\t\t\t\n\n\t\t<\/div>\n\n\t\t\n\n\t\t<div class=\"section-content relative\">\n\t\t\t\n<div class=\"row row-large align-middle\"  id=\"row-1115569292\">\n\n\t<div id=\"col-1367159733\" class=\"col medium-5 small-12 large-5\"  >\n\t\t\t\t<div class=\"col-inner text-center\"  >\n\t\t\t\n\t<div class=\"is-border\"\n\t\tstyle=\"border-color:rgb(122, 156, 89);border-width:2px 2px 2px 2px;\">\n\t<\/div>\n\t\t\t\n\t<div id=\"text-1503968620\" class=\"text\">\n\t\t\n<p>L&#8217;<strong>irrigation localis\u00e9e<\/strong> est une technique d&#8217;irrigation qui a r\u00e9volutionn\u00e9 l&#8217;agriculture moderne en apportant l&#8217;eau directement \u00e0 la zone racinaire des plantes. Cette technique diff\u00e8re des autres m\u00e9thodes d&#8217;irrigation en minimisant le gaspillage d&#8217;eau et en maximisant l&#8217;efficacit\u00e9 de l&#8217;irrigation en s&#8217;adaptant aux besoins sp\u00e9cifiques de chaque culture. <\/p>\n<p>Les <strong>syst\u00e8mes d&#8217;irrigation localis\u00e9s<\/strong> comprennent plusieurs modalit\u00e9s telles que l&#8217;irrigation au goutte-\u00e0-goutte et l&#8217;irrigation par micro-aspersion, chacune \u00e9tant con\u00e7ue pour optimiser l&#8217;utilisation de l&#8217;eau et am\u00e9liorer la sant\u00e9 des cultures.<\/p>\n\t\t\n<style>\n#text-1503968620 {\n  font-size: 1.2rem;\n  text-align: left;\n}\n<\/style>\n\t<\/div>\n\t\n\t\t<\/div>\n\t\t\t\t\n<style>\n#col-1367159733 > .col-inner {\n  padding: 10% 10% 10% 10%;\n}\n<\/style>\n\t<\/div>\n\n\t\n\n\t<div id=\"col-144245949\" class=\"col medium-7 small-12 large-7\"  >\n\t\t\t\t<div class=\"col-inner\"  >\n\t\t\t\n\t\t\t\n<h5 class=\"uppercase\">Syst\u00e8me Deepdrop<\/h5>\n\t<div id=\"text-637607201\" class=\"text\">\n\t\t\n<h2 class=\"thin-font\"><span style=\"font-size: 120%;\">Qu&#8217;est-ce que l&#8217;irrigation localis\u00e9e ?<\/p>\n\t\t\n<style>\n#text-637607201 {\n  color: #24b6e2;\n}\n#text-637607201 > * {\n  color: #24b6e2;\n}\n<\/style>\n\t<\/div>\n\t\n\t<div id=\"text-3453758908\" class=\"text\">\n\t\t\n<h5 class=\"uppercase\">syst\u00e8me d&#8217;irrigation localis\u00e9<\/h5>\n\t\t\n<style>\n#text-3453758908 {\n  color: #7a9c59;\n}\n#text-3453758908 > * {\n  color: #7a9c59;\n}\n<\/style>\n\t<\/div>\n\t\n<p>L&#8217;<strong>irrigation localis\u00e9e<\/strong> est une m\u00e9thode qui applique l&#8217;eau de mani\u00e8re pr\u00e9cise et contr\u00f4l\u00e9e \u00e0 la zone o\u00f9 se trouve le syst\u00e8me racinaire des plantes. Contrairement aux m\u00e9thodes traditionnelles d&#8217;irrigation de surface, les <strong>syst\u00e8mes d&#8217;irrigation au goutte-\u00e0-goutte<\/strong> garantissent que l&#8217;eau atteint directement les racines, r\u00e9duisant ainsi les pertes dues \u00e0 l&#8217;\u00e9vaporation et au ruissellement. <\/p>\n<h3>Types de syst\u00e8mes d&#8217;irrigation localis\u00e9s<\/h3>\n<p>Il existe plusieurs types de <strong>syst\u00e8mes d&#8217;irrigation localis\u00e9e<\/strong>, chacun ayant des caract\u00e9ristiques sp\u00e9cifiques pour s&#8217;adapter aux diff\u00e9rents types de cultures et aux conditions du sol :<\/p>\n<ul>\n<li><strong><span  class=\" OP\" onclick=\"ljo_open('https:\/\/deepdrop.es\/sistema-riego\/', '');\">Irrigation au goutte-\u00e0-goutte<\/span>:<\/strong> elle consiste en une application lente et continue d&#8217;eau par le biais de petits \u00e9metteurs, directement au pied des plantes.<\/li>\n<li><strong><span  class=\" OP\" onclick=\"ljo_open('https:\/\/deepdrop.es\/sistema-riego-subterraneo\/', '');\">Irrigation souterraine<\/span>:<\/strong> similaire \u00e0 l&#8217;irrigation au goutte-\u00e0-goutte, mais les \u00e9metteurs sont enterr\u00e9s pr\u00e8s des racines, ce qui r\u00e9duit encore les pertes par \u00e9vaporation.<\/li>\n<\/ul>\n\t\t<\/div>\n\t\t\t\t\n<style>\n#col-144245949 > .col-inner {\n  padding: 0px 10px 0px 10px;\n}\n@media (min-width:550px) {\n  #col-144245949 > .col-inner {\n    padding: 0px 20px 0px 20px;\n  }\n}\n<\/style>\n\t<\/div>\n\n\t\n<\/div>\n\t\t<\/div>\n\n\t\t\n<style>\n#section_1042427159 {\n  padding-top: 30px;\n  padding-bottom: 30px;\n}\n<\/style>\n\t<\/section>\n\t\n\n\t<section class=\"section has-parallax\" id=\"section_2055647716\">\n\t\t<div class=\"section-bg fill\" data-parallax-container=\".section\" data-parallax-background data-parallax=\"-10\">\n\t\t\t<img decoding=\"async\" width=\"1600\" height=\"653\" src=\"https:\/\/deepdrop.es\/wp-content\/uploads\/2023\/01\/Tomates-cherry.png\" class=\"bg attachment-original size-original\" alt=\"\" \/>\t\t\t\t\t\t<div class=\"loading-spin centered\"><\/div>\n\t\t\t\n\t<div class=\"is-border\"\n\t\tstyle=\"border-color:rgb(122, 156, 89);border-width:0px 0px 20px 0px;\">\n\t<\/div>\n\n\t\t<\/div>\n\n\t\t\n\n\t\t<div class=\"section-content relative\">\n\t\t\t\n\t\t<\/div>\n\n\t\t\n<style>\n#section_2055647716 {\n  padding-top: 0px;\n  padding-bottom: 0px;\n  min-height: 200px;\n  background-color: rgb(122, 156, 89);\n}\n#section_2055647716 .section-bg img {\n  object-position: 43% 43%;\n}\n@media (min-width:550px) {\n  #section_2055647716 {\n    min-height: 300px;\n  }\n}\n@media (min-width:850px) {\n  #section_2055647716 {\n    min-height: 400px;\n  }\n}\n<\/style>\n\t<\/section>\n\t\n\n\t<section class=\"section\" id=\"section_1554151060\">\n\t\t<div class=\"section-bg fill\" >\n\t\t\t\t\t\t\t\t\t\n\t\t\t\n\n\t\t<\/div>\n\n\t\t\n\n\t\t<div class=\"section-content relative\">\n\t\t\t\n\t<div id=\"gap-27586376\" class=\"gap-element clearfix\" style=\"display:block; height:auto;\">\n\t\t\n<style>\n#gap-27586376 {\n  padding-top: 40px;\n}\n@media (min-width:550px) {\n  #gap-27586376 {\n    padding-top: 30px;\n  }\n}\n<\/style>\n\t<\/div>\n\t\n<div class=\"row align-middle\"  id=\"row-328387549\">\n\n\t<div id=\"col-1134640527\" class=\"col medium-12 small-12 large-6\"  >\n\t\t\t\t<div class=\"col-inner\"  >\n\t\t\t\n\t\t\t\n<h5 class=\"uppercase\">syst\u00e8me deepdrop<\/h5>\n\t<div id=\"text-1262485255\" class=\"text\">\n\t\t\n<h2 class=\"thin-font\"><span style=\"font-size: 120%;\">Avantages de l&#8217;irrigation localis\u00e9e<\/h2>\n\t\t\n<style>\n#text-1262485255 {\n  text-align: left;\n  color: #24b6e2;\n}\n#text-1262485255 > * {\n  color: #24b6e2;\n}\n<\/style>\n\t<\/div>\n\t\n\t<div id=\"text-1593963582\" class=\"text\">\n\t\t\n<h5 class=\"uppercase\">engag\u00e9 dans le d\u00e9veloppement durable<\/h5>\n\t\t\n<style>\n#text-1593963582 {\n  text-align: left;\n  color: #7a9c59;\n}\n#text-1593963582 > * {\n  color: #7a9c59;\n}\n<\/style>\n\t<\/div>\n\t\n\t<div id=\"text-1429847020\" class=\"text\">\n\t\t\n<p>L&#8217;utilisation de syst\u00e8mes d&#8217;irrigation localis\u00e9s pr\u00e9sente de nombreux avantages pour les agriculteurs et l&#8217;environnement :<\/p>\n<p> Efficacit\u00e9 de l&#8217;utilisation de l&#8217;eau L&#8217;irrigation localis\u00e9e est tr\u00e8s \u00e9conome en eau car elle applique l&#8217;eau directement l\u00e0 o\u00f9 elle est n\u00e9cessaire. Cela r\u00e9duit le gaspillage et permet une meilleure gestion des ressources en eau. <\/p>\n\t\t\n<style>\n#text-1429847020 {\n  font-size: 1.15rem;\n}\n<\/style>\n\t<\/div>\n\t\n\t\t<\/div>\n\t\t\t\t\n<style>\n#col-1134640527 > .col-inner {\n  padding: 0px 20px 0px 20px;\n}\n@media (min-width:550px) {\n  #col-1134640527 > .col-inner {\n    padding: 0px 20px 0px 20px;\n  }\n}\n<\/style>\n\t<\/div>\n\n\t\n\n\t<div id=\"col-251459865\" class=\"col medium-12 small-12 large-6\"  >\n\t\t\t\t<div class=\"col-inner\" style=\"background-color:rgb(255, 255, 255);\" >\n\t\t\t\n\t\t\t\n<div class=\"slider-wrapper relative\" id=\"slider-277151280\" >\n    <div class=\"slider slider-nav-dots-dashes slider-nav-simple slider-nav-normal slider-nav-dark slider-style-focus slider-show-nav\"\n        data-flickity-options='{\n            \"cellAlign\": \"center\",\n            \"imagesLoaded\": true,\n            \"lazyLoad\": 1,\n            \"freeScroll\": true,\n            \"wrapAround\": true,\n            \"autoPlay\": 3500,\n            \"pauseAutoPlayOnHover\" : false,\n            \"prevNextButtons\": true,\n            \"contain\" : true,\n            \"adaptiveHeight\" : true,\n            \"dragThreshold\" : 10,\n            \"percentPosition\": true,\n            \"pageDots\": true,\n            \"rightToLeft\": false,\n            \"draggable\": true,\n            \"selectedAttraction\": 0.1,\n            \"parallax\" : 0,\n            \"friction\": 0.6        }'\n        >\n        \n\n  <div class=\"banner has-hover\" id=\"banner-1440186186\">\n          <div class=\"banner-inner fill\">\n        <div class=\"banner-bg fill\" >\n                                                \n\t<div class=\"is-border\"\n\t\tstyle=\"border-color:rgb(122, 156, 89);border-width:2px 2px 2px 2px;\">\n\t<\/div>\n                    <\/div>\n\t\t\n        <div class=\"banner-layers container\">\n            <div class=\"fill banner-link\"><\/div>            \n   <div id=\"text-box-1125741109\" class=\"text-box banner-layer x50 md-x50 lg-x50 y50 md-y50 lg-y50 res-text\">\n                                <div class=\"text-box-content text dark\">\n              \n              <div class=\"text-inner text-center\">\n                  \n\t<div id=\"text-1888551692\" class=\"text\">\n\t\t\n<h3>Am\u00e9lioration de la qualit\u00e9 des cultures<\/h3>\n<p>En fournissant une quantit\u00e9 d&#8217;eau constante et ad\u00e9quate aux racines, les <strong>syst\u00e8mes d&#8217;irrigation localis\u00e9e<\/strong> am\u00e9liorent la sant\u00e9 des plantes et augmentent le rendement et la qualit\u00e9 des r\u00e9coltes.<\/p>\n<h3>R\u00e9duction des maladies et des mauvaises herbes<\/h3>\n<p>L&#8217;<strong>irrigation localis\u00e9e<\/strong> minimise l&#8217;humidit\u00e9 \u00e0 la surface du sol, ce qui r\u00e9duit la prolif\u00e9ration des mauvaises herbes et des maladies qui se d\u00e9veloppent dans des conditions humides.<\/p>\n<h3>\u00c9conomie d&#8217;\u00e9nergie<\/h3>\n<p>Les <strong>syst\u00e8mes d&#8217;irrigation localis\u00e9s<\/strong> n\u00e9cessitent g\u00e9n\u00e9ralement moins de pression et d&#8217;\u00e9nergie pour fonctionner, ce qui signifie que moins d&#8217;\u00e9nergie est n\u00e9cessaire pour faire fonctionner le syst\u00e8me.<\/p>\n\t\t\n<style>\n#text-1888551692 {\n  font-size: 0.95rem;\n  line-height: 1.35;\n  text-align: left;\n  color: rgb(103, 103, 103);\n}\n#text-1888551692 > * {\n  color: rgb(103, 103, 103);\n}\n@media (min-width:550px) {\n  #text-1888551692 {\n    font-size: 1rem;\n    text-align: left;\n  }\n}\n<\/style>\n\t<\/div>\n\t\n              <\/div>\n           <\/div>\n                            \n<style>\n#text-box-1125741109 {\n  width: 86%;\n}\n#text-box-1125741109 .text-box-content {\n  font-size: 100%;\n}\n@media (min-width:550px) {\n  #text-box-1125741109 {\n    width: 82%;\n  }\n}\n<\/style>\n    <\/div>\n \n        <\/div>\n      <\/div>\n\n            \n<style>\n#banner-1440186186 {\n  padding-top: 450px;\n  background-color: rgba(255, 255, 255, 0);\n}\n@media (min-width:550px) {\n  #banner-1440186186 {\n    padding-top: 300px;\n  }\n}\n@media (min-width:850px) {\n  #banner-1440186186 {\n    padding-top: 400px;\n  }\n}\n<\/style>\n  <\/div>\n\n\n\n  <div class=\"banner has-hover\" id=\"banner-901508462\">\n          <div class=\"banner-inner fill\">\n        <div class=\"banner-bg fill\" >\n                                                \n\t<div class=\"is-border\"\n\t\tstyle=\"border-color:rgb(122, 156, 89);border-width:2px 2px 2px 2px;\">\n\t<\/div>\n                    <\/div>\n\t\t\n        <div class=\"banner-layers container\">\n            <div class=\"fill banner-link\"><\/div>            \n   <div id=\"text-box-755972128\" class=\"text-box banner-layer x50 md-x50 lg-x50 y50 md-y50 lg-y50 res-text\">\n                                <div class=\"text-box-content text dark\">\n              \n              <div class=\"text-inner text-center\">\n                  \n\t<div id=\"text-1449543169\" class=\"text\">\n\t\t\n<ul class=\"ul1\">\n<li class=\"li1\" style=\"text-align: justify;\"><span class=\"s2\" style=\"font-size: 120%;\">Agir contre la d\u00e9sertification dans les zones les plus arides du pays.<\/span><\/li>\n<li class=\"li1\" style=\"text-align: justify;\"><span class=\"s2\" style=\"font-size: 120%;\">Pr\u00e9server la biodiversit\u00e9 de la flore et de la faune et le paysage des \u00e9cosyst\u00e8mes irrigu\u00e9s.<\/span><\/li>\n<li class=\"li1\" style=\"text-align: justify;\"><span style=\"font-size: 120%;\"><span class=\"s2\">Respecter les r\u00e8gles de protection de l&#8217;environnement pr\u00e9vues par les l\u00e9gislations espagnole et europ\u00e9enne.<\/span> <span class=\"s2\">L\u00e9gislation espagnole et europ\u00e9enne.<\/span><\/span><\/li>\n<\/ul>\n\t\t\n<style>\n#text-1449543169 {\n  font-size: 0.95rem;\n  line-height: 1.35;\n  text-align: left;\n  color: rgb(103, 103, 103);\n}\n#text-1449543169 > * {\n  color: rgb(103, 103, 103);\n}\n@media (min-width:550px) {\n  #text-1449543169 {\n    font-size: 1rem;\n  }\n}\n<\/style>\n\t<\/div>\n\t\n              <\/div>\n           <\/div>\n                            \n<style>\n#text-box-755972128 .text-inner {\n  padding: 20px 0px 20px 0px;\n}\n#text-box-755972128 {\n  width: 85%;\n}\n#text-box-755972128 .text-box-content {\n  font-size: 100%;\n}\n@media (min-width:550px) {\n  #text-box-755972128 {\n    width: 73%;\n  }\n}\n<\/style>\n    <\/div>\n \n        <\/div>\n      <\/div>\n\n            \n<style>\n#banner-901508462 {\n  padding-top: 350px;\n  background-color: rgba(255, 255, 255, 0);\n}\n@media (min-width:550px) {\n  #banner-901508462 {\n    padding-top: 250px;\n  }\n}\n@media (min-width:850px) {\n  #banner-901508462 {\n    padding-top: 400px;\n  }\n}\n<\/style>\n  <\/div>\n\n\n     <\/div>\n\n     <div class=\"loading-spin dark large centered\"><\/div>\n\n\t<\/div>\n\n\n\t\t<\/div>\n\t\t\t\t\t<\/div>\n\n\t\n<\/div>\n\t<div id=\"gap-911007452\" class=\"gap-element clearfix\" style=\"display:block; height:auto;\">\n\t\t\n<style>\n#gap-911007452 {\n  padding-top: 30px;\n}\n<\/style>\n\t<\/div>\n\t\n\t\t<\/div>\n\n\t\t\n<style>\n#section_1554151060 {\n  padding-top: 0px;\n  padding-bottom: 0px;\n}\n<\/style>\n\t<\/section>\n\t\n\n\t<section class=\"section has-parallax\" id=\"section_1834053206\">\n\t\t<div class=\"section-bg fill\" data-parallax-container=\".section\" data-parallax-background data-parallax=\"-10\">\n\t\t\t<img decoding=\"async\" width=\"1600\" height=\"653\" src=\"https:\/\/deepdrop.es\/wp-content\/uploads\/2023\/01\/Campo-oilvos.png\" class=\"bg attachment-original size-original\" alt=\"\" \/>\t\t\t\t\t\t<div class=\"loading-spin centered\"><\/div>\n\t\t\t\n\t<div class=\"is-border\"\n\t\tstyle=\"border-color:rgb(36, 182, 226);border-width:0px 0px 20px 0px;\">\n\t<\/div>\n\n\t\t<\/div>\n\n\t\t\n\n\t\t<div class=\"section-content relative\">\n\t\t\t\n\t\t<\/div>\n\n\t\t\n<style>\n#section_1834053206 {\n  padding-top: 0px;\n  padding-bottom: 0px;\n  min-height: 200px;\n  background-color: #24b6e2;\n}\n#section_1834053206 .section-bg img {\n  object-position: 55% 61%;\n}\n@media (min-width:550px) {\n  #section_1834053206 {\n    min-height: 300px;\n  }\n}\n@media (min-width:850px) {\n  #section_1834053206 {\n    min-height: 400px;\n  }\n}\n<\/style>\n\t<\/section>\n\t\n\n\t<section class=\"section\" id=\"section_2063459463\">\n\t\t<div class=\"section-bg fill\" >\n\t\t\t\t\t\t\t\t\t\n\t\t\t\n\n\t\t<\/div>\n\n\t\t\n\n\t\t<div class=\"section-content relative\">\n\t\t\t\n\t<div id=\"gap-322679067\" class=\"gap-element clearfix\" style=\"display:block; height:auto;\">\n\t\t\n<style>\n#gap-322679067 {\n  padding-top: 30px;\n}\n<\/style>\n\t<\/div>\n\t\n<div class=\"row align-middle\"  id=\"row-1008702099\">\n\n\t<div id=\"col-128327379\" class=\"col medium-12 small-12 large-12\"  data-animate=\"fadeInRight\">\n\t\t\t\t<div class=\"col-inner text-left\"  >\n\t\t\t\n\t<div class=\"is-border\"\n\t\tstyle=\"border-color:rgb(122, 156, 89);border-width:2px 2px 2px 2px;\">\n\t<\/div>\n\t\t\t\n\t<div id=\"text-1566795136\" class=\"text\">\n\t\t\n<h5 class=\"uppercase\">SYST\u00c8ME DEEPDROP<\/h5>\n<\/p>\n\t\t\n<style>\n#text-1566795136 {\n  text-align: left;\n}\n<\/style>\n\t<\/div>\n\t\n\t<div id=\"text-1989129294\" class=\"text\">\n\t\t\n<h3>Mise en place de syst\u00e8mes d&#8217;irrigation localis\u00e9s<\/h3>\n<\/p>\n\t\t\n<style>\n#text-1989129294 {\n  font-size: 1.35rem;\n  color: #24b6e2;\n}\n#text-1989129294 > * {\n  color: #24b6e2;\n}\n<\/style>\n\t<\/div>\n\t\n\t<div id=\"text-2162864606\" class=\"text\">\n\t\t\n<h5 class=\"uppercase\">engag\u00e9 en faveur de l&#8217;environnement<\/h5>\n\t\t\n<style>\n#text-2162864606 {\n  text-align: left;\n  color: #7a9c59;\n}\n#text-2162864606 > * {\n  color: #7a9c59;\n}\n<\/style>\n\t<\/div>\n\t\n\t<div id=\"text-280336256\" class=\"text\">\n\t\t\n<p>Avant d&#8217;installer un <strong>syst\u00e8me d&#8217;irrigation localis\u00e9e<\/strong>, il est essentiel d&#8217;\u00e9valuer les caract\u00e9ristiques du sol et les besoins sp\u00e9cifiques de la culture. Il s&#8217;agit notamment d&#8217;analyser la texture et la structure du sol, la topographie et les besoins en eau des plantes. <\/p>\n<h3>Conception du syst\u00e8me<\/h3>\n<p>La conception du <strong>syst\u00e8me d&#8217;irrigation localis\u00e9e<\/strong> doit \u00eatre adapt\u00e9e aux conditions du sol et au type de culture. Cela comprend la s\u00e9lection des \u00e9metteurs appropri\u00e9s, la disposition des lignes d&#8217;irrigation et la configuration du syst\u00e8me de contr\u00f4le. <\/p>\n<h3>Installation et maintenance<\/h3>\n<p>Une fois le syst\u00e8me con\u00e7u, l&#8217;installation doit \u00eatre effectu\u00e9e avec pr\u00e9cision pour garantir un fonctionnement optimal. Un entretien r\u00e9gulier, comprenant le nettoyage des \u00e9metteurs et la v\u00e9rification du syst\u00e8me de contr\u00f4le, est essentiel pour maintenir l&#8217;efficacit\u00e9 de l&#8217;<strong>irrigation localis\u00e9e<\/strong>. <\/p>\n\t\t\n<style>\n#text-280336256 {\n  font-size: 1.35rem;\n}\n<\/style>\n\t<\/div>\n\t\n\t\t<\/div>\n\t\t\t\t\n<style>\n#col-128327379 > .col-inner {\n  padding: 7% 8% 5% 8%;\n  margin: 0 0px 0px 0px;\n}\n@media (min-width:550px) {\n  #col-128327379 > .col-inner {\n    padding: 5% 5% 5% 5%;\n    margin: -50px 0 0px 0px;\n  }\n}\n@media (min-width:850px) {\n  #col-128327379 > .col-inner {\n    padding: 5% 5% 5% 5%;\n  }\n}\n<\/style>\n\t<\/div>\n\n\t\n<\/div>\n\t\t<\/div>\n\n\t\t\n<style>\n#section_2063459463 {\n  padding-top: 30px;\n  padding-bottom: 30px;\n}\n@media (min-width:550px) {\n  #section_2063459463 {\n    padding-top: 50px;\n    padding-bottom: 50px;\n  }\n}\n<\/style>\n\t<\/section>\n\t\n","protected":false},"excerpt":{"rendered":"","protected":false},"author":1943,"featured_media":0,"parent":0,"menu_order":0,"comment_status":"closed","ping_status":"closed","template":"","meta":{"content-type":"","inline_featured_image":false,"_joinchat":[],"footnotes":""},"class_list":["post-10730","page","type-page","status-publish","hentry"],"_links":{"self":[{"href":"https:\/\/deepdrop.es\/fr\/wp-json\/wp\/v2\/pages\/10730","targetHints":{"allow":["GET"]}}],"collection":[{"href":"https:\/\/deepdrop.es\/fr\/wp-json\/wp\/v2\/pages"}],"about":[{"href":"https:\/\/deepdrop.es\/fr\/wp-json\/wp\/v2\/types\/page"}],"author":[{"embeddable":true,"href":"https:\/\/deepdrop.es\/fr\/wp-json\/wp\/v2\/users\/1943"}],"replies":[{"embeddable":true,"href":"https:\/\/deepdrop.es\/fr\/wp-json\/wp\/v2\/comments?post=10730"}],"version-history":[{"count":0,"href":"https:\/\/deepdrop.es\/fr\/wp-json\/wp\/v2\/pages\/10730\/revisions"}],"wp:attachment":[{"href":"https:\/\/deepdrop.es\/fr\/wp-json\/wp\/v2\/media?parent=10730"}],"curies":[{"name":"wp","href":"https:\/\/api.w.org\/{rel}","templated":true}]}}