{"id":10722,"date":"2024-07-09T08:33:08","date_gmt":"2024-07-09T08:33:08","guid":{"rendered":"https:\/\/deepdrop.es\/systeme-dirrigation-a-compensation-automatique\/"},"modified":"2025-01-16T11:38:33","modified_gmt":"2025-01-16T11:38:33","slug":"systeme-dirrigation-a-compensation-automatique","status":"publish","type":"page","link":"https:\/\/deepdrop.es\/fr\/systeme-dirrigation-a-compensation-automatique\/","title":{"rendered":"Syst\u00e8me d&#8217;irrigation \u00e0 compensation automatique"},"content":{"rendered":"\n\t<section class=\"section dark\" id=\"section_1637622231\">\n\t\t<div class=\"section-bg fill\" >\n\t\t\t<img decoding=\"async\" width=\"1600\" height=\"653\" src=\"https:\/\/deepdrop.es\/wp-content\/uploads\/2022\/12\/NARANJO.png\" class=\"bg attachment-original size-original\" alt=\"\" \/>\t\t\t\t\t\t<div class=\"section-bg-overlay absolute fill\"><\/div>\n\t\t\t\n\t<div class=\"is-border\"\n\t\tstyle=\"border-color:rgb(36, 182, 226);border-width:0px 0px 20px 0px;\">\n\t<\/div>\n\n\t\t<\/div>\n\n\t\t\n\n\t\t<div class=\"section-content relative\">\n\t\t\t\n<div class=\"row\"  id=\"row-956451081\">\n\n\t<div id=\"col-1583963361\" class=\"col medium-7 small-10 large-5\"  >\n\t\t\t\t<div class=\"col-inner\"  >\n\t\t\t\n\t\t\t\n\t<div id=\"text-2316687173\" class=\"text\">\n\t\t\n<h1 class=\"uppercase thin-font\"><span style=\"font-size: 160%;\">Syst\u00e8me d&#8217;infiltration<\/span><\/h1>\n<p><span style=\"font-size: 150%;\">L&#8217;<strong>irrigation goutte \u00e0 goutte \u00e0 compensation automatique<\/strong> est une solution avanc\u00e9e qui am\u00e9liore l&#8217;efficacit\u00e9 et la durabilit\u00e9 de l&#8217;irrigation agricole. En assurant une distribution pr\u00e9cise et uniforme de l&#8217;eau, ce syst\u00e8me contribue \u00e0 la sant\u00e9 et \u00e0 la productivit\u00e9 des cultures, tout en r\u00e9duisant le gaspillage des ressources en eau. <br \/><\/span><\/p>\n\t\t\n<style>\n#text-2316687173 {\n  color: rgb(255,255,255);\n}\n#text-2316687173 > * {\n  color: rgb(255,255,255);\n}\n<\/style>\n\t<\/div>\n\t\n\t\t<\/div>\n\t\t\t\t\t<\/div>\n\n\t\n\n<style>\n#row-956451081 > .col > .col-inner {\n  padding: 0px 0px 0px 20px;\n}\n<\/style>\n<\/div>\n\t\t<\/div>\n\n\t\t\n<style>\n#section_1637622231 {\n  padding-top: 30px;\n  padding-bottom: 30px;\n  min-height: 640px;\n  background-color: rgb(36, 182, 226);\n}\n#section_1637622231 .section-bg-overlay {\n  background-color: rgba(0, 0, 0, 0.099);\n}\n#section_1637622231 .section-bg img {\n  object-position: 42% 71%;\n}\n@media (min-width:550px) {\n  #section_1637622231 {\n    min-height: 680px;\n  }\n}\n<\/style>\n\t<\/section>\n\t\n\n\t<section class=\"section\" id=\"section_728014790\">\n\t\t<div class=\"section-bg fill\" >\n\t\t\t\t\t\t\t\t\t\n\t\t\t\n\n\t\t<\/div>\n\n\t\t\n\n\t\t<div class=\"section-content relative\">\n\t\t\t\n<div class=\"row row-large align-middle\"  id=\"row-1016492562\">\n\n\t<div id=\"col-1145968811\" class=\"col medium-5 small-12 large-5\"  >\n\t\t\t\t<div class=\"col-inner text-center\"  >\n\t\t\t\n\t<div class=\"is-border\"\n\t\tstyle=\"border-color:rgb(122, 156, 89);border-width:2px 2px 2px 2px;\">\n\t<\/div>\n\t\t\t\n\t<div id=\"text-2263769954\" class=\"text\">\n\t\t\n<p>Gr\u00e2ce \u00e0 sa capacit\u00e9 \u00e0 s&#8217;adapter \u00e0 diverses conditions topographiques et climatiques, l&#8217;<strong>irrigation au goutte-\u00e0-goutte \u00e0 compensation automatique<\/strong> est devenue un choix privil\u00e9gi\u00e9 pour les agriculteurs du monde entier.<\/p>\n\t\t\n<style>\n#text-2263769954 {\n  font-size: 1.45rem;\n  text-align: left;\n}\n<\/style>\n\t<\/div>\n\t\n\t\t<\/div>\n\t\t\t\t\n<style>\n#col-1145968811 > .col-inner {\n  padding: 10% 10% 10% 10%;\n}\n<\/style>\n\t<\/div>\n\n\t\n\n\t<div id=\"col-950610785\" class=\"col medium-7 small-12 large-7\"  >\n\t\t\t\t<div class=\"col-inner\"  >\n\t\t\t\n\t\t\t\n<h5 class=\"uppercase\">Syst\u00e8me Deepdrop<\/h5>\n\t<div id=\"text-4214143451\" class=\"text\">\n\t\t\n<h2 class=\"thin-font\"><span style=\"font-size: 120%;\">Comment fonctionne l&#8217;irrigation goutte \u00e0 goutte \u00e0 compensation automatique ?<\/h2>\n\t\t\n<style>\n#text-4214143451 {\n  color: #24b6e2;\n}\n#text-4214143451 > * {\n  color: #24b6e2;\n}\n<\/style>\n\t<\/div>\n\t\n\t<div id=\"text-3839850297\" class=\"text\">\n\t\t\n<h5 class=\"uppercase\">syst\u00e8me d&#8217;irrigation \u00e0 compensation automatique<\/h5>\n\t\t\n<style>\n#text-3839850297 {\n  color: #7a9c59;\n}\n#text-3839850297 > * {\n  color: #7a9c59;\n}\n<\/style>\n\t<\/div>\n\t\n\t<div id=\"text-3093358559\" class=\"text\">\n\t\t\n<p>L&#8217;<strong>irrigation goutte \u00e0 goutte \u00e0 compensation automatique<\/strong> est un<span  class=\" OP\" onclick=\"ljo_open('https:\/\/deepdrop.es\/sistema-riego-por-goteo\/', '');\"><strong> syst\u00e8me d&#8217;irrigation au goutte-\u00e0-goutte<\/strong><\/span> utilise des \u00e9metteurs sp\u00e9ciaux qui ajustent automatiquement la quantit\u00e9 d&#8217;eau lib\u00e9r\u00e9e en r\u00e9ponse aux changements de pression du syst\u00e8me. Ce r\u00e9glage automatique est rendu possible par une membrane souple \u00e0 l&#8217;int\u00e9rieur de chaque \u00e9metteur, qui r\u00e9gule le d\u00e9bit pour maintenir un d\u00e9bit constant. <\/p>\n\t\t\n<style>\n#text-3093358559 {\n  font-size: 1.4rem;\n}\n<\/style>\n\t<\/div>\n\t\n\t\t<\/div>\n\t\t\t\t\n<style>\n#col-950610785 > .col-inner {\n  padding: 0px 10px 0px 10px;\n}\n@media (min-width:550px) {\n  #col-950610785 > .col-inner {\n    padding: 0px 20px 0px 20px;\n  }\n}\n<\/style>\n\t<\/div>\n\n\t\n<\/div>\n\t\t<\/div>\n\n\t\t\n<style>\n#section_728014790 {\n  padding-top: 30px;\n  padding-bottom: 30px;\n}\n<\/style>\n\t<\/section>\n\t\n\n\t<section class=\"section has-parallax\" id=\"section_1397278678\">\n\t\t<div class=\"section-bg fill\" data-parallax-container=\".section\" data-parallax-background data-parallax=\"-10\">\n\t\t\t<img decoding=\"async\" width=\"1600\" height=\"653\" src=\"https:\/\/deepdrop.es\/wp-content\/uploads\/2023\/01\/Tomates-cherry.png\" class=\"bg attachment-original size-original\" alt=\"\" \/>\t\t\t\t\t\t<div class=\"loading-spin centered\"><\/div>\n\t\t\t\n\t<div class=\"is-border\"\n\t\tstyle=\"border-color:rgb(122, 156, 89);border-width:0px 0px 20px 0px;\">\n\t<\/div>\n\n\t\t<\/div>\n\n\t\t\n\n\t\t<div class=\"section-content relative\">\n\t\t\t\n\t\t<\/div>\n\n\t\t\n<style>\n#section_1397278678 {\n  padding-top: 0px;\n  padding-bottom: 0px;\n  min-height: 200px;\n  background-color: rgb(122, 156, 89);\n}\n#section_1397278678 .section-bg img {\n  object-position: 43% 43%;\n}\n@media (min-width:550px) {\n  #section_1397278678 {\n    min-height: 300px;\n  }\n}\n@media (min-width:850px) {\n  #section_1397278678 {\n    min-height: 400px;\n  }\n}\n<\/style>\n\t<\/section>\n\t\n\n\t<section class=\"section\" id=\"section_1499094430\">\n\t\t<div class=\"section-bg fill\" >\n\t\t\t\t\t\t\t\t\t\n\t\t\t\n\n\t\t<\/div>\n\n\t\t\n\n\t\t<div class=\"section-content relative\">\n\t\t\t\n\t<div id=\"gap-824274879\" class=\"gap-element clearfix\" style=\"display:block; height:auto;\">\n\t\t\n<style>\n#gap-824274879 {\n  padding-top: 40px;\n}\n@media (min-width:550px) {\n  #gap-824274879 {\n    padding-top: 30px;\n  }\n}\n<\/style>\n\t<\/div>\n\t\n<div class=\"row align-middle\"  id=\"row-843596119\">\n\n\t<div id=\"col-416424334\" class=\"col medium-12 small-12 large-6\"  >\n\t\t\t\t<div class=\"col-inner\"  >\n\t\t\t\n\t\t\t\n<h5 class=\"uppercase\">syst\u00e8me deepdrop<\/h5>\n\t<div id=\"text-1495873948\" class=\"text\">\n\t\t\n<h2>Avantages de l&#8217;irrigation goutte \u00e0 goutte \u00e0 compensation automatique<\/h2>\n\t\t\n<style>\n#text-1495873948 {\n  text-align: left;\n  color: #24b6e2;\n}\n#text-1495873948 > * {\n  color: #24b6e2;\n}\n<\/style>\n\t<\/div>\n\t\n\t<div id=\"text-2801791261\" class=\"text\">\n\t\t\n<h5 class=\"uppercase\">engag\u00e9 dans le d\u00e9veloppement durable<\/h5>\n\t\t\n<style>\n#text-2801791261 {\n  text-align: left;\n  color: #7a9c59;\n}\n#text-2801791261 > * {\n  color: #7a9c59;\n}\n<\/style>\n\t<\/div>\n\t\n<p>L&#8217;<strong>irrigation goutte \u00e0 goutte \u00e0 compensation automatique<\/strong> offre un certain nombre d&#8217;avantages remarquables qui la rendent id\u00e9ale pour une vari\u00e9t\u00e9 d&#8217;applications agricoles :<\/p>\n<h3>Coh\u00e9rence dans la distribution de l&#8217;eau<\/h3>\n<p>L&#8217;un des principaux avantages de ce type d&#8217;irrigation est le suivant <span  class=\" OP\" onclick=\"ljo_open('https:\/\/deepdrop.es\/sistema-riego-por-goteo\/', '');\"><strong>l&#8217;irrigation au goutte-\u00e0-goutte<\/strong> <\/span>est sa capacit\u00e9 \u00e0 fournir un flux d&#8217;eau uniforme \u00e0 toutes les plantes, ind\u00e9pendamment de leur emplacement ou des variations de pression \u00e0 l&#8217;int\u00e9rieur du syst\u00e8me. Cela garantit une croissance homog\u00e8ne et saine des cultures. <\/p>\n<h3>Optimiser l&#8217;utilisation de l&#8217;eau<\/h3>\n<p>Ce syst\u00e8me minimise le gaspillage d&#8217;eau en veillant \u00e0 ce que chaque plante ne re\u00e7oive que la quantit\u00e9 d&#8217;eau dont elle a besoin. L&#8217;efficacit\u00e9 de l&#8217;<strong>irrigation goutte \u00e0 goutte \u00e0 compensation automatique<\/strong> se traduit par une utilisation plus durable et plus \u00e9conomique des ressources en eau. <\/p>\n<h3>Adaptabilit\u00e9 aux terrains difficiles<\/h3>\n<p>L&#8217;<strong>irrigation goutte \u00e0 goutte \u00e0 compensation automatique<\/strong> est particuli\u00e8rement utile sur les terres pr\u00e9sentant d&#8217;importantes variations topographiques, car elle maintient une irrigation uniforme dans tout le champ, en s&#8217;adaptant aux diff\u00e9rences d&#8217;altitude et de pente.<\/p>\n<h3>R\u00e9duction des co\u00fbts d&#8217;exploitation<\/h3>\n<p>La technologie d&#8217;autocompensation r\u00e9duit la n\u00e9cessit\u00e9 de proc\u00e9der \u00e0 des r\u00e9glages et \u00e0 un entretien constants, ce qui permet de r\u00e9duire les co\u00fbts d&#8217;exploitation et de faire gagner du temps aux agriculteurs.<\/p>\n\t\t<\/div>\n\t\t\t\t\n<style>\n#col-416424334 > .col-inner {\n  padding: 0px 20px 0px 20px;\n}\n@media (min-width:550px) {\n  #col-416424334 > .col-inner {\n    padding: 0px 20px 0px 20px;\n  }\n}\n<\/style>\n\t<\/div>\n\n\t\n\n\t<div id=\"col-86893725\" class=\"col medium-12 small-12 large-6\"  >\n\t\t\t\t<div class=\"col-inner\" style=\"background-color:rgb(255, 255, 255);\" >\n\t\t\t\n\t\t\t\n<div class=\"slider-wrapper relative\" id=\"slider-47516531\" >\n    <div class=\"slider slider-nav-dots-dashes slider-nav-simple slider-nav-normal slider-nav-dark slider-style-focus slider-show-nav\"\n        data-flickity-options='{\n            \"cellAlign\": \"center\",\n            \"imagesLoaded\": true,\n            \"lazyLoad\": 1,\n            \"freeScroll\": true,\n            \"wrapAround\": true,\n            \"autoPlay\": 3500,\n            \"pauseAutoPlayOnHover\" : false,\n            \"prevNextButtons\": true,\n            \"contain\" : true,\n            \"adaptiveHeight\" : true,\n            \"dragThreshold\" : 10,\n            \"percentPosition\": true,\n            \"pageDots\": true,\n            \"rightToLeft\": false,\n            \"draggable\": true,\n            \"selectedAttraction\": 0.1,\n            \"parallax\" : 0,\n            \"friction\": 0.6        }'\n        >\n        \n     <\/div>\n\n     <div class=\"loading-spin dark large centered\"><\/div>\n\n\t<\/div>\n\n\n\t\t<\/div>\n\t\t\t\t\t<\/div>\n\n\t\n<\/div>\n\t<div id=\"gap-99654996\" class=\"gap-element clearfix\" style=\"display:block; height:auto;\">\n\t\t\n<style>\n#gap-99654996 {\n  padding-top: 30px;\n}\n<\/style>\n\t<\/div>\n\t\n\t\t<\/div>\n\n\t\t\n<style>\n#section_1499094430 {\n  padding-top: 0px;\n  padding-bottom: 0px;\n}\n<\/style>\n\t<\/section>\n\t\n\n\t<section class=\"section has-parallax\" id=\"section_245830730\">\n\t\t<div class=\"section-bg fill\" data-parallax-container=\".section\" data-parallax-background data-parallax=\"-10\">\n\t\t\t<img decoding=\"async\" width=\"1600\" height=\"653\" src=\"https:\/\/deepdrop.es\/wp-content\/uploads\/2023\/01\/Campo-oilvos.png\" class=\"bg attachment-original size-original\" alt=\"\" \/>\t\t\t\t\t\t<div class=\"loading-spin centered\"><\/div>\n\t\t\t\n\t<div class=\"is-border\"\n\t\tstyle=\"border-color:rgb(36, 182, 226);border-width:0px 0px 20px 0px;\">\n\t<\/div>\n\n\t\t<\/div>\n\n\t\t\n\n\t\t<div class=\"section-content relative\">\n\t\t\t\n\t\t<\/div>\n\n\t\t\n<style>\n#section_245830730 {\n  padding-top: 0px;\n  padding-bottom: 0px;\n  min-height: 200px;\n  background-color: #24b6e2;\n}\n#section_245830730 .section-bg img {\n  object-position: 55% 61%;\n}\n@media (min-width:550px) {\n  #section_245830730 {\n    min-height: 300px;\n  }\n}\n@media (min-width:850px) {\n  #section_245830730 {\n    min-height: 400px;\n  }\n}\n<\/style>\n\t<\/section>\n\t\n\n\t<section class=\"section\" id=\"section_2113671959\">\n\t\t<div class=\"section-bg fill\" >\n\t\t\t\t\t\t\t\t\t\n\t\t\t\n\n\t\t<\/div>\n\n\t\t\n\n\t\t<div class=\"section-content relative\">\n\t\t\t\n\t<div id=\"gap-1854699899\" class=\"gap-element clearfix\" style=\"display:block; height:auto;\">\n\t\t\n<style>\n#gap-1854699899 {\n  padding-top: 30px;\n}\n<\/style>\n\t<\/div>\n\t\n<div class=\"row align-middle\"  id=\"row-513420218\">\n\n\t<div id=\"col-1857642929\" class=\"col medium-12 small-12 large-12\"  data-animate=\"fadeInRight\">\n\t\t\t\t<div class=\"col-inner text-left\"  >\n\t\t\t\n\t<div class=\"is-border\"\n\t\tstyle=\"border-color:rgb(122, 156, 89);border-width:2px 2px 2px 2px;\">\n\t<\/div>\n\t\t\t\n\t<div id=\"text-3644209458\" class=\"text\">\n\t\t\n<h5 class=\"uppercase\">SYST\u00c8ME DEEPDROP<\/h5>\n<\/p>\n\t\t\n<style>\n#text-3644209458 {\n  text-align: left;\n}\n<\/style>\n\t<\/div>\n\t\n\t<div id=\"text-2275108769\" class=\"text\">\n\t\t\n<h3>Mise en \u0153uvre de l&#8217;irrigation goutte \u00e0 goutte autocompens\u00e9e\/h3&gt;<\/p>\n\t\t\n<style>\n#text-2275108769 {\n  font-size: 1.35rem;\n  color: #24b6e2;\n}\n#text-2275108769 > * {\n  color: #24b6e2;\n}\n<\/style>\n\t<\/div>\n\t\n\t<div id=\"text-55865012\" class=\"text\">\n\t\t\n<h5 class=\"uppercase\">engag\u00e9 en faveur de l&#8217;environnement<\/h5>\n\t\t\n<style>\n#text-55865012 {\n  text-align: left;\n  color: #7a9c59;\n}\n#text-55865012 > * {\n  color: #7a9c59;\n}\n<\/style>\n\t<\/div>\n\t\n\t<div id=\"text-767491321\" class=\"text\">\n\t\t\n<p>Pour mettre en \u0153uvre efficacement un <strong>syst\u00e8me d&#8217;irrigation goutte \u00e0 goutte \u00e0 compensation automatique<\/strong>, plusieurs \u00e9tapes cruciales sont n\u00e9cessaires :<\/p>\n<h3>Analyse du sol et besoins des cultures<\/h3>\n<p>Avant l&#8217;installation, une analyse d\u00e9taill\u00e9e du sol et des besoins sp\u00e9cifiques de la culture doit \u00eatre effectu\u00e9e. Il s&#8217;agit d&#8217;\u00e9tudier la texture et la structure du sol, ainsi que la topographie et les besoins en eau des plantes. <\/p>\n<h3>Conception du syst\u00e8me<\/h3>\n<p>La conception de l&#8217;<strong>irrigation goutte \u00e0 goutte \u00e0 compensation automatique<\/strong> doit tenir compte des caract\u00e9ristiques du sol et du type de culture. Les \u00e9metteurs appropri\u00e9s sont s\u00e9lectionn\u00e9s et la disposition des lignes d&#8217;irrigation ainsi que la configuration du syst\u00e8me de contr\u00f4le sont planifi\u00e9es. <\/p>\n<h3>Installation et maintenance<\/h3>\n<p>Une installation pr\u00e9cise est essentielle pour un fonctionnement optimal du syst\u00e8me. En outre, un entretien r\u00e9gulier, comprenant le nettoyage du filtre et la v\u00e9rification des goutteurs, est essentiel pour garantir l&#8217;efficacit\u00e9 continue de l&#8217;<strong>irrigation au goutte-\u00e0-goutte \u00e0 compensation automatique<\/strong>. <\/p>\n\t\t\n<style>\n#text-767491321 {\n  font-size: 1.35rem;\n}\n<\/style>\n\t<\/div>\n\t\n\t\t<\/div>\n\t\t\t\t\n<style>\n#col-1857642929 > .col-inner {\n  padding: 7% 8% 5% 8%;\n  margin: 0 0px 0px 0px;\n}\n@media (min-width:550px) {\n  #col-1857642929 > .col-inner {\n    padding: 5% 5% 5% 5%;\n    margin: -50px 0 0px 0px;\n  }\n}\n@media (min-width:850px) {\n  #col-1857642929 > .col-inner {\n    padding: 5% 5% 5% 5%;\n  }\n}\n<\/style>\n\t<\/div>\n\n\t\n<\/div>\n\t\t<\/div>\n\n\t\t\n<style>\n#section_2113671959 {\n  padding-top: 30px;\n  padding-bottom: 30px;\n}\n@media (min-width:550px) {\n  #section_2113671959 {\n    padding-top: 50px;\n    padding-bottom: 50px;\n  }\n}\n<\/style>\n\t<\/section>\n\t\n","protected":false},"excerpt":{"rendered":"","protected":false},"author":1943,"featured_media":0,"parent":0,"menu_order":0,"comment_status":"closed","ping_status":"closed","template":"","meta":{"content-type":"","inline_featured_image":false,"_joinchat":[],"footnotes":""},"class_list":["post-10722","page","type-page","status-publish","hentry"],"_links":{"self":[{"href":"https:\/\/deepdrop.es\/fr\/wp-json\/wp\/v2\/pages\/10722","targetHints":{"allow":["GET"]}}],"collection":[{"href":"https:\/\/deepdrop.es\/fr\/wp-json\/wp\/v2\/pages"}],"about":[{"href":"https:\/\/deepdrop.es\/fr\/wp-json\/wp\/v2\/types\/page"}],"author":[{"embeddable":true,"href":"https:\/\/deepdrop.es\/fr\/wp-json\/wp\/v2\/users\/1943"}],"replies":[{"embeddable":true,"href":"https:\/\/deepdrop.es\/fr\/wp-json\/wp\/v2\/comments?post=10722"}],"version-history":[{"count":0,"href":"https:\/\/deepdrop.es\/fr\/wp-json\/wp\/v2\/pages\/10722\/revisions"}],"wp:attachment":[{"href":"https:\/\/deepdrop.es\/fr\/wp-json\/wp\/v2\/media?parent=10722"}],"curies":[{"name":"wp","href":"https:\/\/api.w.org\/{rel}","templated":true}]}}