{"id":10778,"date":"2024-07-09T08:05:26","date_gmt":"2024-07-09T08:05:26","guid":{"rendered":"https:\/\/deepdrop.es\/tropfbewaesserungssystem\/"},"modified":"2025-01-16T11:54:00","modified_gmt":"2025-01-16T11:54:00","slug":"tropfbewaesserungssystem","status":"publish","type":"page","link":"https:\/\/deepdrop.es\/de\/tropfbewaesserungssystem\/","title":{"rendered":"Tropfbew\u00e4sserungssystem"},"content":{"rendered":"\n\t<section class=\"section dark\" id=\"section_849066405\">\n\t\t<div class=\"section-bg fill\" >\n\t\t\t<img decoding=\"async\" width=\"1600\" height=\"653\" src=\"https:\/\/deepdrop.es\/wp-content\/uploads\/2022\/12\/NARANJO.png\" class=\"bg attachment-original size-original\" alt=\"\" \/>\t\t\t\t\t\t<div class=\"section-bg-overlay absolute fill\"><\/div>\n\t\t\t\n\t<div class=\"is-border\"\n\t\tstyle=\"border-color:rgb(36, 182, 226);border-width:0px 0px 20px 0px;\">\n\t<\/div>\n\n\t\t<\/div>\n\n\t\t\n\n\t\t<div class=\"section-content relative\">\n\t\t\t\n<div class=\"row\"  id=\"row-21006701\">\n\n\t<div id=\"col-1010925341\" class=\"col medium-7 small-10 large-5\"  >\n\t\t\t\t<div class=\"col-inner\"  >\n\t\t\t\n\t\t\t\n\t<div id=\"text-1480614071\" class=\"text\">\n\t\t\n<h1 class=\"uppercase thin-font\"><span style=\"font-size: 160%;\">Tropfbew\u00e4sserungssystem<br \/><\/span><\/h1>\n<p><span style=\"font-size: 150%;\"><strong>Tropfbew\u00e4sserungssysteme<\/strong> stellen eine bedeutende Entwicklung im landwirtschaftlichen Bew\u00e4sserungsmanagement dar. Bei richtiger Planung und regelm\u00e4\u00dfiger Wartung k\u00f6nnen diese Systeme au\u00dfergew\u00f6hnliche Vorteile in Bezug auf Wassereffizienz, Pflanzengesundheit und Umweltvertr\u00e4glichkeit bieten&#8230;. <\/span><\/p>\n\t\t\n<style>\n#text-1480614071 {\n  color: rgb(255,255,255);\n}\n#text-1480614071 > * {\n  color: rgb(255,255,255);\n}\n<\/style>\n\t<\/div>\n\t\n\t\t<\/div>\n\t\t\t\t\t<\/div>\n\n\t\n\n<style>\n#row-21006701 > .col > .col-inner {\n  padding: 0px 0px 0px 20px;\n}\n<\/style>\n<\/div>\n\t\t<\/div>\n\n\t\t\n<style>\n#section_849066405 {\n  padding-top: 30px;\n  padding-bottom: 30px;\n  min-height: 640px;\n  background-color: rgb(36, 182, 226);\n}\n#section_849066405 .section-bg-overlay {\n  background-color: rgba(0, 0, 0, 0.099);\n}\n#section_849066405 .section-bg img {\n  object-position: 42% 71%;\n}\n@media (min-width:550px) {\n  #section_849066405 {\n    min-height: 680px;\n  }\n}\n<\/style>\n\t<\/section>\n\t\n\n\t<section class=\"section\" id=\"section_2111895161\">\n\t\t<div class=\"section-bg fill\" >\n\t\t\t\t\t\t\t\t\t\n\t\t\t\n\n\t\t<\/div>\n\n\t\t\n\n\t\t<div class=\"section-content relative\">\n\t\t\t\n<div class=\"row row-large align-middle\"  id=\"row-1379442280\">\n\n\t<div id=\"col-830451814\" class=\"col medium-5 small-12 large-5\"  >\n\t\t\t\t<div class=\"col-inner text-center\"  >\n\t\t\t\n\t<div class=\"is-border\"\n\t\tstyle=\"border-color:rgb(122, 156, 89);border-width:2px 2px 2px 2px;\">\n\t<\/div>\n\t\t\t\n\t<div id=\"text-3582629093\" class=\"text\">\n\t\t\n<p>Die <strong>Tr\u00f6pfchenbew\u00e4sserung<\/strong> ist eine Bew\u00e4sserungstechnik, die die Landwirtschaft ver\u00e4ndert hat, indem sie das Wasser direkt in die Wurzelzone der Pflanzen leitet. Diese Methode unterscheidet sich von anderen <span  class=\" OP\" onclick=\"ljo_open('https:\/\/deepdrop.es\/sistema-riego\/', '');\">Bew\u00e4sserungssystemen<\/span> durch die Minimierung der Wasserverschwendung und die Maximierung der Bew\u00e4sserungseffizienz, wobei sie sich an die spezifischen Bed\u00fcrfnisse der einzelnen Pflanzen anpasst. <\/p>\n\t\t\n<style>\n#text-3582629093 {\n  font-size: 1.4rem;\n  text-align: left;\n}\n<\/style>\n\t<\/div>\n\t\n\t\t<\/div>\n\t\t\t\t\n<style>\n#col-830451814 > .col-inner {\n  padding: 10% 10% 10% 10%;\n}\n<\/style>\n\t<\/div>\n\n\t\n\n\t<div id=\"col-164006452\" class=\"col medium-7 small-12 large-7\"  >\n\t\t\t\t<div class=\"col-inner\"  >\n\t\t\t\n\t\t\t\n<h5 class=\"uppercase\">Deepdrop\u00ae-System<\/h5>\n\t<div id=\"text-2005051971\" class=\"text\">\n\t\t\n<h2 class=\"thin-font\"><span style=\"font-size: 120%;\">Was ist Tr\u00f6pfchenbew\u00e4sserung?<\/h2>\n\t\t\n<style>\n#text-2005051971 {\n  color: #24b6e2;\n}\n#text-2005051971 > * {\n  color: #24b6e2;\n}\n<\/style>\n\t<\/div>\n\t\n\t<div id=\"text-4158184100\" class=\"text\">\n\t\t\n<h5 class=\"uppercase\">TR\u00d6PFCHENBEW\u00c4SSERUNGSSYSTEM<\/h5>\n\t\t\n<style>\n#text-4158184100 {\n  color: #7a9c59;\n}\n#text-4158184100 > * {\n  color: #7a9c59;\n}\n<\/style>\n\t<\/div>\n\t\n<p>Die <strong>Tropfbew\u00e4sserung<\/strong> ist eine Bew\u00e4sserungsmethode, bei der das Wasser langsam und kontrolliert direkt an der Basis der Pflanzen ausgebracht wird. Dieses System verwendet das Deepdrop-System, um Wasser von der Oberfl\u00e4che aus an die Pflanzen zu liefern. <\/p>\n<p>Das <strong>Tropfsystem<\/strong> verf\u00fcgt \u00fcber ein Steuersystem, mit dem die Bew\u00e4sserungsmenge je nach Boden- und Wetterbedingungen angepasst werden kann, wie es bei einem <span  class=\" OP\" onclick=\"ljo_open('https:\/\/deepdrop.es\/de\/selbstkompensierendes-bewaesserungssystem\/', '');\">selbstkompensierenden Tropfbew\u00e4sserungssystem<\/span> der Fall ist.<\/p>\n\t\t<\/div>\n\t\t\t\t\n<style>\n#col-164006452 > .col-inner {\n  padding: 0px 10px 0px 10px;\n}\n@media (min-width:550px) {\n  #col-164006452 > .col-inner {\n    padding: 0px 20px 0px 20px;\n  }\n}\n<\/style>\n\t<\/div>\n\n\t\n<\/div>\n\t\t<\/div>\n\n\t\t\n<style>\n#section_2111895161 {\n  padding-top: 30px;\n  padding-bottom: 30px;\n}\n<\/style>\n\t<\/section>\n\t\n\n\t<section class=\"section has-parallax\" id=\"section_421206301\">\n\t\t<div class=\"section-bg fill\" data-parallax-container=\".section\" data-parallax-background data-parallax=\"-10\">\n\t\t\t<img decoding=\"async\" width=\"1600\" height=\"653\" src=\"https:\/\/deepdrop.es\/wp-content\/uploads\/2023\/01\/Tomates-cherry.png\" class=\"bg attachment-original size-original\" alt=\"\" \/>\t\t\t\t\t\t<div class=\"loading-spin centered\"><\/div>\n\t\t\t\n\t<div class=\"is-border\"\n\t\tstyle=\"border-color:rgb(122, 156, 89);border-width:0px 0px 20px 0px;\">\n\t<\/div>\n\n\t\t<\/div>\n\n\t\t\n\n\t\t<div class=\"section-content relative\">\n\t\t\t\n\t\t<\/div>\n\n\t\t\n<style>\n#section_421206301 {\n  padding-top: 0px;\n  padding-bottom: 0px;\n  min-height: 200px;\n  background-color: rgb(122, 156, 89);\n}\n#section_421206301 .section-bg img {\n  object-position: 43% 43%;\n}\n@media (min-width:550px) {\n  #section_421206301 {\n    min-height: 300px;\n  }\n}\n@media (min-width:850px) {\n  #section_421206301 {\n    min-height: 400px;\n  }\n}\n<\/style>\n\t<\/section>\n\t\n\n\t<section class=\"section\" id=\"section_934770851\">\n\t\t<div class=\"section-bg fill\" >\n\t\t\t\t\t\t\t\t\t\n\t\t\t\n\n\t\t<\/div>\n\n\t\t\n\n\t\t<div class=\"section-content relative\">\n\t\t\t\n\t<div id=\"gap-1446908138\" class=\"gap-element clearfix\" style=\"display:block; height:auto;\">\n\t\t\n<style>\n#gap-1446908138 {\n  padding-top: 40px;\n}\n@media (min-width:550px) {\n  #gap-1446908138 {\n    padding-top: 30px;\n  }\n}\n<\/style>\n\t<\/div>\n\t\n<div class=\"row align-middle\"  id=\"row-2126936137\">\n\n\t<div id=\"col-332237989\" class=\"col medium-12 small-12 large-6\"  >\n\t\t\t\t<div class=\"col-inner\"  >\n\t\t\t\n\t\t\t\n<h5 class=\"uppercase\">deepdrop\u00ae-System<\/h5>\n\t<div id=\"text-4144465974\" class=\"text\">\n\t\t\n<h2 class=\"thin-font\"><span style=\"font-size: 120%;\">Vorteile der Deepdrop-Tropfbew\u00e4sserung<\/span><\/h2>\n\t\t\n<style>\n#text-4144465974 {\n  text-align: left;\n  color: #24b6e2;\n}\n#text-4144465974 > * {\n  color: #24b6e2;\n}\n<\/style>\n\t<\/div>\n\t\n\t<div id=\"text-348297632\" class=\"text\">\n\t\t\n<h5 class=\"uppercase\">Engagement f\u00fcr eine nachhaltige Entwicklung<\/h5>\n\t\t\n<style>\n#text-348297632 {\n  text-align: left;\n  color: #7a9c59;\n}\n#text-348297632 > * {\n  color: #7a9c59;\n}\n<\/style>\n\t<\/div>\n\t\n<p>Der Einsatz der <strong>Tr\u00f6pfchenbew\u00e4sserung<\/strong> bietet zahlreiche Vorteile f\u00fcr die Landwirte und die Umwelt:<\/p>\n<h3>Effiziente Wassernutzung<\/h3>\n<p>Die <strong>Tr\u00f6pfchenbew\u00e4sserung<\/strong> maximiert die Wassernutzung, indem sie Verdunstung und Abflussverluste reduziert. Indem das Wasser direkt an die Wurzeln geleitet wird, wird sichergestellt, dass die Pflanzen die richtige Menge erhalten, ohne Ressourcen zu verschwenden. <\/p>\n<h3>Verbesserte Qualit\u00e4t der Ernte<\/h3>\n<p>Durch die konstante und ausreichende Versorgung der Wurzeln mit Wasser verbessert das <strong>Tropfsystem<\/strong> die Pflanzengesundheit und steigert den Ertrag und die Qualit\u00e4t der Ernte.<\/p>\n<h3>Reduzierung von Krankheiten und Unkraut<\/h3>\n<p>Die <strong>Tropfbew\u00e4sserung<\/strong> minimiert die Feuchtigkeit auf der Bodenoberfl\u00e4che, wodurch die Ausbreitung von Unkraut und Krankheiten, die unter feuchten Bedingungen gedeihen, reduziert wird.<\/p>\n<h3>Energieeinsparung<\/h3>\n<p>Die <strong>Tr\u00f6pfchenbew\u00e4sserung<\/strong> erfordert im Allgemeinen weniger Druck und Energie, was sich im Vergleich zu anderen Bew\u00e4sserungsmethoden in einem geringeren Energieverbrauch niederschl\u00e4gt.<\/p>\n\t\t<\/div>\n\t\t\t\t\n<style>\n#col-332237989 > .col-inner {\n  padding: 0px 20px 0px 20px;\n}\n@media (min-width:550px) {\n  #col-332237989 > .col-inner {\n    padding: 0px 20px 0px 20px;\n  }\n}\n<\/style>\n\t<\/div>\n\n\t\n\n\t<div id=\"col-274761895\" class=\"col medium-12 small-12 large-6\"  >\n\t\t\t\t<div class=\"col-inner\" style=\"background-color:rgb(255, 255, 255);\" >\n\t\t\t\n\t\t\t\n<div class=\"slider-wrapper relative\" id=\"slider-1766402556\" >\n    <div class=\"slider slider-nav-dots-dashes slider-nav-simple slider-nav-normal slider-nav-dark slider-style-focus slider-show-nav\"\n        data-flickity-options='{\n            \"cellAlign\": \"center\",\n            \"imagesLoaded\": true,\n            \"lazyLoad\": 1,\n            \"freeScroll\": true,\n            \"wrapAround\": true,\n            \"autoPlay\": 3500,\n            \"pauseAutoPlayOnHover\" : false,\n            \"prevNextButtons\": true,\n            \"contain\" : true,\n            \"adaptiveHeight\" : true,\n            \"dragThreshold\" : 10,\n            \"percentPosition\": true,\n            \"pageDots\": true,\n            \"rightToLeft\": false,\n            \"draggable\": true,\n            \"selectedAttraction\": 0.1,\n            \"parallax\" : 0,\n            \"friction\": 0.6        }'\n        >\n        \n\n  <div class=\"banner has-hover\" id=\"banner-238041686\">\n          <div class=\"banner-inner fill\">\n        <div class=\"banner-bg fill\" >\n                                                \n\t<div class=\"is-border\"\n\t\tstyle=\"border-color:rgb(122, 156, 89);border-width:2px 2px 2px 2px;\">\n\t<\/div>\n                    <\/div>\n\t\t\n        <div class=\"banner-layers container\">\n            <div class=\"fill banner-link\"><\/div>            \n   <div id=\"text-box-1466813496\" class=\"text-box banner-layer x50 md-x50 lg-x50 y50 md-y50 lg-y50 res-text\">\n                                <div class=\"text-box-content text dark\">\n              \n              <div class=\"text-inner text-center\">\n                  \n\t<div id=\"text-154139172\" class=\"text\">\n\t\t\n<p>Die Implementierung eines <strong>Tropfbew\u00e4sserungssystems f\u00fcr einen Hektar<\/strong> erfordert eine sorgf\u00e4ltige Planung, um seine Effizienz und Effektivit\u00e4t sicherzustellen. Die grundlegenden Schritte f\u00fcr die Installation werden im Folgenden beschrieben: <\/p>\n<p>Bevor Sie ein <strong>Tropfbew\u00e4sserungssystem<\/strong> installieren, m\u00fcssen Sie unbedingt die Eigenschaften des Bodens und die spezifischen Bed\u00fcrfnisse der Pflanzen beurteilen. Dazu geh\u00f6rt eine Analyse der Bodentextur und -struktur, der Topographie und des Wasserbedarfs der Pflanzen. <\/p>\n<\/p>\n\t\t\n<style>\n#text-154139172 {\n  font-size: 0.95rem;\n  line-height: 1.35;\n  text-align: left;\n  color: rgb(103, 103, 103);\n}\n#text-154139172 > * {\n  color: rgb(103, 103, 103);\n}\n@media (min-width:550px) {\n  #text-154139172 {\n    font-size: 1.15rem;\n    text-align: left;\n  }\n}\n<\/style>\n\t<\/div>\n\t\n              <\/div>\n           <\/div>\n                            \n<style>\n#text-box-1466813496 {\n  width: 86%;\n}\n#text-box-1466813496 .text-box-content {\n  font-size: 100%;\n}\n@media (min-width:550px) {\n  #text-box-1466813496 {\n    width: 82%;\n  }\n}\n<\/style>\n    <\/div>\n \n        <\/div>\n      <\/div>\n\n            \n<style>\n#banner-238041686 {\n  padding-top: 450px;\n  background-color: rgba(255, 255, 255, 0);\n}\n@media (min-width:550px) {\n  #banner-238041686 {\n    padding-top: 300px;\n  }\n}\n@media (min-width:850px) {\n  #banner-238041686 {\n    padding-top: 400px;\n  }\n}\n<\/style>\n  <\/div>\n\n\n\n  <div class=\"banner has-hover\" id=\"banner-610084495\">\n          <div class=\"banner-inner fill\">\n        <div class=\"banner-bg fill\" >\n                                                \n\t<div class=\"is-border\"\n\t\tstyle=\"border-color:rgb(122, 156, 89);border-width:2px 2px 2px 2px;\">\n\t<\/div>\n                    <\/div>\n\t\t\n        <div class=\"banner-layers container\">\n            <div class=\"fill banner-link\"><\/div>            \n   <div id=\"text-box-1022657177\" class=\"text-box banner-layer x50 md-x50 lg-x50 y50 md-y50 lg-y50 res-text\">\n                                <div class=\"text-box-content text dark\">\n              \n              <div class=\"text-inner text-center\">\n                  \n\t<div id=\"text-1619099232\" class=\"text\">\n\t\t\n<ul class=\"ul1\">\n<li class=\"li1\" style=\"text-align: justify;\"><span class=\"s2\" style=\"font-size: 120%;\">Ma\u00dfnahmen zur Bek\u00e4mpfung der W\u00fcstenbildung in den trockensten Gebieten des Landes.<\/span><\/li>\n<li class=\"li1\" style=\"text-align: justify;\"><span class=\"s2\" style=\"font-size: 120%;\">Erhaltung der Artenvielfalt von Flora und Fauna und der Landschaft von bew\u00e4sserten \u00d6kosystemen.<\/span><\/li>\n<li class=\"li1\" style=\"text-align: justify;\"><span style=\"font-size: 120%;\"><span class=\"s2\">Einhaltung der Umweltschutzbestimmungen der spanischen und europ\u00e4ischen Gesetzgebung.<\/span> <span class=\"s2\">Spanische und europ\u00e4ische Gesetzgebung.<\/span><\/span><\/li>\n<\/ul>\n\t\t\n<style>\n#text-1619099232 {\n  font-size: 0.95rem;\n  line-height: 1.35;\n  text-align: left;\n  color: rgb(103, 103, 103);\n}\n#text-1619099232 > * {\n  color: rgb(103, 103, 103);\n}\n@media (min-width:550px) {\n  #text-1619099232 {\n    font-size: 1rem;\n  }\n}\n<\/style>\n\t<\/div>\n\t\n              <\/div>\n           <\/div>\n                            \n<style>\n#text-box-1022657177 .text-inner {\n  padding: 20px 0px 20px 0px;\n}\n#text-box-1022657177 {\n  width: 85%;\n}\n#text-box-1022657177 .text-box-content {\n  font-size: 100%;\n}\n@media (min-width:550px) {\n  #text-box-1022657177 {\n    width: 73%;\n  }\n}\n<\/style>\n    <\/div>\n \n        <\/div>\n      <\/div>\n\n            \n<style>\n#banner-610084495 {\n  padding-top: 350px;\n  background-color: rgba(255, 255, 255, 0);\n}\n@media (min-width:550px) {\n  #banner-610084495 {\n    padding-top: 250px;\n  }\n}\n@media (min-width:850px) {\n  #banner-610084495 {\n    padding-top: 400px;\n  }\n}\n<\/style>\n  <\/div>\n\n\n     <\/div>\n\n     <div class=\"loading-spin dark large centered\"><\/div>\n\n\t<\/div>\n\n\n\t\t<\/div>\n\t\t\t\t\t<\/div>\n\n\t\n<\/div>\n\t<div id=\"gap-338961117\" class=\"gap-element clearfix\" style=\"display:block; height:auto;\">\n\t\t\n<style>\n#gap-338961117 {\n  padding-top: 30px;\n}\n<\/style>\n\t<\/div>\n\t\n\t\t<\/div>\n\n\t\t\n<style>\n#section_934770851 {\n  padding-top: 0px;\n  padding-bottom: 0px;\n}\n<\/style>\n\t<\/section>\n\t\n\n\t<section class=\"section has-parallax\" id=\"section_1248759812\">\n\t\t<div class=\"section-bg fill\" data-parallax-container=\".section\" data-parallax-background data-parallax=\"-10\">\n\t\t\t<img decoding=\"async\" width=\"1600\" height=\"653\" src=\"https:\/\/deepdrop.es\/wp-content\/uploads\/2023\/01\/Campo-oilvos.png\" class=\"bg attachment-original size-original\" alt=\"\" \/>\t\t\t\t\t\t<div class=\"loading-spin centered\"><\/div>\n\t\t\t\n\t<div class=\"is-border\"\n\t\tstyle=\"border-color:rgb(36, 182, 226);border-width:0px 0px 20px 0px;\">\n\t<\/div>\n\n\t\t<\/div>\n\n\t\t\n\n\t\t<div class=\"section-content relative\">\n\t\t\t\n\t\t<\/div>\n\n\t\t\n<style>\n#section_1248759812 {\n  padding-top: 0px;\n  padding-bottom: 0px;\n  min-height: 200px;\n  background-color: #24b6e2;\n}\n#section_1248759812 .section-bg img {\n  object-position: 55% 61%;\n}\n@media (min-width:550px) {\n  #section_1248759812 {\n    min-height: 300px;\n  }\n}\n@media (min-width:850px) {\n  #section_1248759812 {\n    min-height: 400px;\n  }\n}\n<\/style>\n\t<\/section>\n\t\n\n\t<section class=\"section\" id=\"section_1268957483\">\n\t\t<div class=\"section-bg fill\" >\n\t\t\t\t\t\t\t\t\t\n\t\t\t\n\n\t\t<\/div>\n\n\t\t\n\n\t\t<div class=\"section-content relative\">\n\t\t\t\n\t<div id=\"gap-597734062\" class=\"gap-element clearfix\" style=\"display:block; height:auto;\">\n\t\t\n<style>\n#gap-597734062 {\n  padding-top: 30px;\n}\n<\/style>\n\t<\/div>\n\t\n<div class=\"row align-middle\"  id=\"row-1913286283\">\n\n\t<div id=\"col-1675748874\" class=\"col medium-12 small-12 large-12\"  data-animate=\"fadeInRight\">\n\t\t\t\t<div class=\"col-inner text-left\"  >\n\t\t\t\n\t<div class=\"is-border\"\n\t\tstyle=\"border-color:rgb(122, 156, 89);border-width:2px 2px 2px 2px;\">\n\t<\/div>\n\t\t\t\n\t<div id=\"text-1740554236\" class=\"text\">\n\t\t\n<h5 class=\"uppercase\">DEEPDROP\u00ae-SYSTEM<\/h5>\n<\/p>\n\t\t\n<style>\n#text-1740554236 {\n  text-align: left;\n}\n<\/style>\n\t<\/div>\n\t\n\t<div id=\"text-1847447257\" class=\"text\">\n\t\t\n<h3>Anwendungen des Tropfbew\u00e4sserungssystems<\/h3>\n<\/p>\n\t\t\n<style>\n#text-1847447257 {\n  font-size: 1.35rem;\n  color: #24b6e2;\n}\n#text-1847447257 > * {\n  color: #24b6e2;\n}\n<\/style>\n\t<\/div>\n\t\n\t<div id=\"text-3721654726\" class=\"text\">\n\t\t\n<h5 class=\"uppercase\">Engagement f\u00fcr die Umwelt<\/h5>\n\t\t\n<style>\n#text-3721654726 {\n  text-align: left;\n  color: #7a9c59;\n}\n#text-3721654726 > * {\n  color: #7a9c59;\n}\n<\/style>\n\t<\/div>\n\t\n\t<div id=\"text-3358768636\" class=\"text\">\n\t\t\n<p>Die <strong>Tropfbew\u00e4sserung<\/strong> kann in einer Vielzahl von landwirtschaftlichen und landschaftlichen Kontexten eingesetzt werden:<\/p>\n<h3>Gartenbau und hochwertige Nutzpflanzen<\/h3>\n<p>Das <strong>Tropfsystem<\/strong> ist ideal f\u00fcr Kulturen wie Obst, Gem\u00fcse und Blumen, bei denen Qualit\u00e4t und Ertrag im Vordergrund stehen.<\/p>\n<h3>St\u00e4dtische Gr\u00fcnfl\u00e4chen<\/h3>\n<p>In Parks, G\u00e4rten und st\u00e4dtischen Gebieten erm\u00f6glicht Ihnen die <strong>Tropfbew\u00e4sserung<\/strong> die Erhaltung einer gesunden Landschaft bei effizienter Wassernutzung in G\u00e4rten.<\/p>\n<h3>Landwirtschaft in ariden Regionen<\/h3>\n<p>In wasserarmen Regionen sind <strong>Tropfbew\u00e4sserungssysteme<\/strong> unerl\u00e4sslich, um die Nutzung des verf\u00fcgbaren Wassers zu maximieren und eine nachhaltige landwirtschaftliche Produktion zu erm\u00f6glichen.<\/p>\n\t\t\n<style>\n#text-3358768636 {\n  font-size: 1.35rem;\n}\n<\/style>\n\t<\/div>\n\t\n\t\t<\/div>\n\t\t\t\t\n<style>\n#col-1675748874 > .col-inner {\n  padding: 7% 8% 5% 8%;\n  margin: 0 0px 0px 0px;\n}\n@media (min-width:550px) {\n  #col-1675748874 > .col-inner {\n    padding: 5% 5% 5% 5%;\n    margin: -50px 0 0px 0px;\n  }\n}\n@media (min-width:850px) {\n  #col-1675748874 > .col-inner {\n    padding: 5% 5% 5% 5%;\n  }\n}\n<\/style>\n\t<\/div>\n\n\t\n<\/div>\n\t\t<\/div>\n\n\t\t\n<style>\n#section_1268957483 {\n  padding-top: 30px;\n  padding-bottom: 30px;\n}\n@media (min-width:550px) {\n  #section_1268957483 {\n    padding-top: 50px;\n    padding-bottom: 50px;\n  }\n}\n<\/style>\n\t<\/section>\n\t\n","protected":false},"excerpt":{"rendered":"","protected":false},"author":1943,"featured_media":0,"parent":0,"menu_order":0,"comment_status":"closed","ping_status":"closed","template":"","meta":{"content-type":"","inline_featured_image":false,"_joinchat":[],"footnotes":""},"class_list":["post-10778","page","type-page","status-publish","hentry"],"_links":{"self":[{"href":"https:\/\/deepdrop.es\/de\/wp-json\/wp\/v2\/pages\/10778","targetHints":{"allow":["GET"]}}],"collection":[{"href":"https:\/\/deepdrop.es\/de\/wp-json\/wp\/v2\/pages"}],"about":[{"href":"https:\/\/deepdrop.es\/de\/wp-json\/wp\/v2\/types\/page"}],"author":[{"embeddable":true,"href":"https:\/\/deepdrop.es\/de\/wp-json\/wp\/v2\/users\/1943"}],"replies":[{"embeddable":true,"href":"https:\/\/deepdrop.es\/de\/wp-json\/wp\/v2\/comments?post=10778"}],"version-history":[{"count":0,"href":"https:\/\/deepdrop.es\/de\/wp-json\/wp\/v2\/pages\/10778\/revisions"}],"wp:attachment":[{"href":"https:\/\/deepdrop.es\/de\/wp-json\/wp\/v2\/media?parent=10778"}],"curies":[{"name":"wp","href":"https:\/\/api.w.org\/{rel}","templated":true}]}}