{"id":10774,"date":"2024-07-09T07:25:29","date_gmt":"2024-07-09T07:25:29","guid":{"rendered":"https:\/\/deepdrop.es\/lokales-bewaesserungssystem\/"},"modified":"2025-01-16T11:52:31","modified_gmt":"2025-01-16T11:52:31","slug":"lokales-bewaesserungssystem","status":"publish","type":"page","link":"https:\/\/deepdrop.es\/de\/lokales-bewaesserungssystem\/","title":{"rendered":"Lokales Bew\u00e4sserungssystem"},"content":{"rendered":"\n\t<section class=\"section dark\" id=\"section_58568366\">\n\t\t<div class=\"section-bg fill\" >\n\t\t\t<img decoding=\"async\" width=\"1600\" height=\"653\" src=\"https:\/\/deepdrop.es\/wp-content\/uploads\/2022\/12\/NARANJO.png\" class=\"bg attachment-original size-original\" alt=\"\" \/>\t\t\t\t\t\t<div class=\"section-bg-overlay absolute fill\"><\/div>\n\t\t\t\n\t<div class=\"is-border\"\n\t\tstyle=\"border-color:rgb(36, 182, 226);border-width:0px 0px 20px 0px;\">\n\t<\/div>\n\n\t\t<\/div>\n\n\t\t\n\n\t\t<div class=\"section-content relative\">\n\t\t\t\n<div class=\"row\"  id=\"row-1839827912\">\n\n\t<div id=\"col-1365589373\" class=\"col medium-7 small-10 large-5\"  >\n\t\t\t\t<div class=\"col-inner\"  >\n\t\t\t\n\t\t\t\n\t<div id=\"text-2608809602\" class=\"text\">\n\t\t\n<h1 class=\"uppercase thin-font\"><span style=\"font-size: 160%;\">Lokales Bew\u00e4sserungssystem<br \/><\/span><\/h1>\n<p><strong>Lokalisierte Bew\u00e4sserungssysteme<\/strong> stellen eine bedeutende Entwicklung im landwirtschaftlichen Bew\u00e4sserungsmanagement dar. Bei richtiger Planung und regelm\u00e4\u00dfiger Wartung k\u00f6nnen diese Systeme au\u00dfergew\u00f6hnliche Vorteile in Bezug auf die Wassereffizienz, die Gesundheit der Pflanzen und die Umweltvertr\u00e4glichkeit bieten. <\/p>\n\t\t\n<style>\n#text-2608809602 {\n  color: rgb(255,255,255);\n}\n#text-2608809602 > * {\n  color: rgb(255,255,255);\n}\n<\/style>\n\t<\/div>\n\t\n\t\t<\/div>\n\t\t\t\t\t<\/div>\n\n\t\n\n<style>\n#row-1839827912 > .col > .col-inner {\n  padding: 0px 0px 0px 20px;\n}\n<\/style>\n<\/div>\n\t\t<\/div>\n\n\t\t\n<style>\n#section_58568366 {\n  padding-top: 30px;\n  padding-bottom: 30px;\n  min-height: 640px;\n  background-color: rgb(36, 182, 226);\n}\n#section_58568366 .section-bg-overlay {\n  background-color: rgba(0, 0, 0, 0.099);\n}\n#section_58568366 .section-bg img {\n  object-position: 42% 71%;\n}\n@media (min-width:550px) {\n  #section_58568366 {\n    min-height: 680px;\n  }\n}\n<\/style>\n\t<\/section>\n\t\n\n\t<section class=\"section\" id=\"section_1807896038\">\n\t\t<div class=\"section-bg fill\" >\n\t\t\t\t\t\t\t\t\t\n\t\t\t\n\n\t\t<\/div>\n\n\t\t\n\n\t\t<div class=\"section-content relative\">\n\t\t\t\n<div class=\"row row-large align-middle\"  id=\"row-1252161817\">\n\n\t<div id=\"col-1927279881\" class=\"col medium-5 small-12 large-5\"  >\n\t\t\t\t<div class=\"col-inner text-center\"  >\n\t\t\t\n\t<div class=\"is-border\"\n\t\tstyle=\"border-color:rgb(122, 156, 89);border-width:2px 2px 2px 2px;\">\n\t<\/div>\n\t\t\t\n\t<div id=\"text-3290654981\" class=\"text\">\n\t\t\n<p>Die <strong>Punktbew\u00e4sserung<\/strong> ist eine Bew\u00e4sserungstechnik, die die moderne Landwirtschaft revolutioniert hat, indem sie das Wasser direkt in die Wurzelzone der Pflanzen bringt. Diese Technik unterscheidet sich von anderen Bew\u00e4sserungsmethoden, indem sie die Wasserverschwendung minimiert und die Bew\u00e4sserungseffizienz maximiert, indem sie sich an die spezifischen Bed\u00fcrfnisse der einzelnen Pflanzen anpasst. <\/p>\n<p><strong>Lokale Bew\u00e4sserungssysteme<\/strong> umfassen verschiedene Modalit\u00e4ten wie Tropfbew\u00e4sserung und Mikro-Sprinklerbew\u00e4sserung, die jeweils darauf ausgelegt sind, den Wasserverbrauch zu optimieren und die Gesundheit der Pflanzen zu verbessern.<\/p>\n\t\t\n<style>\n#text-3290654981 {\n  font-size: 1.2rem;\n  text-align: left;\n}\n<\/style>\n\t<\/div>\n\t\n\t\t<\/div>\n\t\t\t\t\n<style>\n#col-1927279881 > .col-inner {\n  padding: 10% 10% 10% 10%;\n}\n<\/style>\n\t<\/div>\n\n\t\n\n\t<div id=\"col-1712410790\" class=\"col medium-7 small-12 large-7\"  >\n\t\t\t\t<div class=\"col-inner\"  >\n\t\t\t\n\t\t\t\n<h5 class=\"uppercase\">Deepdrop\u00ae-System<\/h5>\n\t<div id=\"text-2604349072\" class=\"text\">\n\t\t\n<h2 class=\"thin-font\"><span style=\"font-size: 120%;\">Was ist \u00f6rtliche Bew\u00e4sserung?<\/p>\n\t\t\n<style>\n#text-2604349072 {\n  color: #24b6e2;\n}\n#text-2604349072 > * {\n  color: #24b6e2;\n}\n<\/style>\n\t<\/div>\n\t\n\t<div id=\"text-4127150461\" class=\"text\">\n\t\t\n<h5 class=\"uppercase\">lokales Bew\u00e4sserungssystem<\/h5>\n\t\t\n<style>\n#text-4127150461 {\n  color: #7a9c59;\n}\n#text-4127150461 > * {\n  color: #7a9c59;\n}\n<\/style>\n\t<\/div>\n\t\n<p>Die <strong>Punktbew\u00e4sserung<\/strong> ist eine Methode, die das Wasser pr\u00e4zise und kontrolliert auf den Bereich ausbringt, in dem sich das Wurzelsystem der Pflanzen befindet. Im Gegensatz zu herk\u00f6mmlichen Oberfl\u00e4chenbew\u00e4sserungsmethoden sorgen <strong>Tropfbew\u00e4sserungssysteme<\/strong> daf\u00fcr, dass das Wasser direkt zu den Wurzeln gelangt, wodurch Verdunstung und Abflussverluste reduziert werden. <\/p>\n<h3>Arten von lokalisierten Bew\u00e4sserungssystemen<\/h3>\n<p>Es gibt verschiedene Arten von <strong>lokalen Bew\u00e4sserungssystemen<\/strong>, jedes mit spezifischen Eigenschaften, die f\u00fcr verschiedene Arten von Pflanzen und Bodenbedingungen geeignet sind:<\/p>\n<ul>\n<li><strong><span  class=\" OP\" onclick=\"ljo_open('https:\/\/deepdrop.es\/sistema-riego\/', '');\">Tr\u00f6pfchenbew\u00e4sserung<\/span>:<\/strong> Hierbei wird das Wasser langsam und kontinuierlich \u00fcber kleine D\u00fcsen direkt an der Basis der Pflanzen ausgebracht.<\/li>\n<li><strong><span  class=\" OP\" onclick=\"ljo_open('https:\/\/deepdrop.es\/sistema-riego-subterraneo\/', '');\">Unterirdische Bew\u00e4sserung<\/span>:<\/strong> \u00c4hnlich wie bei der Tr\u00f6pfchenbew\u00e4sserung, jedoch sind die Tropfer nahe an den Wurzeln vergraben, was die Verdunstungsverluste weiter reduziert.<\/li>\n<\/ul>\n\t\t<\/div>\n\t\t\t\t\n<style>\n#col-1712410790 > .col-inner {\n  padding: 0px 10px 0px 10px;\n}\n@media (min-width:550px) {\n  #col-1712410790 > .col-inner {\n    padding: 0px 20px 0px 20px;\n  }\n}\n<\/style>\n\t<\/div>\n\n\t\n<\/div>\n\t\t<\/div>\n\n\t\t\n<style>\n#section_1807896038 {\n  padding-top: 30px;\n  padding-bottom: 30px;\n}\n<\/style>\n\t<\/section>\n\t\n\n\t<section class=\"section has-parallax\" id=\"section_1464151243\">\n\t\t<div class=\"section-bg fill\" data-parallax-container=\".section\" data-parallax-background data-parallax=\"-10\">\n\t\t\t<img decoding=\"async\" width=\"1600\" height=\"653\" src=\"https:\/\/deepdrop.es\/wp-content\/uploads\/2023\/01\/Tomates-cherry.png\" class=\"bg attachment-original size-original\" alt=\"\" \/>\t\t\t\t\t\t<div class=\"loading-spin centered\"><\/div>\n\t\t\t\n\t<div class=\"is-border\"\n\t\tstyle=\"border-color:rgb(122, 156, 89);border-width:0px 0px 20px 0px;\">\n\t<\/div>\n\n\t\t<\/div>\n\n\t\t\n\n\t\t<div class=\"section-content relative\">\n\t\t\t\n\t\t<\/div>\n\n\t\t\n<style>\n#section_1464151243 {\n  padding-top: 0px;\n  padding-bottom: 0px;\n  min-height: 200px;\n  background-color: rgb(122, 156, 89);\n}\n#section_1464151243 .section-bg img {\n  object-position: 43% 43%;\n}\n@media (min-width:550px) {\n  #section_1464151243 {\n    min-height: 300px;\n  }\n}\n@media (min-width:850px) {\n  #section_1464151243 {\n    min-height: 400px;\n  }\n}\n<\/style>\n\t<\/section>\n\t\n\n\t<section class=\"section\" id=\"section_1405917973\">\n\t\t<div class=\"section-bg fill\" >\n\t\t\t\t\t\t\t\t\t\n\t\t\t\n\n\t\t<\/div>\n\n\t\t\n\n\t\t<div class=\"section-content relative\">\n\t\t\t\n\t<div id=\"gap-2098020850\" class=\"gap-element clearfix\" style=\"display:block; height:auto;\">\n\t\t\n<style>\n#gap-2098020850 {\n  padding-top: 40px;\n}\n@media (min-width:550px) {\n  #gap-2098020850 {\n    padding-top: 30px;\n  }\n}\n<\/style>\n\t<\/div>\n\t\n<div class=\"row align-middle\"  id=\"row-2073157028\">\n\n\t<div id=\"col-542358276\" class=\"col medium-12 small-12 large-6\"  >\n\t\t\t\t<div class=\"col-inner\"  >\n\t\t\t\n\t\t\t\n<h5 class=\"uppercase\">deepdrop\u00ae-System<\/h5>\n\t<div id=\"text-1637746131\" class=\"text\">\n\t\t\n<h2 class=\"thin-font\"><span style=\"font-size: 120%;\">Vorteile der dezentralen Bew\u00e4sserung<\/h2>\n\t\t\n<style>\n#text-1637746131 {\n  text-align: left;\n  color: #24b6e2;\n}\n#text-1637746131 > * {\n  color: #24b6e2;\n}\n<\/style>\n\t<\/div>\n\t\n\t<div id=\"text-2221161587\" class=\"text\">\n\t\t\n<h5 class=\"uppercase\">Engagement f\u00fcr eine nachhaltige Entwicklung<\/h5>\n\t\t\n<style>\n#text-2221161587 {\n  text-align: left;\n  color: #7a9c59;\n}\n#text-2221161587 > * {\n  color: #7a9c59;\n}\n<\/style>\n\t<\/div>\n\t\n\t<div id=\"text-3789974789\" class=\"text\">\n\t\t\n<p>Der Einsatz lokaler Bew\u00e4sserungssysteme bietet sowohl f\u00fcr die Landwirte als auch f\u00fcr die Umwelt zahlreiche Vorteile:<\/p>\n<p>Effiziente Wassernutzung Die lokale Bew\u00e4sserung ist \u00e4u\u00dferst wassersparend, da sie das Wasser direkt dort ausbringt, wo es ben\u00f6tigt wird. Dies reduziert die Verschwendung und erm\u00f6glicht eine bessere Verwaltung der Wasserressourcen. <\/p>\n\t\t\n<style>\n#text-3789974789 {\n  font-size: 1.15rem;\n}\n<\/style>\n\t<\/div>\n\t\n\t\t<\/div>\n\t\t\t\t\n<style>\n#col-542358276 > .col-inner {\n  padding: 0px 20px 0px 20px;\n}\n@media (min-width:550px) {\n  #col-542358276 > .col-inner {\n    padding: 0px 20px 0px 20px;\n  }\n}\n<\/style>\n\t<\/div>\n\n\t\n\n\t<div id=\"col-1080754817\" class=\"col medium-12 small-12 large-6\"  >\n\t\t\t\t<div class=\"col-inner\" style=\"background-color:rgb(255, 255, 255);\" >\n\t\t\t\n\t\t\t\n<div class=\"slider-wrapper relative\" id=\"slider-1453889539\" >\n    <div class=\"slider slider-nav-dots-dashes slider-nav-simple slider-nav-normal slider-nav-dark slider-style-focus slider-show-nav\"\n        data-flickity-options='{\n            \"cellAlign\": \"center\",\n            \"imagesLoaded\": true,\n            \"lazyLoad\": 1,\n            \"freeScroll\": true,\n            \"wrapAround\": true,\n            \"autoPlay\": 3500,\n            \"pauseAutoPlayOnHover\" : false,\n            \"prevNextButtons\": true,\n            \"contain\" : true,\n            \"adaptiveHeight\" : true,\n            \"dragThreshold\" : 10,\n            \"percentPosition\": true,\n            \"pageDots\": true,\n            \"rightToLeft\": false,\n            \"draggable\": true,\n            \"selectedAttraction\": 0.1,\n            \"parallax\" : 0,\n            \"friction\": 0.6        }'\n        >\n        \n\n  <div class=\"banner has-hover\" id=\"banner-1901060534\">\n          <div class=\"banner-inner fill\">\n        <div class=\"banner-bg fill\" >\n                                                \n\t<div class=\"is-border\"\n\t\tstyle=\"border-color:rgb(122, 156, 89);border-width:2px 2px 2px 2px;\">\n\t<\/div>\n                    <\/div>\n\t\t\n        <div class=\"banner-layers container\">\n            <div class=\"fill banner-link\"><\/div>            \n   <div id=\"text-box-1188622185\" class=\"text-box banner-layer x50 md-x50 lg-x50 y50 md-y50 lg-y50 res-text\">\n                                <div class=\"text-box-content text dark\">\n              \n              <div class=\"text-inner text-center\">\n                  \n\t<div id=\"text-280996595\" class=\"text\">\n\t\t\n<h3>Verbesserte Qualit\u00e4t der Ernte<\/h3>\n<p>Durch die Bereitstellung einer konstanten und angemessenen Wassermenge f\u00fcr die Wurzeln verbessern <strong>lokale Bew\u00e4sserungssysteme<\/strong> die Pflanzengesundheit und erh\u00f6hen die Ernteertr\u00e4ge und die Qualit\u00e4t.<\/p>\n<h3>Reduzierung von Krankheiten und Unkraut<\/h3>\n<p>Durch die <strong>\u00f6rtliche Bew\u00e4sserung<\/strong> wird die Feuchtigkeit an der Bodenoberfl\u00e4che minimiert, wodurch die Ausbreitung von Unkraut und Krankheiten, die unter feuchten Bedingungen gedeihen, verringert wird.<\/p>\n<h3>Energieeinsparung<\/h3>\n<p><strong>Lokalisierte Bew\u00e4sserungssysteme<\/strong> ben\u00f6tigen in der Regel weniger Druck und Energie f\u00fcr den Betrieb, was bedeutet, dass weniger Energie f\u00fcr den Betrieb des Systems ben\u00f6tigt wird.<\/p>\n\t\t\n<style>\n#text-280996595 {\n  font-size: 0.95rem;\n  line-height: 1.35;\n  text-align: left;\n  color: rgb(103, 103, 103);\n}\n#text-280996595 > * {\n  color: rgb(103, 103, 103);\n}\n@media (min-width:550px) {\n  #text-280996595 {\n    font-size: 1rem;\n    text-align: left;\n  }\n}\n<\/style>\n\t<\/div>\n\t\n              <\/div>\n           <\/div>\n                            \n<style>\n#text-box-1188622185 {\n  width: 86%;\n}\n#text-box-1188622185 .text-box-content {\n  font-size: 100%;\n}\n@media (min-width:550px) {\n  #text-box-1188622185 {\n    width: 82%;\n  }\n}\n<\/style>\n    <\/div>\n \n        <\/div>\n      <\/div>\n\n            \n<style>\n#banner-1901060534 {\n  padding-top: 450px;\n  background-color: rgba(255, 255, 255, 0);\n}\n@media (min-width:550px) {\n  #banner-1901060534 {\n    padding-top: 300px;\n  }\n}\n@media (min-width:850px) {\n  #banner-1901060534 {\n    padding-top: 400px;\n  }\n}\n<\/style>\n  <\/div>\n\n\n\n  <div class=\"banner has-hover\" id=\"banner-1753609624\">\n          <div class=\"banner-inner fill\">\n        <div class=\"banner-bg fill\" >\n                                                \n\t<div class=\"is-border\"\n\t\tstyle=\"border-color:rgb(122, 156, 89);border-width:2px 2px 2px 2px;\">\n\t<\/div>\n                    <\/div>\n\t\t\n        <div class=\"banner-layers container\">\n            <div class=\"fill banner-link\"><\/div>            \n   <div id=\"text-box-624609618\" class=\"text-box banner-layer x50 md-x50 lg-x50 y50 md-y50 lg-y50 res-text\">\n                                <div class=\"text-box-content text dark\">\n              \n              <div class=\"text-inner text-center\">\n                  \n\t<div id=\"text-1025004630\" class=\"text\">\n\t\t\n<ul class=\"ul1\">\n<li class=\"li1\" style=\"text-align: justify;\"><span class=\"s2\" style=\"font-size: 120%;\">Ma\u00dfnahmen zur Bek\u00e4mpfung der W\u00fcstenbildung in den trockensten Gebieten des Landes.<\/span><\/li>\n<li class=\"li1\" style=\"text-align: justify;\"><span class=\"s2\" style=\"font-size: 120%;\">Erhaltung der Artenvielfalt von Flora und Fauna und der Landschaft von bew\u00e4sserten \u00d6kosystemen.<\/span><\/li>\n<li class=\"li1\" style=\"text-align: justify;\"><span style=\"font-size: 120%;\"><span class=\"s2\">Einhaltung der Umweltschutzbestimmungen der spanischen und europ\u00e4ischen Gesetzgebung.<\/span> <span class=\"s2\">Spanische und europ\u00e4ische Gesetzgebung.<\/span><\/span><\/li>\n<\/ul>\n\t\t\n<style>\n#text-1025004630 {\n  font-size: 0.95rem;\n  line-height: 1.35;\n  text-align: left;\n  color: rgb(103, 103, 103);\n}\n#text-1025004630 > * {\n  color: rgb(103, 103, 103);\n}\n@media (min-width:550px) {\n  #text-1025004630 {\n    font-size: 1rem;\n  }\n}\n<\/style>\n\t<\/div>\n\t\n              <\/div>\n           <\/div>\n                            \n<style>\n#text-box-624609618 .text-inner {\n  padding: 20px 0px 20px 0px;\n}\n#text-box-624609618 {\n  width: 85%;\n}\n#text-box-624609618 .text-box-content {\n  font-size: 100%;\n}\n@media (min-width:550px) {\n  #text-box-624609618 {\n    width: 73%;\n  }\n}\n<\/style>\n    <\/div>\n \n        <\/div>\n      <\/div>\n\n            \n<style>\n#banner-1753609624 {\n  padding-top: 350px;\n  background-color: rgba(255, 255, 255, 0);\n}\n@media (min-width:550px) {\n  #banner-1753609624 {\n    padding-top: 250px;\n  }\n}\n@media (min-width:850px) {\n  #banner-1753609624 {\n    padding-top: 400px;\n  }\n}\n<\/style>\n  <\/div>\n\n\n     <\/div>\n\n     <div class=\"loading-spin dark large centered\"><\/div>\n\n\t<\/div>\n\n\n\t\t<\/div>\n\t\t\t\t\t<\/div>\n\n\t\n<\/div>\n\t<div id=\"gap-683162653\" class=\"gap-element clearfix\" style=\"display:block; height:auto;\">\n\t\t\n<style>\n#gap-683162653 {\n  padding-top: 30px;\n}\n<\/style>\n\t<\/div>\n\t\n\t\t<\/div>\n\n\t\t\n<style>\n#section_1405917973 {\n  padding-top: 0px;\n  padding-bottom: 0px;\n}\n<\/style>\n\t<\/section>\n\t\n\n\t<section class=\"section has-parallax\" id=\"section_1924649450\">\n\t\t<div class=\"section-bg fill\" data-parallax-container=\".section\" data-parallax-background data-parallax=\"-10\">\n\t\t\t<img decoding=\"async\" width=\"1600\" height=\"653\" src=\"https:\/\/deepdrop.es\/wp-content\/uploads\/2023\/01\/Campo-oilvos.png\" class=\"bg attachment-original size-original\" alt=\"\" \/>\t\t\t\t\t\t<div class=\"loading-spin centered\"><\/div>\n\t\t\t\n\t<div class=\"is-border\"\n\t\tstyle=\"border-color:rgb(36, 182, 226);border-width:0px 0px 20px 0px;\">\n\t<\/div>\n\n\t\t<\/div>\n\n\t\t\n\n\t\t<div class=\"section-content relative\">\n\t\t\t\n\t\t<\/div>\n\n\t\t\n<style>\n#section_1924649450 {\n  padding-top: 0px;\n  padding-bottom: 0px;\n  min-height: 200px;\n  background-color: #24b6e2;\n}\n#section_1924649450 .section-bg img {\n  object-position: 55% 61%;\n}\n@media (min-width:550px) {\n  #section_1924649450 {\n    min-height: 300px;\n  }\n}\n@media (min-width:850px) {\n  #section_1924649450 {\n    min-height: 400px;\n  }\n}\n<\/style>\n\t<\/section>\n\t\n\n\t<section class=\"section\" id=\"section_10620560\">\n\t\t<div class=\"section-bg fill\" >\n\t\t\t\t\t\t\t\t\t\n\t\t\t\n\n\t\t<\/div>\n\n\t\t\n\n\t\t<div class=\"section-content relative\">\n\t\t\t\n\t<div id=\"gap-309658736\" class=\"gap-element clearfix\" style=\"display:block; height:auto;\">\n\t\t\n<style>\n#gap-309658736 {\n  padding-top: 30px;\n}\n<\/style>\n\t<\/div>\n\t\n<div class=\"row align-middle\"  id=\"row-1261275658\">\n\n\t<div id=\"col-247125283\" class=\"col medium-12 small-12 large-12\"  data-animate=\"fadeInRight\">\n\t\t\t\t<div class=\"col-inner text-left\"  >\n\t\t\t\n\t<div class=\"is-border\"\n\t\tstyle=\"border-color:rgb(122, 156, 89);border-width:2px 2px 2px 2px;\">\n\t<\/div>\n\t\t\t\n\t<div id=\"text-3806580955\" class=\"text\">\n\t\t\n<h5 class=\"uppercase\">DEEPDROP\u00ae-SYSTEM<\/h5>\n<\/p>\n\t\t\n<style>\n#text-3806580955 {\n  text-align: left;\n}\n<\/style>\n\t<\/div>\n\t\n\t<div id=\"text-1375160305\" class=\"text\">\n\t\t\n<h3>Implementierung lokaler Bew\u00e4sserungssysteme<\/h3>\n<\/p>\n\t\t\n<style>\n#text-1375160305 {\n  font-size: 1.35rem;\n  color: #24b6e2;\n}\n#text-1375160305 > * {\n  color: #24b6e2;\n}\n<\/style>\n\t<\/div>\n\t\n\t<div id=\"text-3930998352\" class=\"text\">\n\t\t\n<h5 class=\"uppercase\">Engagement f\u00fcr die Umwelt<\/h5>\n\t\t\n<style>\n#text-3930998352 {\n  text-align: left;\n  color: #7a9c59;\n}\n#text-3930998352 > * {\n  color: #7a9c59;\n}\n<\/style>\n\t<\/div>\n\t\n\t<div id=\"text-4167954380\" class=\"text\">\n\t\t\n<p>Bevor Sie ein <strong>lokales Bew\u00e4sserungssystem<\/strong> installieren, m\u00fcssen Sie unbedingt die Eigenschaften des Bodens und die spezifischen Bed\u00fcrfnisse der Pflanzen beurteilen. Dazu geh\u00f6rt eine Analyse der Bodentextur und -struktur, der Topographie und des Wasserbedarfs der Pflanzen. <\/p>\n<h3>Systementwurf<\/h3>\n<p>Die Gestaltung des <strong>lokalen Bew\u00e4sserungssystems<\/strong> muss an die Bodenbedingungen und die Art der Kultur angepasst werden. Dazu geh\u00f6ren die Auswahl der geeigneten Regner, die Anordnung der Bew\u00e4sserungsleitungen und die Konfiguration des Steuerungssystems. <\/p>\n<h3>Installation und Wartung<\/h3>\n<p>Sobald das System entworfen wurde, muss die Installation pr\u00e4zise durchgef\u00fchrt werden, um einen optimalen Betrieb zu gew\u00e4hrleisten. Eine regelm\u00e4\u00dfige Wartung, einschlie\u00dflich der Reinigung der Spr\u00fchd\u00fcsen und der \u00dcberpr\u00fcfung des Steuersystems, ist entscheidend f\u00fcr die Effizienz der <strong>lokalen Bew\u00e4sserung<\/strong>. <\/p>\n\t\t\n<style>\n#text-4167954380 {\n  font-size: 1.35rem;\n}\n<\/style>\n\t<\/div>\n\t\n\t\t<\/div>\n\t\t\t\t\n<style>\n#col-247125283 > .col-inner {\n  padding: 7% 8% 5% 8%;\n  margin: 0 0px 0px 0px;\n}\n@media (min-width:550px) {\n  #col-247125283 > .col-inner {\n    padding: 5% 5% 5% 5%;\n    margin: -50px 0 0px 0px;\n  }\n}\n@media (min-width:850px) {\n  #col-247125283 > .col-inner {\n    padding: 5% 5% 5% 5%;\n  }\n}\n<\/style>\n\t<\/div>\n\n\t\n<\/div>\n\t\t<\/div>\n\n\t\t\n<style>\n#section_10620560 {\n  padding-top: 30px;\n  padding-bottom: 30px;\n}\n@media (min-width:550px) {\n  #section_10620560 {\n    padding-top: 50px;\n    padding-bottom: 50px;\n  }\n}\n<\/style>\n\t<\/section>\n\t\n","protected":false},"excerpt":{"rendered":"","protected":false},"author":1943,"featured_media":0,"parent":0,"menu_order":0,"comment_status":"closed","ping_status":"closed","template":"","meta":{"content-type":"","inline_featured_image":false,"_joinchat":[],"footnotes":""},"class_list":["post-10774","page","type-page","status-publish","hentry"],"_links":{"self":[{"href":"https:\/\/deepdrop.es\/de\/wp-json\/wp\/v2\/pages\/10774","targetHints":{"allow":["GET"]}}],"collection":[{"href":"https:\/\/deepdrop.es\/de\/wp-json\/wp\/v2\/pages"}],"about":[{"href":"https:\/\/deepdrop.es\/de\/wp-json\/wp\/v2\/types\/page"}],"author":[{"embeddable":true,"href":"https:\/\/deepdrop.es\/de\/wp-json\/wp\/v2\/users\/1943"}],"replies":[{"embeddable":true,"href":"https:\/\/deepdrop.es\/de\/wp-json\/wp\/v2\/comments?post=10774"}],"version-history":[{"count":0,"href":"https:\/\/deepdrop.es\/de\/wp-json\/wp\/v2\/pages\/10774\/revisions"}],"wp:attachment":[{"href":"https:\/\/deepdrop.es\/de\/wp-json\/wp\/v2\/media?parent=10774"}],"curies":[{"name":"wp","href":"https:\/\/api.w.org\/{rel}","templated":true}]}}