{"id":10766,"date":"2024-07-09T08:33:08","date_gmt":"2024-07-09T08:33:08","guid":{"rendered":"https:\/\/deepdrop.es\/selbstkompensierendes-bewaesserungssystem\/"},"modified":"2025-01-16T11:48:07","modified_gmt":"2025-01-16T11:48:07","slug":"selbstkompensierendes-bewaesserungssystem","status":"publish","type":"page","link":"https:\/\/deepdrop.es\/de\/selbstkompensierendes-bewaesserungssystem\/","title":{"rendered":"Selbstkompensierendes Bew\u00e4sserungssystem"},"content":{"rendered":"\n\t<section class=\"section dark\" id=\"section_452040182\">\n\t\t<div class=\"section-bg fill\" >\n\t\t\t<img decoding=\"async\" width=\"1600\" height=\"653\" src=\"https:\/\/deepdrop.es\/wp-content\/uploads\/2022\/12\/NARANJO.png\" class=\"bg attachment-original size-original\" alt=\"\" \/>\t\t\t\t\t\t<div class=\"section-bg-overlay absolute fill\"><\/div>\n\t\t\t\n\t<div class=\"is-border\"\n\t\tstyle=\"border-color:rgb(36, 182, 226);border-width:0px 0px 20px 0px;\">\n\t<\/div>\n\n\t\t<\/div>\n\n\t\t\n\n\t\t<div class=\"section-content relative\">\n\t\t\t\n<div class=\"row\"  id=\"row-1075127296\">\n\n\t<div id=\"col-1652396546\" class=\"col medium-7 small-10 large-5\"  >\n\t\t\t\t<div class=\"col-inner\"  >\n\t\t\t\n\t\t\t\n\t<div id=\"text-409074791\" class=\"text\">\n\t\t\n<h1 class=\"uppercase thin-font\"><span style=\"font-size: 160%;\">Infiltrationsanlage<\/span><\/h1>\n<p><span style=\"font-size: 150%;\">Die <strong>selbstkompensierende Tr\u00f6pfchenbew\u00e4sserung<\/strong> ist eine fortschrittliche L\u00f6sung, die die Effizienz und Nachhaltigkeit der landwirtschaftlichen Bew\u00e4sserung verbessert. Durch eine genaue und gleichm\u00e4\u00dfige Wasserverteilung tr\u00e4gt dieses System zur Gesundheit und Produktivit\u00e4t der Pflanzen bei und reduziert gleichzeitig die Verschwendung von Wasserressourcen. <br \/><\/span><\/p>\n\t\t\n<style>\n#text-409074791 {\n  color: rgb(255,255,255);\n}\n#text-409074791 > * {\n  color: rgb(255,255,255);\n}\n<\/style>\n\t<\/div>\n\t\n\t\t<\/div>\n\t\t\t\t\t<\/div>\n\n\t\n\n<style>\n#row-1075127296 > .col > .col-inner {\n  padding: 0px 0px 0px 20px;\n}\n<\/style>\n<\/div>\n\t\t<\/div>\n\n\t\t\n<style>\n#section_452040182 {\n  padding-top: 30px;\n  padding-bottom: 30px;\n  min-height: 640px;\n  background-color: rgb(36, 182, 226);\n}\n#section_452040182 .section-bg-overlay {\n  background-color: rgba(0, 0, 0, 0.099);\n}\n#section_452040182 .section-bg img {\n  object-position: 42% 71%;\n}\n@media (min-width:550px) {\n  #section_452040182 {\n    min-height: 680px;\n  }\n}\n<\/style>\n\t<\/section>\n\t\n\n\t<section class=\"section\" id=\"section_1886904028\">\n\t\t<div class=\"section-bg fill\" >\n\t\t\t\t\t\t\t\t\t\n\t\t\t\n\n\t\t<\/div>\n\n\t\t\n\n\t\t<div class=\"section-content relative\">\n\t\t\t\n<div class=\"row row-large align-middle\"  id=\"row-1833643047\">\n\n\t<div id=\"col-100882559\" class=\"col medium-5 small-12 large-5\"  >\n\t\t\t\t<div class=\"col-inner text-center\"  >\n\t\t\t\n\t<div class=\"is-border\"\n\t\tstyle=\"border-color:rgb(122, 156, 89);border-width:2px 2px 2px 2px;\">\n\t<\/div>\n\t\t\t\n\t<div id=\"text-1393922536\" class=\"text\">\n\t\t\n<p>Dank ihrer Anpassungsf\u00e4higkeit an verschiedene topografische und klimatische Bedingungen ist die <strong>selbstkompensierende Tropfbew\u00e4sserung<\/strong> zu einer bevorzugten Wahl f\u00fcr Landwirte auf der ganzen Welt geworden.<\/p>\n\t\t\n<style>\n#text-1393922536 {\n  font-size: 1.45rem;\n  text-align: left;\n}\n<\/style>\n\t<\/div>\n\t\n\t\t<\/div>\n\t\t\t\t\n<style>\n#col-100882559 > .col-inner {\n  padding: 10% 10% 10% 10%;\n}\n<\/style>\n\t<\/div>\n\n\t\n\n\t<div id=\"col-8379485\" class=\"col medium-7 small-12 large-7\"  >\n\t\t\t\t<div class=\"col-inner\"  >\n\t\t\t\n\t\t\t\n<h5 class=\"uppercase\">Deepdrop\u00ae-System<\/h5>\n\t<div id=\"text-2754612027\" class=\"text\">\n\t\t\n<h2 class=\"thin-font\"><span style=\"font-size: 120%;\">Wie funktioniert die selbstkompensierende Tropfbew\u00e4sserung?<\/h2>\n\t\t\n<style>\n#text-2754612027 {\n  color: #24b6e2;\n}\n#text-2754612027 > * {\n  color: #24b6e2;\n}\n<\/style>\n\t<\/div>\n\t\n\t<div id=\"text-2466334342\" class=\"text\">\n\t\t\n<h5 class=\"uppercase\">Selbstkompensierendes Bew\u00e4sserungssystem<\/h5>\n\t\t\n<style>\n#text-2466334342 {\n  color: #7a9c59;\n}\n#text-2466334342 > * {\n  color: #7a9c59;\n}\n<\/style>\n\t<\/div>\n\t\n\t<div id=\"text-1619992984\" class=\"text\">\n\t\t\n<p>Die <strong>selbstkompensierende Tr\u00f6pfchenbew\u00e4sserung<\/strong> ist ein<span  class=\" OP\" onclick=\"ljo_open('https:\/\/deepdrop.es\/sistema-riego-por-goteo\/', '');\"><strong> Tropfbew\u00e4sserungssystem<\/strong><\/span> verwendet spezielle Emitter, die die abgegebene Wassermenge automatisch an Ver\u00e4nderungen des Systemdrucks anpassen. Diese automatische Anpassung wird durch eine flexible Membran im Inneren jedes Emitters erm\u00f6glicht, die den Durchfluss reguliert, um eine konstante Durchflussrate zu gew\u00e4hrleisten. <\/p>\n\t\t\n<style>\n#text-1619992984 {\n  font-size: 1.4rem;\n}\n<\/style>\n\t<\/div>\n\t\n\t\t<\/div>\n\t\t\t\t\n<style>\n#col-8379485 > .col-inner {\n  padding: 0px 10px 0px 10px;\n}\n@media (min-width:550px) {\n  #col-8379485 > .col-inner {\n    padding: 0px 20px 0px 20px;\n  }\n}\n<\/style>\n\t<\/div>\n\n\t\n<\/div>\n\t\t<\/div>\n\n\t\t\n<style>\n#section_1886904028 {\n  padding-top: 30px;\n  padding-bottom: 30px;\n}\n<\/style>\n\t<\/section>\n\t\n\n\t<section class=\"section has-parallax\" id=\"section_813769035\">\n\t\t<div class=\"section-bg fill\" data-parallax-container=\".section\" data-parallax-background data-parallax=\"-10\">\n\t\t\t<img decoding=\"async\" width=\"1600\" height=\"653\" src=\"https:\/\/deepdrop.es\/wp-content\/uploads\/2023\/01\/Tomates-cherry.png\" class=\"bg attachment-original size-original\" alt=\"\" \/>\t\t\t\t\t\t<div class=\"loading-spin centered\"><\/div>\n\t\t\t\n\t<div class=\"is-border\"\n\t\tstyle=\"border-color:rgb(122, 156, 89);border-width:0px 0px 20px 0px;\">\n\t<\/div>\n\n\t\t<\/div>\n\n\t\t\n\n\t\t<div class=\"section-content relative\">\n\t\t\t\n\t\t<\/div>\n\n\t\t\n<style>\n#section_813769035 {\n  padding-top: 0px;\n  padding-bottom: 0px;\n  min-height: 200px;\n  background-color: rgb(122, 156, 89);\n}\n#section_813769035 .section-bg img {\n  object-position: 43% 43%;\n}\n@media (min-width:550px) {\n  #section_813769035 {\n    min-height: 300px;\n  }\n}\n@media (min-width:850px) {\n  #section_813769035 {\n    min-height: 400px;\n  }\n}\n<\/style>\n\t<\/section>\n\t\n\n\t<section class=\"section\" id=\"section_1023881140\">\n\t\t<div class=\"section-bg fill\" >\n\t\t\t\t\t\t\t\t\t\n\t\t\t\n\n\t\t<\/div>\n\n\t\t\n\n\t\t<div class=\"section-content relative\">\n\t\t\t\n\t<div id=\"gap-985790226\" class=\"gap-element clearfix\" style=\"display:block; height:auto;\">\n\t\t\n<style>\n#gap-985790226 {\n  padding-top: 40px;\n}\n@media (min-width:550px) {\n  #gap-985790226 {\n    padding-top: 30px;\n  }\n}\n<\/style>\n\t<\/div>\n\t\n<div class=\"row align-middle\"  id=\"row-859947145\">\n\n\t<div id=\"col-66416107\" class=\"col medium-12 small-12 large-6\"  >\n\t\t\t\t<div class=\"col-inner\"  >\n\t\t\t\n\t\t\t\n<h5 class=\"uppercase\">deepdrop\u00ae-System<\/h5>\n\t<div id=\"text-3191381941\" class=\"text\">\n\t\t\n<h2>Vorteile der selbstkompensierenden Tropfbew\u00e4sserung<\/h2>\n\t\t\n<style>\n#text-3191381941 {\n  text-align: left;\n  color: #24b6e2;\n}\n#text-3191381941 > * {\n  color: #24b6e2;\n}\n<\/style>\n\t<\/div>\n\t\n\t<div id=\"text-3945940256\" class=\"text\">\n\t\t\n<h5 class=\"uppercase\">Engagement f\u00fcr eine nachhaltige Entwicklung<\/h5>\n\t\t\n<style>\n#text-3945940256 {\n  text-align: left;\n  color: #7a9c59;\n}\n#text-3945940256 > * {\n  color: #7a9c59;\n}\n<\/style>\n\t<\/div>\n\t\n<p>Die <strong>selbstkompensierende Tr\u00f6pfchenbew\u00e4sserung<\/strong> bietet eine Reihe von herausragenden Vorteilen, die sie f\u00fcr eine Vielzahl von landwirtschaftlichen Anwendungen ideal machen:<\/p>\n<h3>Konsistenz bei der Wasserverteilung<\/h3>\n<p>Einer der gr\u00f6\u00dften Vorteile dieser Art der Bew\u00e4sserung <span  class=\" OP\" onclick=\"ljo_open('https:\/\/deepdrop.es\/sistema-riego-por-goteo\/', '');\"><strong>Tr\u00f6pfchenbew\u00e4sserung<\/strong> <\/span>ist die F\u00e4higkeit, alle Pflanzen gleichm\u00e4\u00dfig mit Wasser zu versorgen, unabh\u00e4ngig von ihrem Standort oder den Druckschwankungen innerhalb des Systems. Dies gew\u00e4hrleistet ein gleichm\u00e4\u00dfiges und gesundes Pflanzenwachstum. <\/p>\n<h3>Optimierung des Wasserverbrauchs<\/h3>\n<p>Dieses System minimiert die Wasserverschwendung, indem es sicherstellt, dass jede Pflanze nur die Menge an Wasser erh\u00e4lt, die sie ben\u00f6tigt. Die Effizienz der <strong>selbstkompensierenden Tropfbew\u00e4sserung<\/strong> f\u00fchrt zu einer nachhaltigeren und sparsameren Nutzung der Wasserressourcen. <\/p>\n<h3>Anpassungsf\u00e4higkeit an herausforderndes Terrain<\/h3>\n<p>Die <strong>selbstkompensierende Tropfbew\u00e4sserung<\/strong> ist besonders n\u00fctzlich auf Fl\u00e4chen mit erheblichen topografischen Schwankungen, da sie eine gleichm\u00e4\u00dfige Bew\u00e4sserung des gesamten Feldes gew\u00e4hrleistet und sich an H\u00f6hen- und Neigungsunterschiede anpasst.<\/p>\n<h3>Senkung der Betriebskosten<\/h3>\n<p>Die selbstkompensierende Technologie reduziert den Bedarf an st\u00e4ndigen Anpassungen und Wartungsarbeiten, wodurch die Betriebskosten sinken und die Landwirte Zeit sparen.<\/p>\n\t\t<\/div>\n\t\t\t\t\n<style>\n#col-66416107 > .col-inner {\n  padding: 0px 20px 0px 20px;\n}\n@media (min-width:550px) {\n  #col-66416107 > .col-inner {\n    padding: 0px 20px 0px 20px;\n  }\n}\n<\/style>\n\t<\/div>\n\n\t\n\n\t<div id=\"col-719652287\" class=\"col medium-12 small-12 large-6\"  >\n\t\t\t\t<div class=\"col-inner\" style=\"background-color:rgb(255, 255, 255);\" >\n\t\t\t\n\t\t\t\n<div class=\"slider-wrapper relative\" id=\"slider-1799505671\" >\n    <div class=\"slider slider-nav-dots-dashes slider-nav-simple slider-nav-normal slider-nav-dark slider-style-focus slider-show-nav\"\n        data-flickity-options='{\n            \"cellAlign\": \"center\",\n            \"imagesLoaded\": true,\n            \"lazyLoad\": 1,\n            \"freeScroll\": true,\n            \"wrapAround\": true,\n            \"autoPlay\": 3500,\n            \"pauseAutoPlayOnHover\" : false,\n            \"prevNextButtons\": true,\n            \"contain\" : true,\n            \"adaptiveHeight\" : true,\n            \"dragThreshold\" : 10,\n            \"percentPosition\": true,\n            \"pageDots\": true,\n            \"rightToLeft\": false,\n            \"draggable\": true,\n            \"selectedAttraction\": 0.1,\n            \"parallax\" : 0,\n            \"friction\": 0.6        }'\n        >\n        \n     <\/div>\n\n     <div class=\"loading-spin dark large centered\"><\/div>\n\n\t<\/div>\n\n\n\t\t<\/div>\n\t\t\t\t\t<\/div>\n\n\t\n<\/div>\n\t<div id=\"gap-350084593\" class=\"gap-element clearfix\" style=\"display:block; height:auto;\">\n\t\t\n<style>\n#gap-350084593 {\n  padding-top: 30px;\n}\n<\/style>\n\t<\/div>\n\t\n\t\t<\/div>\n\n\t\t\n<style>\n#section_1023881140 {\n  padding-top: 0px;\n  padding-bottom: 0px;\n}\n<\/style>\n\t<\/section>\n\t\n\n\t<section class=\"section has-parallax\" id=\"section_1410962068\">\n\t\t<div class=\"section-bg fill\" data-parallax-container=\".section\" data-parallax-background data-parallax=\"-10\">\n\t\t\t<img decoding=\"async\" width=\"1600\" height=\"653\" src=\"https:\/\/deepdrop.es\/wp-content\/uploads\/2023\/01\/Campo-oilvos.png\" class=\"bg attachment-original size-original\" alt=\"\" \/>\t\t\t\t\t\t<div class=\"loading-spin centered\"><\/div>\n\t\t\t\n\t<div class=\"is-border\"\n\t\tstyle=\"border-color:rgb(36, 182, 226);border-width:0px 0px 20px 0px;\">\n\t<\/div>\n\n\t\t<\/div>\n\n\t\t\n\n\t\t<div class=\"section-content relative\">\n\t\t\t\n\t\t<\/div>\n\n\t\t\n<style>\n#section_1410962068 {\n  padding-top: 0px;\n  padding-bottom: 0px;\n  min-height: 200px;\n  background-color: #24b6e2;\n}\n#section_1410962068 .section-bg img {\n  object-position: 55% 61%;\n}\n@media (min-width:550px) {\n  #section_1410962068 {\n    min-height: 300px;\n  }\n}\n@media (min-width:850px) {\n  #section_1410962068 {\n    min-height: 400px;\n  }\n}\n<\/style>\n\t<\/section>\n\t\n\n\t<section class=\"section\" id=\"section_1031612540\">\n\t\t<div class=\"section-bg fill\" >\n\t\t\t\t\t\t\t\t\t\n\t\t\t\n\n\t\t<\/div>\n\n\t\t\n\n\t\t<div class=\"section-content relative\">\n\t\t\t\n\t<div id=\"gap-711042555\" class=\"gap-element clearfix\" style=\"display:block; height:auto;\">\n\t\t\n<style>\n#gap-711042555 {\n  padding-top: 30px;\n}\n<\/style>\n\t<\/div>\n\t\n<div class=\"row align-middle\"  id=\"row-594390569\">\n\n\t<div id=\"col-291936535\" class=\"col medium-12 small-12 large-12\"  data-animate=\"fadeInRight\">\n\t\t\t\t<div class=\"col-inner text-left\"  >\n\t\t\t\n\t<div class=\"is-border\"\n\t\tstyle=\"border-color:rgb(122, 156, 89);border-width:2px 2px 2px 2px;\">\n\t<\/div>\n\t\t\t\n\t<div id=\"text-2691995365\" class=\"text\">\n\t\t\n<h5 class=\"uppercase\">DEEPDROP\u00ae-SYSTEM<\/h5>\n<\/p>\n\t\t\n<style>\n#text-2691995365 {\n  text-align: left;\n}\n<\/style>\n\t<\/div>\n\t\n\t<div id=\"text-3772019444\" class=\"text\">\n\t\t\n<h3>Implementierung der selbstkompensierenden Tropfbew\u00e4sserung\/h3&gt;<\/p>\n\t\t\n<style>\n#text-3772019444 {\n  font-size: 1.35rem;\n  color: #24b6e2;\n}\n#text-3772019444 > * {\n  color: #24b6e2;\n}\n<\/style>\n\t<\/div>\n\t\n\t<div id=\"text-116531899\" class=\"text\">\n\t\t\n<h5 class=\"uppercase\">Engagement f\u00fcr die Umwelt<\/h5>\n\t\t\n<style>\n#text-116531899 {\n  text-align: left;\n  color: #7a9c59;\n}\n#text-116531899 > * {\n  color: #7a9c59;\n}\n<\/style>\n\t<\/div>\n\t\n\t<div id=\"text-3535446155\" class=\"text\">\n\t\t\n<p>Um ein <strong>selbstkompensierendes Tropfbew\u00e4sserungssystem<\/strong> effektiv zu implementieren, m\u00fcssen mehrere entscheidende Schritte befolgt werden:<\/p>\n<h3>Bodenanalyse und Anforderungen an die Pflanzen<\/h3>\n<p>Vor der Installation muss eine detaillierte Analyse des Bodens und der spezifischen Bed\u00fcrfnisse der Pflanzen durchgef\u00fchrt werden. Dazu geh\u00f6rt die Untersuchung der Bodentextur und -struktur sowie der Topographie und des Wasserbedarfs der Pflanzen. <\/p>\n<h3>Systementwurf<\/h3>\n<p>Bei der Planung der <strong>selbstkompensierenden Tropfbew\u00e4sserung<\/strong> m\u00fcssen die Eigenschaften des Bodens und die Art der Kultur ber\u00fccksichtigt werden. Es werden geeignete Tropfer ausgew\u00e4hlt und die Anordnung der Bew\u00e4sserungsleitungen sowie die Konfiguration des Steuersystems geplant. <\/p>\n<h3>Installation und Wartung<\/h3>\n<p>Die genaue Installation ist entscheidend f\u00fcr den optimalen Betrieb des Systems. Dar\u00fcber hinaus ist eine regelm\u00e4\u00dfige Wartung, einschlie\u00dflich Filterreinigung und \u00dcberpr\u00fcfung der Tropfer, unerl\u00e4sslich, um die dauerhafte Effizienz der <strong>selbstkompensierenden Tropfbew\u00e4sserung<\/strong> zu gew\u00e4hrleisten. <\/p>\n\t\t\n<style>\n#text-3535446155 {\n  font-size: 1.35rem;\n}\n<\/style>\n\t<\/div>\n\t\n\t\t<\/div>\n\t\t\t\t\n<style>\n#col-291936535 > .col-inner {\n  padding: 7% 8% 5% 8%;\n  margin: 0 0px 0px 0px;\n}\n@media (min-width:550px) {\n  #col-291936535 > .col-inner {\n    padding: 5% 5% 5% 5%;\n    margin: -50px 0 0px 0px;\n  }\n}\n@media (min-width:850px) {\n  #col-291936535 > .col-inner {\n    padding: 5% 5% 5% 5%;\n  }\n}\n<\/style>\n\t<\/div>\n\n\t\n<\/div>\n\t\t<\/div>\n\n\t\t\n<style>\n#section_1031612540 {\n  padding-top: 30px;\n  padding-bottom: 30px;\n}\n@media (min-width:550px) {\n  #section_1031612540 {\n    padding-top: 50px;\n    padding-bottom: 50px;\n  }\n}\n<\/style>\n\t<\/section>\n\t\n","protected":false},"excerpt":{"rendered":"","protected":false},"author":1943,"featured_media":0,"parent":0,"menu_order":0,"comment_status":"closed","ping_status":"closed","template":"","meta":{"content-type":"","inline_featured_image":false,"_joinchat":[],"footnotes":""},"class_list":["post-10766","page","type-page","status-publish","hentry"],"_links":{"self":[{"href":"https:\/\/deepdrop.es\/de\/wp-json\/wp\/v2\/pages\/10766","targetHints":{"allow":["GET"]}}],"collection":[{"href":"https:\/\/deepdrop.es\/de\/wp-json\/wp\/v2\/pages"}],"about":[{"href":"https:\/\/deepdrop.es\/de\/wp-json\/wp\/v2\/types\/page"}],"author":[{"embeddable":true,"href":"https:\/\/deepdrop.es\/de\/wp-json\/wp\/v2\/users\/1943"}],"replies":[{"embeddable":true,"href":"https:\/\/deepdrop.es\/de\/wp-json\/wp\/v2\/comments?post=10766"}],"version-history":[{"count":0,"href":"https:\/\/deepdrop.es\/de\/wp-json\/wp\/v2\/pages\/10766\/revisions"}],"wp:attachment":[{"href":"https:\/\/deepdrop.es\/de\/wp-json\/wp\/v2\/media?parent=10766"}],"curies":[{"name":"wp","href":"https:\/\/api.w.org\/{rel}","templated":true}]}}